{"id":2263,"date":"2024-06-18T16:50:55","date_gmt":"2024-06-18T16:50:55","guid":{"rendered":"https:\/\/kleinbahn-deinste.de\/stage-kleinbahn-\/?page_id=2263"},"modified":"2025-03-07T13:13:24","modified_gmt":"2025-03-07T12:13:24","slug":"restauration-schoema-chl20-g","status":"publish","type":"page","link":"https:\/\/kleinbahn-deinste.de\/en\/restauration-schoema-chl20-g\/","title":{"rendered":"Restauration of Sch\u00f6ma CHL20-G"},"content":{"rendered":"<h1 class=\"wp-block-heading has-text-align-center has-black-color has-text-color has-background has-link-color eplus-wrapper wp-elements-46982dcb70c06a489ceaddc3d733e4ef eplus-styles-uid-f07884\" style=\"background-color:#009933\">Restauration der Sch\u00f6ma CHL-20G, Lok V38, im Jahr 2022<\/h1>\n\n\n<p style=\"font-size:17px\" class=\"eplus-wrapper\">Die Lok war in einem guten technischen, der Aufbau in einem schlechten Zustand, gr\u00f6\u00dfere Rostsch\u00e4den waren mit Blechen verdeckt.<br><br>Folgen Arbeiten wurden ausgef\u00fchrt:<\/p>\n\n\n<ol class=\"wp-block-list eplus-wrapper eplus-styles-uid-535c2d\">\n<li style=\"font-size:17px\" class=\"eplus-wrapper\">alle Rostsch\u00e4den konnten beseitigt, und eine haltlose Schraube im Puffer herausgebrannt werden<\/li>\n\n\n\n<li style=\"font-size:17px\" class=\"eplus-wrapper\">Bleche wurden eingeschwei\u00dft und verzinnt<\/li>\n\n\n\n<li style=\"font-size:17px\" class=\"eplus-wrapper\">alten Lack abschleifen<\/li>\n\n\n\n<li style=\"font-size:17px\" class=\"eplus-wrapper\">nach der Grundierung wurde die Lok neu lackiert<\/li>\n\n\n\n<li style=\"font-size:17px\" class=\"eplus-wrapper\">die Lok erhielt eine neue Fanfare<\/li>\n<\/ol>\n\n<div class=\"wp-block-columns eplus-wrapper is-layout-flex wp-container-core-columns-is-layout-9d6595d7 wp-block-columns-is-layout-flex eplus-styles-uid-ec5ffa\">\n<div class=\"wp-block-column eplus-wrapper is-layout-flow wp-block-column-is-layout-flow\"><figure class=\"is-style-editorskit-rounded wp-block-image size-full eplus-wrapper eplus-styles-uid-92baf8\"><img loading=\"lazy\" decoding=\"async\" width=\"810\" height=\"961\" src=\"https:\/\/kleinbahn-deinste.de\/wp-content\/uploads\/2024\/06\/CHL20G-01.jpg\" alt=\"\" class=\"wp-image-2266\" srcset=\"https:\/\/kleinbahn-deinste.de\/wp-content\/uploads\/2024\/06\/CHL20G-01.jpg 810w, https:\/\/kleinbahn-deinste.de\/wp-content\/uploads\/2024\/06\/CHL20G-01-253x300.jpg 253w, https:\/\/kleinbahn-deinste.de\/wp-content\/uploads\/2024\/06\/CHL20G-01-768x911.jpg 768w\" sizes=\"auto, (max-width: 810px) 100vw, 810px\" \/><\/figure>\n\n\n<p class=\"has-text-align-center eplus-wrapper\" style=\"font-size:17px\">The locomotive before restoration<\/p>\n<\/div>\n\n\n\n<div class=\"wp-block-column is-vertically-aligned-center eplus-wrapper is-layout-flow wp-block-column-is-layout-flow\"><figure class=\"is-style-editorskit-rounded wp-block-image size-full eplus-wrapper eplus-styles-uid-92baf8\"><img loading=\"lazy\" decoding=\"async\" width=\"684\" height=\"779\" src=\"https:\/\/kleinbahn-deinste.de\/wp-content\/uploads\/2024\/06\/CHL20G-02.jpg\" alt=\"\" class=\"wp-image-2267\" srcset=\"https:\/\/kleinbahn-deinste.de\/wp-content\/uploads\/2024\/06\/CHL20G-02.jpg 684w, https:\/\/kleinbahn-deinste.de\/wp-content\/uploads\/2024\/06\/CHL20G-02-263x300.jpg 263w\" sizes=\"auto, (max-width: 684px) 100vw, 684px\" \/><\/figure>\n\n<p class=\"has-text-align-center eplus-wrapper eplus-styles-uid-92da6e\" style=\"font-size:17px\">Bild : Christoph Grimm<\/p><\/div>\n<\/div>\n\n\n<hr class=\"is-style-wide wp-block-separator has-alpha-channel-opacity eplus-wrapper\"\/>\n\n\n<div class=\"wp-block-columns eplus-wrapper is-layout-flex wp-container-core-columns-is-layout-9d6595d7 wp-block-columns-is-layout-flex eplus-styles-uid-d9ca4d\">\n<div class=\"wp-block-column eplus-wrapper is-layout-flow wp-block-column-is-layout-flow\"><figure class=\"is-style-editorskit-rounded wp-block-image size-full eplus-wrapper eplus-styles-uid-92baf8\"><img loading=\"lazy\" decoding=\"async\" width=\"710\" height=\"947\" src=\"https:\/\/kleinbahn-deinste.de\/wp-content\/uploads\/2024\/06\/CHL20G-03.jpg\" alt=\"\" class=\"wp-image-2268\" srcset=\"https:\/\/kleinbahn-deinste.de\/wp-content\/uploads\/2024\/06\/CHL20G-03.jpg 710w, https:\/\/kleinbahn-deinste.de\/wp-content\/uploads\/2024\/06\/CHL20G-03-225x300.jpg 225w\" sizes=\"auto, (max-width: 710px) 100vw, 710px\" \/><\/figure><\/div>\n\n\n\n<div class=\"wp-block-column eplus-wrapper is-layout-flow wp-block-column-is-layout-flow\"><figure class=\"is-style-editorskit-rounded wp-block-image size-full eplus-wrapper eplus-styles-uid-92baf8\"><img loading=\"lazy\" decoding=\"async\" width=\"704\" height=\"939\" src=\"https:\/\/kleinbahn-deinste.de\/wp-content\/uploads\/2024\/06\/CHL20G-04.jpg\" alt=\"\" class=\"wp-image-2269\" srcset=\"https:\/\/kleinbahn-deinste.de\/wp-content\/uploads\/2024\/06\/CHL20G-04.jpg 704w, https:\/\/kleinbahn-deinste.de\/wp-content\/uploads\/2024\/06\/CHL20G-04-225x300.jpg 225w\" sizes=\"auto, (max-width: 704px) 100vw, 704px\" \/><\/figure><\/div>\n<\/div>\n\n\n<p class=\"has-text-align-center eplus-wrapper\" style=\"font-size:17px\">Blechteile werden ersetzt<\/p>\n\n\n<div class=\"wp-block-columns eplus-wrapper is-layout-flex wp-container-core-columns-is-layout-9d6595d7 wp-block-columns-is-layout-flex eplus-styles-uid-164908\">\n<div class=\"wp-block-column eplus-wrapper is-layout-flow wp-block-column-is-layout-flow\"><figure class=\"is-style-editorskit-rounded wp-block-image size-full eplus-wrapper eplus-styles-uid-92baf8\"><img loading=\"lazy\" decoding=\"async\" width=\"680\" height=\"907\" src=\"https:\/\/kleinbahn-deinste.de\/wp-content\/uploads\/2024\/06\/CHL20G-05.jpg\" alt=\"\" class=\"wp-image-2271\" srcset=\"https:\/\/kleinbahn-deinste.de\/wp-content\/uploads\/2024\/06\/CHL20G-05.jpg 680w, https:\/\/kleinbahn-deinste.de\/wp-content\/uploads\/2024\/06\/CHL20G-05-225x300.jpg 225w\" sizes=\"auto, (max-width: 680px) 100vw, 680px\" \/><\/figure>\n\n\n<p class=\"has-text-align-center eplus-wrapper\" style=\"font-size:17px\">Die festsitzenden Schrauben von wacklligen Puffern entfernen und erneuern. <\/p>\n<\/div>\n\n\n\n<div class=\"wp-block-column eplus-wrapper is-layout-flow wp-block-column-is-layout-flow\"><figure class=\"is-style-editorskit-rounded wp-block-image size-full eplus-wrapper eplus-styles-uid-92baf8\"><img loading=\"lazy\" decoding=\"async\" width=\"689\" height=\"919\" src=\"https:\/\/kleinbahn-deinste.de\/wp-content\/uploads\/2024\/06\/CHL20G-06.jpg\" alt=\"\" class=\"wp-image-2272\" srcset=\"https:\/\/kleinbahn-deinste.de\/wp-content\/uploads\/2024\/06\/CHL20G-06.jpg 689w, https:\/\/kleinbahn-deinste.de\/wp-content\/uploads\/2024\/06\/CHL20G-06-225x300.jpg 225w\" sizes=\"auto, (max-width: 689px) 100vw, 689px\" \/><\/figure>\n\n\n<p class=\"has-text-align-center eplus-wrapper\" style=\"font-size:17px\">Verzinnen der neu eingestzten Bleche<br>Bilder: G\u00fcnter Dangers<\/p>\n<\/div>\n<\/div>\n\n<div class=\"wp-block-columns eplus-wrapper is-layout-flex wp-container-core-columns-is-layout-9d6595d7 wp-block-columns-is-layout-flex eplus-styles-uid-669b70\">\n<div class=\"wp-block-column eplus-wrapper is-layout-flow wp-block-column-is-layout-flow\"><figure class=\"is-style-editorskit-rounded wp-block-image size-full eplus-wrapper eplus-styles-uid-92baf8\"><img loading=\"lazy\" decoding=\"async\" width=\"690\" height=\"921\" src=\"https:\/\/kleinbahn-deinste.de\/wp-content\/uploads\/2024\/06\/CHL20G-07.jpg\" alt=\"\" class=\"wp-image-2274\" srcset=\"https:\/\/kleinbahn-deinste.de\/wp-content\/uploads\/2024\/06\/CHL20G-07.jpg 690w, https:\/\/kleinbahn-deinste.de\/wp-content\/uploads\/2024\/06\/CHL20G-07-225x300.jpg 225w\" sizes=\"auto, (max-width: 690px) 100vw, 690px\" \/><\/figure>\n\n\n<p class=\"has-text-align-center eplus-wrapper\" style=\"font-size:17px\">Grundierung auftragen<br>Bilder : G\u00fcnter Dangers<\/p>\n<\/div>\n\n\n\n<div class=\"wp-block-column eplus-wrapper is-layout-flow wp-block-column-is-layout-flow\"><figure class=\"is-style-editorskit-rounded wp-block-image size-full eplus-wrapper eplus-styles-uid-92baf8\"><img loading=\"lazy\" decoding=\"async\" width=\"707\" height=\"942\" src=\"https:\/\/kleinbahn-deinste.de\/wp-content\/uploads\/2024\/06\/CHL20G-08.jpg\" alt=\"\" class=\"wp-image-2275\" srcset=\"https:\/\/kleinbahn-deinste.de\/wp-content\/uploads\/2024\/06\/CHL20G-08.jpg 707w, https:\/\/kleinbahn-deinste.de\/wp-content\/uploads\/2024\/06\/CHL20G-08-225x300.jpg 225w\" sizes=\"auto, (max-width: 707px) 100vw, 707px\" \/><\/figure>\n\n\n<p class=\"has-text-align-center eplus-wrapper\" style=\"font-size:17px\">Die Lok wurde wieder in der Farbe lackiert wie sie das Torfwerk verlie\u00df.<\/p>\n<\/div>\n<\/div>\n\n<div class=\"wp-block-columns eplus-wrapper is-layout-flex wp-container-core-columns-is-layout-9d6595d7 wp-block-columns-is-layout-flex eplus-styles-uid-deea18\">\n<div class=\"wp-block-column eplus-wrapper is-layout-flow wp-block-column-is-layout-flow\"><figure class=\"is-style-editorskit-rounded wp-block-image size-full eplus-wrapper eplus-styles-uid-92baf8\"><img loading=\"lazy\" decoding=\"async\" width=\"714\" height=\"951\" src=\"https:\/\/kleinbahn-deinste.de\/wp-content\/uploads\/2024\/06\/CHL20G-09.jpg\" alt=\"\" class=\"wp-image-2276\" srcset=\"https:\/\/kleinbahn-deinste.de\/wp-content\/uploads\/2024\/06\/CHL20G-09.jpg 714w, https:\/\/kleinbahn-deinste.de\/wp-content\/uploads\/2024\/06\/CHL20G-09-225x300.jpg 225w\" sizes=\"auto, (max-width: 714px) 100vw, 714px\" \/><\/figure>\n\n\n<p class=\"has-text-align-center eplus-wrapper\" style=\"font-size:17px\">Bestes Wetter zum Malen, der Lack trocknet schneller als man rollen kann. <\/p>\n<\/div>\n\n\n\n<div class=\"wp-block-column eplus-wrapper is-layout-flow wp-block-column-is-layout-flow\"><figure class=\"is-style-editorskit-rounded wp-block-image size-full eplus-wrapper eplus-styles-uid-92baf8\"><img loading=\"lazy\" decoding=\"async\" width=\"690\" height=\"921\" src=\"https:\/\/kleinbahn-deinste.de\/wp-content\/uploads\/2024\/06\/CHL20G-10.jpg\" alt=\"\" class=\"wp-image-2277\" srcset=\"https:\/\/kleinbahn-deinste.de\/wp-content\/uploads\/2024\/06\/CHL20G-10.jpg 690w, https:\/\/kleinbahn-deinste.de\/wp-content\/uploads\/2024\/06\/CHL20G-10-225x300.jpg 225w\" sizes=\"auto, (max-width: 690px) 100vw, 690px\" \/><\/figure>\n\n\n<p class=\"has-text-align-center eplus-wrapper\" style=\"font-size:17px\">Bilder : G\u00fcnter Dangers<\/p>\n<\/div>\n<\/div>\n\n<div class=\"wp-block-columns eplus-wrapper is-layout-flex wp-container-core-columns-is-layout-9d6595d7 wp-block-columns-is-layout-flex eplus-styles-uid-cfd73a\">\n<div class=\"wp-block-column eplus-wrapper is-layout-flow wp-block-column-is-layout-flow\"><figure class=\"is-style-editorskit-rounded wp-block-image size-full eplus-wrapper eplus-styles-uid-92baf8\"><img loading=\"lazy\" decoding=\"async\" width=\"965\" height=\"867\" src=\"https:\/\/kleinbahn-deinste.de\/wp-content\/uploads\/2024\/06\/CHL20G-11.jpg\" alt=\"\" class=\"wp-image-2279\" srcset=\"https:\/\/kleinbahn-deinste.de\/wp-content\/uploads\/2024\/06\/CHL20G-11.jpg 965w, https:\/\/kleinbahn-deinste.de\/wp-content\/uploads\/2024\/06\/CHL20G-11-300x270.jpg 300w, https:\/\/kleinbahn-deinste.de\/wp-content\/uploads\/2024\/06\/CHL20G-11-768x690.jpg 768w\" sizes=\"auto, (max-width: 965px) 100vw, 965px\" \/><\/figure>\n\n\n<p class=\"has-text-align-center eplus-wrapper\" style=\"font-size:17px\">Die Herstellerbezeichnung durfte nat\u00fcrlich auch nicht fehlen. <\/p>\n<\/div>\n<\/div>","protected":false},"excerpt":{"rendered":"<p>Restauration der Sch\u00f6ma CHL-20G, Lok V38, im Jahr 2022 Die Lok war in einem guten technischen, der Aufbau in einem schlechten Zustand, gr\u00f6\u00dfere Rostsch\u00e4den waren mit Blechen verdeckt. Folgen Arbeiten wurden ausgef\u00fchrt: Die Lok vor der Restauration Bild : Christoph Grimm Blechteile werden ersetzt Die festsitzenden Schrauben von wacklligen Puffern entfernen und erneuern. Verzinnen der [&hellip;]<\/p>\n","protected":false},"author":2,"featured_media":0,"parent":0,"menu_order":0,"comment_status":"closed","ping_status":"closed","template":"","meta":{"_editorskit_title_hidden":false,"_editorskit_reading_time":0,"_editorskit_is_block_options_detached":false,"_editorskit_block_options_position":"{}","_coblocks_attr":"","_coblocks_dimensions":"","_coblocks_responsive_height":"","_coblocks_accordion_ie_support":"","_eb_attr":"","editor_plus_copied_stylings":"{}","ocean_post_layout":"","ocean_both_sidebars_style":"","ocean_both_sidebars_content_width":0,"ocean_both_sidebars_sidebars_width":0,"ocean_sidebar":"","ocean_second_sidebar":"","ocean_disable_margins":"enable","ocean_add_body_class":"","ocean_shortcode_before_top_bar":"","ocean_shortcode_after_top_bar":"","ocean_shortcode_before_header":"","ocean_shortcode_after_header":"","ocean_has_shortcode":"","ocean_shortcode_after_title":"","ocean_shortcode_before_footer_widgets":"","ocean_shortcode_after_footer_widgets":"","ocean_shortcode_before_footer_bottom":"","ocean_shortcode_after_footer_bottom":"","ocean_display_top_bar":"default","ocean_display_header":"default","ocean_header_style":"","ocean_center_header_left_menu":"","ocean_custom_header_template":"","ocean_custom_logo":0,"ocean_custom_retina_logo":0,"ocean_custom_logo_max_width":0,"ocean_custom_logo_tablet_max_width":0,"ocean_custom_logo_mobile_max_width":0,"ocean_custom_logo_max_height":0,"ocean_custom_logo_tablet_max_height":0,"ocean_custom_logo_mobile_max_height":0,"ocean_header_custom_menu":"","ocean_menu_typo_font_family":"","ocean_menu_typo_font_subset":"","ocean_menu_typo_font_size":0,"ocean_menu_typo_font_size_tablet":0,"ocean_menu_typo_font_size_mobile":0,"ocean_menu_typo_font_size_unit":"px","ocean_menu_typo_font_weight":"","ocean_menu_typo_font_weight_tablet":"","ocean_menu_typo_font_weight_mobile":"","ocean_menu_typo_transform":"","ocean_menu_typo_transform_tablet":"","ocean_menu_typo_transform_mobile":"","ocean_menu_typo_line_height":0,"ocean_menu_typo_line_height_tablet":0,"ocean_menu_typo_line_height_mobile":0,"ocean_menu_typo_line_height_unit":"","ocean_menu_typo_spacing":0,"ocean_menu_typo_spacing_tablet":0,"ocean_menu_typo_spacing_mobile":0,"ocean_menu_typo_spacing_unit":"","ocean_menu_link_color":"","ocean_menu_link_color_hover":"","ocean_menu_link_color_active":"","ocean_menu_link_background":"","ocean_menu_link_hover_background":"","ocean_menu_link_active_background":"","ocean_menu_social_links_bg":"","ocean_menu_social_hover_links_bg":"","ocean_menu_social_links_color":"","ocean_menu_social_hover_links_color":"","ocean_disable_title":"default","ocean_disable_heading":"default","ocean_post_title":"","ocean_post_subheading":"","ocean_post_title_style":"","ocean_post_title_background_color":"","ocean_post_title_background":0,"ocean_post_title_bg_image_position":"","ocean_post_title_bg_image_attachment":"","ocean_post_title_bg_image_repeat":"","ocean_post_title_bg_image_size":"","ocean_post_title_height":0,"ocean_post_title_bg_overlay":0.5,"ocean_post_title_bg_overlay_color":"","ocean_disable_breadcrumbs":"default","ocean_breadcrumbs_color":"","ocean_breadcrumbs_separator_color":"","ocean_breadcrumbs_links_color":"","ocean_breadcrumbs_links_hover_color":"","ocean_display_footer_widgets":"default","ocean_display_footer_bottom":"default","ocean_custom_footer_template":"","footnotes":""},"class_list":["post-2263","page","type-page","status-publish","hentry","entry"],"publishpress_future_action":{"enabled":false,"date":"2026-04-22 10:15:05","action":"change-status","newStatus":"draft","terms":[],"taxonomy":"","extraData":[]},"publishpress_future_workflow_manual_trigger":{"enabledWorkflows":[]},"_links":{"self":[{"href":"https:\/\/kleinbahn-deinste.de\/en\/wp-json\/wp\/v2\/pages\/2263","targetHints":{"allow":["GET"]}}],"collection":[{"href":"https:\/\/kleinbahn-deinste.de\/en\/wp-json\/wp\/v2\/pages"}],"about":[{"href":"https:\/\/kleinbahn-deinste.de\/en\/wp-json\/wp\/v2\/types\/page"}],"author":[{"embeddable":true,"href":"https:\/\/kleinbahn-deinste.de\/en\/wp-json\/wp\/v2\/users\/2"}],"replies":[{"embeddable":true,"href":"https:\/\/kleinbahn-deinste.de\/en\/wp-json\/wp\/v2\/comments?post=2263"}],"version-history":[{"count":3,"href":"https:\/\/kleinbahn-deinste.de\/en\/wp-json\/wp\/v2\/pages\/2263\/revisions"}],"predecessor-version":[{"id":4194,"href":"https:\/\/kleinbahn-deinste.de\/en\/wp-json\/wp\/v2\/pages\/2263\/revisions\/4194"}],"wp:attachment":[{"href":"https:\/\/kleinbahn-deinste.de\/en\/wp-json\/wp\/v2\/media?parent=2263"}],"curies":[{"name":"wp","href":"https:\/\/api.w.org\/{rel}","templated":true}]}}