{"id":230,"date":"2014-10-30T21:23:31","date_gmt":"2014-10-30T19:23:31","guid":{"rendered":"http:\/\/kleinbahndeinste.wordpress.com\/?page_id=230"},"modified":"2024-11-01T17:16:26","modified_gmt":"2024-11-01T17:16:26","slug":"bau-einer-fahrzeughalle","status":"publish","type":"page","link":"https:\/\/kleinbahn-deinste.de\/en\/projekte\/bau-einer-fahrzeughalle\/","title":{"rendered":"Construction of a Vehicle Shed"},"content":{"rendered":"<h2 class=\"wp-block-heading has-text-align-center has-black-color has-text-color has-background has-link-color has-large-font-size eplus-wrapper wp-elements-79f20df2793ce26af2a6f35db39c9c07 eplus-styles-uid-f07884\" style=\"background-color:#009933\">Construction of a Vehicle Shed<\/h2>\n\n<figure class=\"is-style-editorskit-rounded wp-block-image size-full eplus-wrapper eplus-styles-uid-92baf8\"><img loading=\"lazy\" decoding=\"async\" width=\"1024\" height=\"768\" src=\"https:\/\/kleinbahn-deinste.de\/wp-content\/uploads\/2024\/08\/BauFahrzeughalle.jpg\" alt=\"\" class=\"wp-image-3204\" srcset=\"https:\/\/kleinbahn-deinste.de\/wp-content\/uploads\/2024\/08\/BauFahrzeughalle.jpg 1024w, https:\/\/kleinbahn-deinste.de\/wp-content\/uploads\/2024\/08\/BauFahrzeughalle-300x225.jpg 300w, https:\/\/kleinbahn-deinste.de\/wp-content\/uploads\/2024\/08\/BauFahrzeughalle-768x576.jpg 768w, https:\/\/kleinbahn-deinste.de\/wp-content\/uploads\/2024\/08\/BauFahrzeughalle-50x38.jpg 50w, https:\/\/kleinbahn-deinste.de\/wp-content\/uploads\/2024\/08\/BauFahrzeughalle-16x12.jpg 16w\" sizes=\"auto, (max-width: 1024px) 100vw, 1024px\" \/><\/figure>\n\n<p class=\"has-arial-font-family has-custom-font has-custom-lineheight has-custom-letterspacing eplus-wrapper eplus-styles-uid-63c786\" style=\"font-family:Arial;line-height:1.6;letter-spacing:-0.2px;font-size:16px\">There have been concrete plans for the construction of a carriage shed on the club's premises at Deinste station since 2010. Initially, only a single-track hall was planned for the storage of the passenger train in the former loading ramp. However, the length of the loading ramp only allowed a roof for 4 carriages, while the rest would have to remain outside. For this reason, the original project was abandoned and the construction of a 25\u00d712 metre vehicle hall with four tracks for locomotives and passenger carriages was planned instead.<\/p>\n\n\n<p class=\"has-arial-font-family has-custom-font has-custom-lineheight eplus-wrapper\" style=\"font-family:Arial;line-height:1.6;font-size:16px\">Following the approval of the EVB, the construction was approved at the general meeting in February 2012. The vehicle hall was now built in the area of the old locomotive shed. The existing engine shed was covered by the new structure and finally demolished under the finished new shed. The structure of the new shed was made of wood and rests on a stable strip foundation. The roof and side surfaces are cladded with trapezoidal sheet metal, while the entrance gates are made of larch wood. Gutters are installed on the long sides of the hall to collect rainwater and channel it into an underground 6000 litre plastic tank. The soft water collected in this tank is required for the operation of the steam locomotive.<\/p>\n\n\n\n<p class=\"has-arial-font-family has-custom-font has-custom-lineheight eplus-wrapper\" style=\"font-family:Arial;line-height:1.6;font-size:16px\">The current track system in front of the engine shed had to be completely removed and re-laid. All tracks in the new shed can be accessed directly from the main track. Previously, this was only possible at the old engine shed via a hairpin bend with a stub track. Shortly before the Kleinbahnhof, a new switch was installed in the main track for this purpose.<\/p>\n\n\n\n<p class=\"has-arial-font-family has-custom-font has-custom-lineheight eplus-wrapper\" style=\"font-family:Arial;line-height:1.6;font-size:16px\">The construction drawings for the vehicle hall have been prepared and the construction application was submitted to the district authorities in March 2012. We have calculated the costs for the hall construction without interior fittings at \u20ac 30,000.00. We applied for subsidies to help with the financing. The construction was carried out entirely on our own initiative by qualified club members working exclusively on a voluntary basis.<\/p>\n\n\n\n<p class=\"has-arial-font-family has-custom-font eplus-wrapper\" style=\"font-family:Arial;font-size:16px\">The project was completed in October 2013.<\/p>\n\n\n\n<p class=\"eplus-wrapper\"><\/p>","protected":false},"excerpt":{"rendered":"<p>Bau einer Fahrzeughalle Bereits seit 2010 gab es konkrete Pl\u00e4ne f\u00fcr die Erstellung einer Wagenhalle auf dem Vereinsgel\u00e4nde am Bahnhof Deinste. Zuerst war nur eine eingleisige Halle f\u00fcr die Unterstellung des Personenzuges in der ehemaligen Laderampe geplant. Die L\u00e4nge der Laderampe l\u00e4sst allerding nur eine \u00dcberdachung f\u00fcr 4 Wagen zu, w\u00e4hrend der Rest weiterhin im [&hellip;]<\/p>\n","protected":false},"author":2,"featured_media":0,"parent":226,"menu_order":0,"comment_status":"closed","ping_status":"closed","template":"","meta":{"_editorskit_title_hidden":true,"_editorskit_reading_time":0,"_editorskit_is_block_options_detached":false,"_editorskit_block_options_position":"{}","_coblocks_attr":"Arial,Arial","_coblocks_dimensions":"","_coblocks_responsive_height":"","_coblocks_accordion_ie_support":"","_eb_attr":"","editor_plus_copied_stylings":"{}","ocean_post_layout":"","ocean_both_sidebars_style":"","ocean_both_sidebars_content_width":0,"ocean_both_sidebars_sidebars_width":0,"ocean_sidebar":"","ocean_second_sidebar":"","ocean_disable_margins":"enable","ocean_add_body_class":"","ocean_shortcode_before_top_bar":"","ocean_shortcode_after_top_bar":"","ocean_shortcode_before_header":"","ocean_shortcode_after_header":"","ocean_has_shortcode":"","ocean_shortcode_after_title":"","ocean_shortcode_before_footer_widgets":"","ocean_shortcode_after_footer_widgets":"","ocean_shortcode_before_footer_bottom":"","ocean_shortcode_after_footer_bottom":"","ocean_display_top_bar":"default","ocean_display_header":"default","ocean_header_style":"","ocean_center_header_left_menu":"","ocean_custom_header_template":"","ocean_custom_logo":0,"ocean_custom_retina_logo":0,"ocean_custom_logo_max_width":0,"ocean_custom_logo_tablet_max_width":0,"ocean_custom_logo_mobile_max_width":0,"ocean_custom_logo_max_height":0,"ocean_custom_logo_tablet_max_height":0,"ocean_custom_logo_mobile_max_height":0,"ocean_header_custom_menu":"","ocean_menu_typo_font_family":"","ocean_menu_typo_font_subset":"","ocean_menu_typo_font_size":0,"ocean_menu_typo_font_size_tablet":0,"ocean_menu_typo_font_size_mobile":0,"ocean_menu_typo_font_size_unit":"px","ocean_menu_typo_font_weight":"","ocean_menu_typo_font_weight_tablet":"","ocean_menu_typo_font_weight_mobile":"","ocean_menu_typo_transform":"","ocean_menu_typo_transform_tablet":"","ocean_menu_typo_transform_mobile":"","ocean_menu_typo_line_height":0,"ocean_menu_typo_line_height_tablet":0,"ocean_menu_typo_line_height_mobile":0,"ocean_menu_typo_line_height_unit":"","ocean_menu_typo_spacing":0,"ocean_menu_typo_spacing_tablet":0,"ocean_menu_typo_spacing_mobile":0,"ocean_menu_typo_spacing_unit":"","ocean_menu_link_color":"","ocean_menu_link_color_hover":"","ocean_menu_link_color_active":"","ocean_menu_link_background":"","ocean_menu_link_hover_background":"","ocean_menu_link_active_background":"","ocean_menu_social_links_bg":"","ocean_menu_social_hover_links_bg":"","ocean_menu_social_links_color":"","ocean_menu_social_hover_links_color":"","ocean_disable_title":"default","ocean_disable_heading":"default","ocean_post_title":"","ocean_post_subheading":"","ocean_post_title_style":"","ocean_post_title_background_color":"","ocean_post_title_background":0,"ocean_post_title_bg_image_position":"","ocean_post_title_bg_image_attachment":"","ocean_post_title_bg_image_repeat":"","ocean_post_title_bg_image_size":"","ocean_post_title_height":0,"ocean_post_title_bg_overlay":0.5,"ocean_post_title_bg_overlay_color":"","ocean_disable_breadcrumbs":"default","ocean_breadcrumbs_color":"","ocean_breadcrumbs_separator_color":"","ocean_breadcrumbs_links_color":"","ocean_breadcrumbs_links_hover_color":"","ocean_display_footer_widgets":"default","ocean_display_footer_bottom":"default","ocean_custom_footer_template":"","footnotes":""},"class_list":["post-230","page","type-page","status-publish","hentry","entry"],"publishpress_future_action":{"enabled":false,"date":"2026-04-22 10:15:06","action":"change-status","newStatus":"draft","terms":[],"taxonomy":"","extraData":[]},"publishpress_future_workflow_manual_trigger":{"enabledWorkflows":[]},"_links":{"self":[{"href":"https:\/\/kleinbahn-deinste.de\/en\/wp-json\/wp\/v2\/pages\/230","targetHints":{"allow":["GET"]}}],"collection":[{"href":"https:\/\/kleinbahn-deinste.de\/en\/wp-json\/wp\/v2\/pages"}],"about":[{"href":"https:\/\/kleinbahn-deinste.de\/en\/wp-json\/wp\/v2\/types\/page"}],"author":[{"embeddable":true,"href":"https:\/\/kleinbahn-deinste.de\/en\/wp-json\/wp\/v2\/users\/2"}],"replies":[{"embeddable":true,"href":"https:\/\/kleinbahn-deinste.de\/en\/wp-json\/wp\/v2\/comments?post=230"}],"version-history":[{"count":2,"href":"https:\/\/kleinbahn-deinste.de\/en\/wp-json\/wp\/v2\/pages\/230\/revisions"}],"predecessor-version":[{"id":3683,"href":"https:\/\/kleinbahn-deinste.de\/en\/wp-json\/wp\/v2\/pages\/230\/revisions\/3683"}],"up":[{"embeddable":true,"href":"https:\/\/kleinbahn-deinste.de\/en\/wp-json\/wp\/v2\/pages\/226"}],"wp:attachment":[{"href":"https:\/\/kleinbahn-deinste.de\/en\/wp-json\/wp\/v2\/media?parent=230"}],"curies":[{"name":"wp","href":"https:\/\/api.w.org\/{rel}","templated":true}]}}