{"id":246,"date":"2014-11-05T11:56:24","date_gmt":"2014-11-05T09:56:24","guid":{"rendered":"http:\/\/kleinbahndeinste.wordpress.com\/?page_id=246"},"modified":"2025-03-07T13:06:48","modified_gmt":"2025-03-07T12:06:48","slug":"aufarbeitung-fakultativwagen-28","status":"publish","type":"page","link":"https:\/\/kleinbahn-deinste.de\/en\/projekte\/aufarbeitung-fakultativwagen-28\/","title":{"rendered":"Restoration of a HAWA army field railway car from Hanover-Linden"},"content":{"rendered":"<h1 class=\"wp-block-heading has-text-align-center has-black-color has-text-color has-background has-link-color eplus-wrapper wp-elements-37419798e3d0f34ee2b550132206786e eplus-styles-uid-f07884\" style=\"background-color:#009933\">Restoration of a HAWA army field railway car from Hanover-Linden<\/h1>\n\n\n<p class=\"has-medium-font-size eplus-wrapper\">Once the 1919 carriage had been salvaged, it was found to be in a very poor condition. Steel and wood work were required and the entire paintwork had to be renewed.<\/p>\n\n\n<div class=\"has-media-on-the-top wp-block-media-text is-stacked-on-mobile eplus-wrapper eplus-styles-uid-f07884\"><figure class=\"wp-block-media-text__media\"><img loading=\"lazy\" decoding=\"async\" width=\"830\" height=\"1024\" src=\"https:\/\/kleinbahn-deinste.de\/wp-content\/uploads\/2024\/08\/HAWA01croped-830x1024.jpg\" alt=\"\" class=\"wp-image-3208 size-full\" srcset=\"https:\/\/kleinbahn-deinste.de\/wp-content\/uploads\/2024\/08\/HAWA01croped-830x1024.jpg 830w, https:\/\/kleinbahn-deinste.de\/wp-content\/uploads\/2024\/08\/HAWA01croped-243x300.jpg 243w, https:\/\/kleinbahn-deinste.de\/wp-content\/uploads\/2024\/08\/HAWA01croped-768x947.jpg 768w, https:\/\/kleinbahn-deinste.de\/wp-content\/uploads\/2024\/08\/HAWA01croped-50x62.jpg 50w, https:\/\/kleinbahn-deinste.de\/wp-content\/uploads\/2024\/08\/HAWA01croped-10x12.jpg 10w, https:\/\/kleinbahn-deinste.de\/wp-content\/uploads\/2024\/08\/HAWA01croped.jpg 1080w\" sizes=\"auto, (max-width: 830px) 100vw, 830px\" \/><\/figure><div class=\"wp-block-media-text__content\">\n<p class=\"has-text-align-center has-medium-font-size eplus-wrapper\">The floor is installed.<\/p>\n<\/div><\/div>\n\n\n<p class=\"eplus-wrapper\"><\/p>\n\n\n<div class=\"wp-block-columns eplus-wrapper is-layout-flex wp-container-core-columns-is-layout-9d6595d7 wp-block-columns-is-layout-flex eplus-styles-uid-f0c42e\">\n<div class=\"wp-block-column eplus-wrapper is-layout-flow wp-block-column-is-layout-flow\" style=\"flex-basis:50%\"><figure class=\"is-style-editorskit-rounded wp-block-image size-large eplus-wrapper eplus-styles-uid-92baf8\"><img loading=\"lazy\" decoding=\"async\" width=\"576\" height=\"1024\" src=\"https:\/\/kleinbahn-deinste.de\/wp-content\/uploads\/2024\/08\/HAWA02-576x1024.jpg\" alt=\"\" class=\"wp-image-3210\" srcset=\"https:\/\/kleinbahn-deinste.de\/wp-content\/uploads\/2024\/08\/HAWA02-576x1024.jpg 576w, https:\/\/kleinbahn-deinste.de\/wp-content\/uploads\/2024\/08\/HAWA02-169x300.jpg 169w, https:\/\/kleinbahn-deinste.de\/wp-content\/uploads\/2024\/08\/HAWA02-768x1365.jpg 768w, https:\/\/kleinbahn-deinste.de\/wp-content\/uploads\/2024\/08\/HAWA02-50x89.jpg 50w, https:\/\/kleinbahn-deinste.de\/wp-content\/uploads\/2024\/08\/HAWA02-864x1536.jpg 864w, https:\/\/kleinbahn-deinste.de\/wp-content\/uploads\/2024\/08\/HAWA02-1152x2048.jpg 1152w, https:\/\/kleinbahn-deinste.de\/wp-content\/uploads\/2024\/08\/HAWA02-7x12.jpg 7w, https:\/\/kleinbahn-deinste.de\/wp-content\/uploads\/2024\/08\/HAWA02.jpg 1168w\" sizes=\"auto, (max-width: 576px) 100vw, 576px\" \/><\/figure><\/div>\n\n\n\n<div class=\"wp-block-column eplus-wrapper is-layout-flow wp-block-column-is-layout-flow\" style=\"flex-basis:50%\"><figure class=\"is-style-editorskit-rounded wp-block-image size-large eplus-wrapper eplus-styles-uid-92baf8\"><img loading=\"lazy\" decoding=\"async\" width=\"576\" height=\"1024\" src=\"https:\/\/kleinbahn-deinste.de\/wp-content\/uploads\/2024\/08\/HAWA03-576x1024.jpg\" alt=\"\" class=\"wp-image-3211\" srcset=\"https:\/\/kleinbahn-deinste.de\/wp-content\/uploads\/2024\/08\/HAWA03-576x1024.jpg 576w, https:\/\/kleinbahn-deinste.de\/wp-content\/uploads\/2024\/08\/HAWA03-169x300.jpg 169w, https:\/\/kleinbahn-deinste.de\/wp-content\/uploads\/2024\/08\/HAWA03-768x1365.jpg 768w, https:\/\/kleinbahn-deinste.de\/wp-content\/uploads\/2024\/08\/HAWA03-50x89.jpg 50w, https:\/\/kleinbahn-deinste.de\/wp-content\/uploads\/2024\/08\/HAWA03-864x1536.jpg 864w, https:\/\/kleinbahn-deinste.de\/wp-content\/uploads\/2024\/08\/HAWA03-1152x2048.jpg 1152w, https:\/\/kleinbahn-deinste.de\/wp-content\/uploads\/2024\/08\/HAWA03-7x12.jpg 7w, https:\/\/kleinbahn-deinste.de\/wp-content\/uploads\/2024\/08\/HAWA03.jpg 1168w\" sizes=\"auto, (max-width: 576px) 100vw, 576px\" \/><\/figure><\/div>\n<\/div>\n\n\n<p class=\"has-text-align-center eplus-wrapper\"><strong>The side panels are installed<\/strong>.<\/p>\n\n\n<div class=\"wp-block-columns eplus-wrapper is-layout-flex wp-container-core-columns-is-layout-9d6595d7 wp-block-columns-is-layout-flex eplus-styles-uid-6b141f\">\n<div class=\"wp-block-column eplus-wrapper is-layout-flow wp-block-column-is-layout-flow\" style=\"flex-basis:50%\"><figure class=\"is-style-editorskit-rounded wp-block-image size-large eplus-wrapper eplus-styles-uid-92baf8\"><img loading=\"lazy\" decoding=\"async\" width=\"576\" height=\"1024\" src=\"https:\/\/kleinbahn-deinste.de\/wp-content\/uploads\/2024\/08\/HAWA04-576x1024.jpg\" alt=\"\" class=\"wp-image-3212\" srcset=\"https:\/\/kleinbahn-deinste.de\/wp-content\/uploads\/2024\/08\/HAWA04-576x1024.jpg 576w, https:\/\/kleinbahn-deinste.de\/wp-content\/uploads\/2024\/08\/HAWA04-169x300.jpg 169w, https:\/\/kleinbahn-deinste.de\/wp-content\/uploads\/2024\/08\/HAWA04-768x1364.jpg 768w, https:\/\/kleinbahn-deinste.de\/wp-content\/uploads\/2024\/08\/HAWA04-50x89.jpg 50w, https:\/\/kleinbahn-deinste.de\/wp-content\/uploads\/2024\/08\/HAWA04-865x1536.jpg 865w, https:\/\/kleinbahn-deinste.de\/wp-content\/uploads\/2024\/08\/HAWA04-7x12.jpg 7w, https:\/\/kleinbahn-deinste.de\/wp-content\/uploads\/2024\/08\/HAWA04.jpg 882w\" sizes=\"auto, (max-width: 576px) 100vw, 576px\" \/><\/figure><\/div>\n\n\n\n<div class=\"wp-block-column eplus-wrapper is-layout-flow wp-block-column-is-layout-flow\" style=\"flex-basis:50%\"><figure class=\"is-style-editorskit-rounded wp-block-image size-large eplus-wrapper eplus-styles-uid-92baf8\"><img decoding=\"async\" src=\"https:\/\/kleinbahn-deinste.de\/wp-content\/uploads\/2024\/08\/HAWA05.jpg\" alt=\"\"><\/figure><\/div>\n<\/div>\n\n\n<p class=\"has-text-align-center eplus-wrapper\"><strong>The window cut-outs are fitted<\/strong>.<\/p>\n\n\n<div class=\"wp-block-image is-style-editorskit-rounded\"><figure class=\"aligncenter size-full eplus-wrapper eplus-styles-uid-63bcf4\"><img loading=\"lazy\" decoding=\"async\" width=\"656\" height=\"1166\" src=\"https:\/\/kleinbahn-deinste.de\/wp-content\/uploads\/2024\/08\/HAWA06.jpg\" alt=\"\" class=\"wp-image-3214\" srcset=\"https:\/\/kleinbahn-deinste.de\/wp-content\/uploads\/2024\/08\/HAWA06.jpg 656w, https:\/\/kleinbahn-deinste.de\/wp-content\/uploads\/2024\/08\/HAWA06-169x300.jpg 169w, https:\/\/kleinbahn-deinste.de\/wp-content\/uploads\/2024\/08\/HAWA06-576x1024.jpg 576w, https:\/\/kleinbahn-deinste.de\/wp-content\/uploads\/2024\/08\/HAWA06-50x89.jpg 50w, https:\/\/kleinbahn-deinste.de\/wp-content\/uploads\/2024\/08\/HAWA06-7x12.jpg 7w\" sizes=\"auto, (max-width: 656px) 100vw, 656px\" \/><figcaption class=\"wp-element-caption\"><strong>The roof is put in place.<\/strong><\/figcaption><\/figure><\/div>\n\n<figure class=\"is-style-editorskit-rounded wp-block-image size-full eplus-wrapper eplus-styles-uid-95b4bf\"><img loading=\"lazy\" decoding=\"async\" width=\"1024\" height=\"576\" src=\"https:\/\/kleinbahn-deinste.de\/wp-content\/uploads\/2024\/08\/HAWA07.jpg\" alt=\"\" class=\"wp-image-3215\" srcset=\"https:\/\/kleinbahn-deinste.de\/wp-content\/uploads\/2024\/08\/HAWA07.jpg 1024w, https:\/\/kleinbahn-deinste.de\/wp-content\/uploads\/2024\/08\/HAWA07-300x169.jpg 300w, https:\/\/kleinbahn-deinste.de\/wp-content\/uploads\/2024\/08\/HAWA07-768x432.jpg 768w, https:\/\/kleinbahn-deinste.de\/wp-content\/uploads\/2024\/08\/HAWA07-50x28.jpg 50w, https:\/\/kleinbahn-deinste.de\/wp-content\/uploads\/2024\/08\/HAWA07-18x10.jpg 18w, https:\/\/kleinbahn-deinste.de\/wp-content\/uploads\/2024\/08\/HAWA07-800x450.jpg 800w\" sizes=\"auto, (max-width: 1024px) 100vw, 1024px\" \/><figcaption class=\"wp-element-caption\"><strong>The wood used was predominantly larch. The roof is varnished natural, all walls are stained darker and varnished. <\/strong><\/figcaption><\/figure>\n\n\n<p class=\"has-text-align-center has-medium-font-size eplus-wrapper\">The car is privately owned, but the DFKM has the right to use it.<\/p>\n\n\n\n<p class=\"eplus-wrapper\"><\/p>","protected":false},"excerpt":{"rendered":"<p>Restauration eines Heeres-Feldbahnwagens der HAWA aus Hannover-Linden Nach der Bergung des Wagens von 1919 stellte sich dieser in einem katastrophalen Zustand dar. Es mu\u00dften Stahl- und Holzarbeiten vorgenommen, sowie die gesamte Lackierung aufgebracht werden. Der Fu\u00dfboden wird eingebaut. Die Seitenw\u00e4nde werden eingebaut. Die Fensterausschnitte werden angebracht. Der Wagen befindet sich in Privatbesitz, jedoch verf\u00fcgt der [&hellip;]<\/p>\n","protected":false},"author":2,"featured_media":0,"parent":226,"menu_order":0,"comment_status":"closed","ping_status":"closed","template":"","meta":{"_editorskit_title_hidden":false,"_editorskit_reading_time":0,"_editorskit_is_block_options_detached":false,"_editorskit_block_options_position":"{}","_coblocks_attr":"","_coblocks_dimensions":"","_coblocks_responsive_height":"","_coblocks_accordion_ie_support":"","_eb_attr":"","editor_plus_copied_stylings":"{}","ocean_post_layout":"","ocean_both_sidebars_style":"","ocean_both_sidebars_content_width":0,"ocean_both_sidebars_sidebars_width":0,"ocean_sidebar":"","ocean_second_sidebar":"","ocean_disable_margins":"enable","ocean_add_body_class":"","ocean_shortcode_before_top_bar":"","ocean_shortcode_after_top_bar":"","ocean_shortcode_before_header":"","ocean_shortcode_after_header":"","ocean_has_shortcode":"","ocean_shortcode_after_title":"","ocean_shortcode_before_footer_widgets":"","ocean_shortcode_after_footer_widgets":"","ocean_shortcode_before_footer_bottom":"","ocean_shortcode_after_footer_bottom":"","ocean_display_top_bar":"default","ocean_display_header":"default","ocean_header_style":"","ocean_center_header_left_menu":"","ocean_custom_header_template":"","ocean_custom_logo":0,"ocean_custom_retina_logo":0,"ocean_custom_logo_max_width":0,"ocean_custom_logo_tablet_max_width":0,"ocean_custom_logo_mobile_max_width":0,"ocean_custom_logo_max_height":0,"ocean_custom_logo_tablet_max_height":0,"ocean_custom_logo_mobile_max_height":0,"ocean_header_custom_menu":"","ocean_menu_typo_font_family":"","ocean_menu_typo_font_subset":"","ocean_menu_typo_font_size":0,"ocean_menu_typo_font_size_tablet":0,"ocean_menu_typo_font_size_mobile":0,"ocean_menu_typo_font_size_unit":"px","ocean_menu_typo_font_weight":"","ocean_menu_typo_font_weight_tablet":"","ocean_menu_typo_font_weight_mobile":"","ocean_menu_typo_transform":"","ocean_menu_typo_transform_tablet":"","ocean_menu_typo_transform_mobile":"","ocean_menu_typo_line_height":0,"ocean_menu_typo_line_height_tablet":0,"ocean_menu_typo_line_height_mobile":0,"ocean_menu_typo_line_height_unit":"","ocean_menu_typo_spacing":0,"ocean_menu_typo_spacing_tablet":0,"ocean_menu_typo_spacing_mobile":0,"ocean_menu_typo_spacing_unit":"","ocean_menu_link_color":"","ocean_menu_link_color_hover":"","ocean_menu_link_color_active":"","ocean_menu_link_background":"","ocean_menu_link_hover_background":"","ocean_menu_link_active_background":"","ocean_menu_social_links_bg":"","ocean_menu_social_hover_links_bg":"","ocean_menu_social_links_color":"","ocean_menu_social_hover_links_color":"","ocean_disable_title":"default","ocean_disable_heading":"default","ocean_post_title":"","ocean_post_subheading":"","ocean_post_title_style":"","ocean_post_title_background_color":"","ocean_post_title_background":0,"ocean_post_title_bg_image_position":"","ocean_post_title_bg_image_attachment":"","ocean_post_title_bg_image_repeat":"","ocean_post_title_bg_image_size":"","ocean_post_title_height":0,"ocean_post_title_bg_overlay":0.5,"ocean_post_title_bg_overlay_color":"","ocean_disable_breadcrumbs":"default","ocean_breadcrumbs_color":"","ocean_breadcrumbs_separator_color":"","ocean_breadcrumbs_links_color":"","ocean_breadcrumbs_links_hover_color":"","ocean_display_footer_widgets":"default","ocean_display_footer_bottom":"default","ocean_custom_footer_template":"","footnotes":""},"class_list":["post-246","page","type-page","status-publish","hentry","entry"],"publishpress_future_action":{"enabled":false,"date":"2026-04-22 10:14:00","action":"change-status","newStatus":"draft","terms":[],"taxonomy":"","extraData":[]},"publishpress_future_workflow_manual_trigger":{"enabledWorkflows":[]},"_links":{"self":[{"href":"https:\/\/kleinbahn-deinste.de\/en\/wp-json\/wp\/v2\/pages\/246","targetHints":{"allow":["GET"]}}],"collection":[{"href":"https:\/\/kleinbahn-deinste.de\/en\/wp-json\/wp\/v2\/pages"}],"about":[{"href":"https:\/\/kleinbahn-deinste.de\/en\/wp-json\/wp\/v2\/types\/page"}],"author":[{"embeddable":true,"href":"https:\/\/kleinbahn-deinste.de\/en\/wp-json\/wp\/v2\/users\/2"}],"replies":[{"embeddable":true,"href":"https:\/\/kleinbahn-deinste.de\/en\/wp-json\/wp\/v2\/comments?post=246"}],"version-history":[{"count":5,"href":"https:\/\/kleinbahn-deinste.de\/en\/wp-json\/wp\/v2\/pages\/246\/revisions"}],"predecessor-version":[{"id":4190,"href":"https:\/\/kleinbahn-deinste.de\/en\/wp-json\/wp\/v2\/pages\/246\/revisions\/4190"}],"up":[{"embeddable":true,"href":"https:\/\/kleinbahn-deinste.de\/en\/wp-json\/wp\/v2\/pages\/226"}],"wp:attachment":[{"href":"https:\/\/kleinbahn-deinste.de\/en\/wp-json\/wp\/v2\/media?parent=246"}],"curies":[{"name":"wp","href":"https:\/\/api.w.org\/{rel}","templated":true}]}}