{"id":2493,"date":"2024-07-10T17:11:10","date_gmt":"2024-07-10T17:11:10","guid":{"rendered":"https:\/\/kleinbahn-deinste.de\/stage-kleinbahn-\/?page_id=2493"},"modified":"2024-11-01T16:49:25","modified_gmt":"2024-11-01T16:49:25","slug":"eigenbau-doerentrup-e3","status":"publish","type":"page","link":"https:\/\/kleinbahn-deinste.de\/en\/eigenbau-doerentrup-e3\/","title":{"rendered":"Eigenbau Doerentrup E3"},"content":{"rendered":"<h2 class=\"wp-block-heading has-text-align-center has-black-color has-text-color has-background has-link-color eplus-wrapper wp-elements-15fc529de68ce8ad7ddd82ebe2f3b27e eplus-styles-uid-f07884\" style=\"background-color:#009933\">Self-built D\u00f6rentrup E3<\/h2>\n\n<div class=\"wp-block-image is-style-editorskit-rounded\"><figure class=\"aligncenter size-large is-resized eplus-wrapper eplus-styles-uid-92baf8\"><img decoding=\"async\" src=\"https:\/\/kleinbahn-deinste.de\/wp-content\/uploads\/2014\/12\/eigenbau-dc3b6rentrup-e3-scaled-1.jpg\" alt=\"Eigenbau D\u00f6rentrup E3\" style=\"width:auto;height:750px\"><\/figure><\/div>\n\n\n<p style=\"font-size:17px\" class=\"eplus-wrapper\">Our electric locomotive 3 is a self-built by the D\u00f6rentruper Sand- und Tonwerke based on a tipper care chassis. The year of construction is not exactly known. This low weight locomotives were built starting around 1902. The locomotive came to the SKBG in Holm-Seppensen in November 1970. It was used as a brake locomotive when the  museum operations started.<\/p>\n\n\n\n<p style=\"font-size:17px\" class=\"eplus-wrapper\">Im Dezember 1982 kam sie per Tieflader nach Deinste. Heute steht sie wegen ihres Holzaufbaus gesch\u00fctzt in der Museumshalle in L\u00fctjenkamp als Ausstellungsst\u00fcck. Der Fahrmotor f\u00fcr 220&nbsp;V Gleichstrom wurde mit einem Fahrschalter von Kiepe geregelt. Als Besonderheit besa\u00dfen alle D\u00f6rentruper E-Loks eine Kabelrolle f\u00fcr fahrdrahtlosen Betrieb, da direkt am Werk eine breite Stra\u00dfe ohne Fahrleitung \u00fcberquert werden musste.<\/p>\n\n\n\n<p style=\"font-size:17px\" class=\"eplus-wrapper\">The locomotive is not ready for operation.<\/p>","protected":false},"excerpt":{"rendered":"<p>Eigenbau D\u00f6rentrup E3 Unsere E-Lok 3 ist ein Eigenbau der D\u00f6rentruper Sand- und Tonwerke auf Basis eines Lorenfahrgestells. Das Baujahr ist nicht mehr genau feststellbar, diese leichte Bauart wurde vermutlich um 1902 gebaut. Die Lok kam im November 1970 zur SKBG nach Holm-Seppensen und wurde dort nach Aufnahme des Museumsbetriebes als Bremslok eingesetzt. Im Dezember [&hellip;]<\/p>\n","protected":false},"author":2,"featured_media":0,"parent":0,"menu_order":0,"comment_status":"closed","ping_status":"closed","template":"","meta":{"_editorskit_title_hidden":false,"_editorskit_reading_time":0,"_editorskit_is_block_options_detached":false,"_editorskit_block_options_position":"{}","_coblocks_attr":"","_coblocks_dimensions":"","_coblocks_responsive_height":"","_coblocks_accordion_ie_support":"","_eb_attr":"","editor_plus_copied_stylings":"{}","ocean_post_layout":"","ocean_both_sidebars_style":"","ocean_both_sidebars_content_width":0,"ocean_both_sidebars_sidebars_width":0,"ocean_sidebar":"","ocean_second_sidebar":"","ocean_disable_margins":"enable","ocean_add_body_class":"","ocean_shortcode_before_top_bar":"","ocean_shortcode_after_top_bar":"","ocean_shortcode_before_header":"","ocean_shortcode_after_header":"","ocean_has_shortcode":"","ocean_shortcode_after_title":"","ocean_shortcode_before_footer_widgets":"","ocean_shortcode_after_footer_widgets":"","ocean_shortcode_before_footer_bottom":"","ocean_shortcode_after_footer_bottom":"","ocean_display_top_bar":"default","ocean_display_header":"default","ocean_header_style":"","ocean_center_header_left_menu":"","ocean_custom_header_template":"","ocean_custom_logo":0,"ocean_custom_retina_logo":0,"ocean_custom_logo_max_width":0,"ocean_custom_logo_tablet_max_width":0,"ocean_custom_logo_mobile_max_width":0,"ocean_custom_logo_max_height":0,"ocean_custom_logo_tablet_max_height":0,"ocean_custom_logo_mobile_max_height":0,"ocean_header_custom_menu":"","ocean_menu_typo_font_family":"","ocean_menu_typo_font_subset":"","ocean_menu_typo_font_size":0,"ocean_menu_typo_font_size_tablet":0,"ocean_menu_typo_font_size_mobile":0,"ocean_menu_typo_font_size_unit":"px","ocean_menu_typo_font_weight":"","ocean_menu_typo_font_weight_tablet":"","ocean_menu_typo_font_weight_mobile":"","ocean_menu_typo_transform":"","ocean_menu_typo_transform_tablet":"","ocean_menu_typo_transform_mobile":"","ocean_menu_typo_line_height":0,"ocean_menu_typo_line_height_tablet":0,"ocean_menu_typo_line_height_mobile":0,"ocean_menu_typo_line_height_unit":"","ocean_menu_typo_spacing":0,"ocean_menu_typo_spacing_tablet":0,"ocean_menu_typo_spacing_mobile":0,"ocean_menu_typo_spacing_unit":"","ocean_menu_link_color":"","ocean_menu_link_color_hover":"","ocean_menu_link_color_active":"","ocean_menu_link_background":"","ocean_menu_link_hover_background":"","ocean_menu_link_active_background":"","ocean_menu_social_links_bg":"","ocean_menu_social_hover_links_bg":"","ocean_menu_social_links_color":"","ocean_menu_social_hover_links_color":"","ocean_disable_title":"default","ocean_disable_heading":"default","ocean_post_title":"","ocean_post_subheading":"","ocean_post_title_style":"","ocean_post_title_background_color":"","ocean_post_title_background":0,"ocean_post_title_bg_image_position":"","ocean_post_title_bg_image_attachment":"","ocean_post_title_bg_image_repeat":"","ocean_post_title_bg_image_size":"","ocean_post_title_height":0,"ocean_post_title_bg_overlay":0.5,"ocean_post_title_bg_overlay_color":"","ocean_disable_breadcrumbs":"default","ocean_breadcrumbs_color":"","ocean_breadcrumbs_separator_color":"","ocean_breadcrumbs_links_color":"","ocean_breadcrumbs_links_hover_color":"","ocean_display_footer_widgets":"default","ocean_display_footer_bottom":"default","ocean_custom_footer_template":"","footnotes":""},"class_list":["post-2493","page","type-page","status-publish","hentry","entry"],"publishpress_future_action":{"enabled":false,"date":"2026-04-22 10:16:45","action":"change-status","newStatus":"draft","terms":[],"taxonomy":"","extraData":[]},"publishpress_future_workflow_manual_trigger":{"enabledWorkflows":[]},"_links":{"self":[{"href":"https:\/\/kleinbahn-deinste.de\/en\/wp-json\/wp\/v2\/pages\/2493","targetHints":{"allow":["GET"]}}],"collection":[{"href":"https:\/\/kleinbahn-deinste.de\/en\/wp-json\/wp\/v2\/pages"}],"about":[{"href":"https:\/\/kleinbahn-deinste.de\/en\/wp-json\/wp\/v2\/types\/page"}],"author":[{"embeddable":true,"href":"https:\/\/kleinbahn-deinste.de\/en\/wp-json\/wp\/v2\/users\/2"}],"replies":[{"embeddable":true,"href":"https:\/\/kleinbahn-deinste.de\/en\/wp-json\/wp\/v2\/comments?post=2493"}],"version-history":[{"count":3,"href":"https:\/\/kleinbahn-deinste.de\/en\/wp-json\/wp\/v2\/pages\/2493\/revisions"}],"predecessor-version":[{"id":3636,"href":"https:\/\/kleinbahn-deinste.de\/en\/wp-json\/wp\/v2\/pages\/2493\/revisions\/3636"}],"wp:attachment":[{"href":"https:\/\/kleinbahn-deinste.de\/en\/wp-json\/wp\/v2\/media?parent=2493"}],"curies":[{"name":"wp","href":"https:\/\/api.w.org\/{rel}","templated":true}]}}