{"id":2502,"date":"2024-07-10T17:28:37","date_gmt":"2024-07-10T17:28:37","guid":{"rendered":"https:\/\/kleinbahn-deinste.de\/stage-kleinbahn-\/?page_id=2502"},"modified":"2025-03-31T18:13:09","modified_gmt":"2025-03-31T16:13:09","slug":"schoema-2673-3","status":"publish","type":"page","link":"https:\/\/kleinbahn-deinste.de\/en\/schoema-2673-3\/","title":{"rendered":"Schoema 2673"},"content":{"rendered":"<h2 class=\"wp-block-heading has-text-align-center has-black-color has-text-color has-background has-link-color eplus-wrapper wp-elements-49d6b29f6c7a659da441e2775d126047 eplus-styles-uid-f07884\" style=\"background-color:#009933\">Sch\u00f6ma 2673<\/h2>\n\n<div class=\"wp-block-columns eplus-wrapper is-layout-flex wp-container-core-columns-is-layout-9d6595d7 wp-block-columns-is-layout-flex eplus-styles-uid-efe2a2\">\n<div class=\"wp-block-column is-vertically-aligned-top eplus-wrapper is-layout-flow wp-block-column-is-layout-flow\" style=\"flex-basis:50%\"><div class=\"wp-block-image is-style-editorskit-rounded\"><figure class=\"aligncenter size-large eplus-wrapper eplus-styles-uid-9f9765\"><a href=\"https:\/\/kleinbahn-deinste.de\/wp-content\/uploads\/2024\/07\/Schoema2673-01.jpg\"><img loading=\"lazy\" decoding=\"async\" width=\"1024\" height=\"576\" src=\"https:\/\/kleinbahn-deinste.de\/wp-content\/uploads\/2024\/07\/Schoema2673-01-1024x576.jpg\" alt=\"\" class=\"wp-image-2503\" srcset=\"https:\/\/kleinbahn-deinste.de\/wp-content\/uploads\/2024\/07\/Schoema2673-01-1024x576.jpg 1024w, https:\/\/kleinbahn-deinste.de\/wp-content\/uploads\/2024\/07\/Schoema2673-01-300x169.jpg 300w, https:\/\/kleinbahn-deinste.de\/wp-content\/uploads\/2024\/07\/Schoema2673-01-768x432.jpg 768w, https:\/\/kleinbahn-deinste.de\/wp-content\/uploads\/2024\/07\/Schoema2673-01-800x450.jpg 800w, https:\/\/kleinbahn-deinste.de\/wp-content\/uploads\/2024\/07\/Schoema2673-01.jpg 1080w\" sizes=\"auto, (max-width: 1024px) 100vw, 1024px\" \/><\/a><\/figure><\/div><\/div>\n\n\n\n<div class=\"wp-block-column is-vertically-aligned-center eplus-wrapper is-layout-flow wp-block-column-is-layout-flow\" style=\"flex-basis:50%\"><figure class=\"is-style-editorskit-rounded wp-block-image size-large eplus-wrapper eplus-styles-uid-c482d7\"><a href=\"https:\/\/kleinbahn-deinste.de\/stage-kleinbahn-\/wp-content\/uploads\/2014\/12\/schoema-2673.jpg\"><img decoding=\"async\" src=\"https:\/\/kleinbahn-deinste.de\/wp-content\/uploads\/2014\/12\/schoema-2673.jpg\" alt=\"Sch\u00f6ma 2673\"><\/a><\/figure><\/div>\n<\/div>\n\n\n<hr class=\"wp-block-coblocks-dynamic-separator has-background has-black-color is-style-fullwidth\" style=\"height:3px\"\/>\n\n\n\n<p style=\"font-size:17px\" class=\"eplus-wrapper\">The delivery was made in 1963 to W. Auerbach, Dortmund for Rhein.-Westf. Wasserwerke mbH, M\u00fclheim. It was passed on to the Dieter Meiners peat works in Steinau in 1965. In 2002, the DFKM was able to acquire the locomotive for its museum. It has a semi-mechanical transmission with a 2-cylinder 4-stroke diesel engine and electric starter.<\/p>\n\n\n\n<p style=\"font-size:17px\" class=\"eplus-wrapper\">The locomotive is ready for operation<\/p>","protected":false},"excerpt":{"rendered":"<p>Sch\u00f6ma 2673 Die Auslieferung erfolgte 1963 an W. Auerbach, Dortmund f\u00fcr die Rhein.-Westf. Wasserwerke mbH, M\u00fclheim. Weitergabe 1965 an das Torfwerk Dieter Meiners in Steinau. 2002 konnte das DFKM die Lok f\u00fcr sein Museum \u00fcbernehmen. Verbaut ist ein halbmechanisches Getriebe mit 2 Zylinder 4Takt-Dieselmotor und Elektrostarter. Die Lok ist betriebsbereit.<\/p>","protected":false},"author":2,"featured_media":0,"parent":0,"menu_order":0,"comment_status":"closed","ping_status":"closed","template":"","meta":{"_editorskit_title_hidden":false,"_editorskit_reading_time":0,"_editorskit_is_block_options_detached":false,"_editorskit_block_options_position":"{}","_coblocks_attr":"","_coblocks_dimensions":"","_coblocks_responsive_height":"","_coblocks_accordion_ie_support":"","_eb_attr":"","editor_plus_copied_stylings":"{}","ocean_post_layout":"","ocean_both_sidebars_style":"","ocean_both_sidebars_content_width":0,"ocean_both_sidebars_sidebars_width":0,"ocean_sidebar":"","ocean_second_sidebar":"","ocean_disable_margins":"enable","ocean_add_body_class":"","ocean_shortcode_before_top_bar":"","ocean_shortcode_after_top_bar":"","ocean_shortcode_before_header":"","ocean_shortcode_after_header":"","ocean_has_shortcode":"","ocean_shortcode_after_title":"","ocean_shortcode_before_footer_widgets":"","ocean_shortcode_after_footer_widgets":"","ocean_shortcode_before_footer_bottom":"","ocean_shortcode_after_footer_bottom":"","ocean_display_top_bar":"default","ocean_display_header":"default","ocean_header_style":"","ocean_center_header_left_menu":"","ocean_custom_header_template":"","ocean_custom_logo":0,"ocean_custom_retina_logo":0,"ocean_custom_logo_max_width":0,"ocean_custom_logo_tablet_max_width":0,"ocean_custom_logo_mobile_max_width":0,"ocean_custom_logo_max_height":0,"ocean_custom_logo_tablet_max_height":0,"ocean_custom_logo_mobile_max_height":0,"ocean_header_custom_menu":"","ocean_menu_typo_font_family":"","ocean_menu_typo_font_subset":"","ocean_menu_typo_font_size":0,"ocean_menu_typo_font_size_tablet":0,"ocean_menu_typo_font_size_mobile":0,"ocean_menu_typo_font_size_unit":"px","ocean_menu_typo_font_weight":"","ocean_menu_typo_font_weight_tablet":"","ocean_menu_typo_font_weight_mobile":"","ocean_menu_typo_transform":"","ocean_menu_typo_transform_tablet":"","ocean_menu_typo_transform_mobile":"","ocean_menu_typo_line_height":0,"ocean_menu_typo_line_height_tablet":0,"ocean_menu_typo_line_height_mobile":0,"ocean_menu_typo_line_height_unit":"","ocean_menu_typo_spacing":0,"ocean_menu_typo_spacing_tablet":0,"ocean_menu_typo_spacing_mobile":0,"ocean_menu_typo_spacing_unit":"","ocean_menu_link_color":"","ocean_menu_link_color_hover":"","ocean_menu_link_color_active":"","ocean_menu_link_background":"","ocean_menu_link_hover_background":"","ocean_menu_link_active_background":"","ocean_menu_social_links_bg":"","ocean_menu_social_hover_links_bg":"","ocean_menu_social_links_color":"","ocean_menu_social_hover_links_color":"","ocean_disable_title":"default","ocean_disable_heading":"default","ocean_post_title":"","ocean_post_subheading":"","ocean_post_title_style":"","ocean_post_title_background_color":"","ocean_post_title_background":0,"ocean_post_title_bg_image_position":"","ocean_post_title_bg_image_attachment":"","ocean_post_title_bg_image_repeat":"","ocean_post_title_bg_image_size":"","ocean_post_title_height":0,"ocean_post_title_bg_overlay":0.5,"ocean_post_title_bg_overlay_color":"","ocean_disable_breadcrumbs":"default","ocean_breadcrumbs_color":"","ocean_breadcrumbs_separator_color":"","ocean_breadcrumbs_links_color":"","ocean_breadcrumbs_links_hover_color":"","ocean_display_footer_widgets":"default","ocean_display_footer_bottom":"default","ocean_custom_footer_template":"","footnotes":""},"class_list":["post-2502","page","type-page","status-publish","hentry","entry"],"publishpress_future_action":{"enabled":false,"date":"2026-04-22 18:32:08","action":"change-status","newStatus":"draft","terms":[],"taxonomy":"","extraData":[]},"publishpress_future_workflow_manual_trigger":{"enabledWorkflows":[]},"_links":{"self":[{"href":"https:\/\/kleinbahn-deinste.de\/en\/wp-json\/wp\/v2\/pages\/2502","targetHints":{"allow":["GET"]}}],"collection":[{"href":"https:\/\/kleinbahn-deinste.de\/en\/wp-json\/wp\/v2\/pages"}],"about":[{"href":"https:\/\/kleinbahn-deinste.de\/en\/wp-json\/wp\/v2\/types\/page"}],"author":[{"embeddable":true,"href":"https:\/\/kleinbahn-deinste.de\/en\/wp-json\/wp\/v2\/users\/2"}],"replies":[{"embeddable":true,"href":"https:\/\/kleinbahn-deinste.de\/en\/wp-json\/wp\/v2\/comments?post=2502"}],"version-history":[{"count":7,"href":"https:\/\/kleinbahn-deinste.de\/en\/wp-json\/wp\/v2\/pages\/2502\/revisions"}],"predecessor-version":[{"id":4250,"href":"https:\/\/kleinbahn-deinste.de\/en\/wp-json\/wp\/v2\/pages\/2502\/revisions\/4250"}],"wp:attachment":[{"href":"https:\/\/kleinbahn-deinste.de\/en\/wp-json\/wp\/v2\/media?parent=2502"}],"curies":[{"name":"wp","href":"https:\/\/api.w.org\/{rel}","templated":true}]}}