{"id":2522,"date":"2024-07-11T16:55:49","date_gmt":"2024-07-11T16:55:49","guid":{"rendered":"https:\/\/kleinbahn-deinste.de\/stage-kleinbahn-\/?page_id=2522"},"modified":"2025-03-07T12:27:56","modified_gmt":"2025-03-07T11:27:56","slug":"gmeinder-4269","status":"publish","type":"page","link":"https:\/\/kleinbahn-deinste.de\/en\/gmeinder-4269\/","title":{"rendered":"Gmeinder 4269"},"content":{"rendered":"<h2 class=\"wp-block-heading has-text-align-center has-black-color has-text-color has-background has-link-color eplus-wrapper wp-elements-35ce2d181ed366680ff13cd09d0de942 eplus-styles-uid-f07884\" style=\"background-color:#009933\">Gmeinder 4269<\/h2>\n\n<div class=\"wp-block-columns eplus-wrapper is-layout-flex wp-container-core-columns-is-layout-9d6595d7 wp-block-columns-is-layout-flex eplus-styles-uid-a8b1ca\">\n<div class=\"wp-block-column eplus-wrapper is-layout-flow wp-block-column-is-layout-flow\" style=\"flex-basis:33.34%\"><figure class=\"is-style-editorskit-rounded wp-block-image size-large eplus-wrapper eplus-styles-uid-92baf8\"><a href=\"https:\/\/kleinbahn-deinste.de\/wp-content\/uploads\/2024\/07\/GmeinderV24.jpg\"><img loading=\"lazy\" decoding=\"async\" width=\"1024\" height=\"683\" src=\"https:\/\/kleinbahn-deinste.de\/wp-content\/uploads\/2024\/07\/GmeinderV24-1024x683.jpg\" alt=\"\" class=\"wp-image-2523\" srcset=\"https:\/\/kleinbahn-deinste.de\/wp-content\/uploads\/2024\/07\/GmeinderV24-1024x683.jpg 1024w, https:\/\/kleinbahn-deinste.de\/wp-content\/uploads\/2024\/07\/GmeinderV24-300x200.jpg 300w, https:\/\/kleinbahn-deinste.de\/wp-content\/uploads\/2024\/07\/GmeinderV24-768x512.jpg 768w, https:\/\/kleinbahn-deinste.de\/wp-content\/uploads\/2024\/07\/GmeinderV24.jpg 1080w\" sizes=\"auto, (max-width: 1024px) 100vw, 1024px\" \/><\/a><\/figure><\/div>\n\n\n\n<div class=\"wp-block-column eplus-wrapper is-layout-flow wp-block-column-is-layout-flow\" style=\"flex-basis:28%\"><figure class=\"is-style-editorskit-rounded wp-block-image size-large eplus-wrapper eplus-styles-uid-92baf8\"><a href=\"https:\/\/kleinbahn-deinste.de\/stage-kleinbahn-\/wp-content\/uploads\/2024\/06\/GmeinderHF50B-01.jpg\"><img decoding=\"async\" src=\"https:\/\/kleinbahn-deinste.de\/wp-content\/uploads\/2024\/06\/GmeinderHF50B-01.jpg\" alt=\"\"><\/a><\/figure><\/div>\n\n\n\n<div class=\"wp-block-column eplus-wrapper is-layout-flow wp-block-column-is-layout-flow\" style=\"flex-basis:33%\"><figure class=\"is-style-editorskit-rounded wp-block-image size-large eplus-wrapper eplus-styles-uid-8080b2\"><a href=\"https:\/\/kleinbahn-deinste.de\/stage-kleinbahn-\/wp-content\/uploads\/2014\/12\/gmeinder-4269.jpg\"><img decoding=\"async\" src=\"https:\/\/kleinbahn-deinste.de\/wp-content\/uploads\/2014\/12\/gmeinder-4269.jpg\" alt=\"Gmeinder 4269\"><\/a><\/figure><\/div>\n<\/div>\n\n\n<hr class=\"wp-block-coblocks-dynamic-separator has-background has-black-color is-style-fullwidth\" style=\"height:10px\"\/>\n\n\n\n<p style=\"font-size:17px\" class=\"eplus-wrapper\">The locomotive factory Gmeinder &amp; Co., Mosbach\/Baden, built our diesel locomotive 24 in 1944 according to the Heeresfeldbahn type sheet 50B.<\/p>\n\n\n\n<p style=\"font-size:17px\" class=\"eplus-wrapper\">On 19 August 1963, the Bremen construction company Siemer &amp; M\u00fcller acquired the locomotive. After field railway operations had largely ceased, Siemer &amp; M\u00fcller donated diesel locomotives 24 and 34 to the DFKM. On 20 June 1981, both locomotives were brought to Deinste on a low-loader.<\/p>\n\n\n\n<p style=\"font-size:17px\" class=\"eplus-wrapper\">Diesel locomotive 24 has a water-cooled KHD engine of type A4M517 with 4 cylinders and a 4-stroke diesel engine with 50 hp as well as a semi-mechanical transmission with electric starter. The driver's cab was built in-house for use on construction sites. In its original condition, there was only a \"driver's cab cover\", which was no higher than the engine front end.<\/p>\n\n\n\n<p style=\"font-size:17px\" class=\"eplus-wrapper\">The locomotive is ready for operation and was thoroughly restored in 2022.<\/p>","protected":false},"excerpt":{"rendered":"<p>Gmeinder 4269 Die Lokomotivfabrik Gmeinder&nbsp;&amp;&nbsp;Co., Mosbach\/Baden, baute unsere Diesellok 24 im Jahre 1944 nach dem Heeresfeldbahn-Typenblatt 50B. Am 19. August 1963 erwarb die Bremer Bauunternehmung Siemer&nbsp;&amp;&nbsp;M\u00fcller die Lok. Nachdem der Feldbahnbetrieb weitestgehend eingestellt worden war, \u00fcberlie\u00df Siemer&nbsp;&amp;&nbsp;M\u00fcller dem DFKM Diesellok 24 und 34 auf Spendenbasis. Am 20. Juni 1981 wurden beide Loks mit dem Tieflader [&hellip;]<\/p>\n","protected":false},"author":2,"featured_media":0,"parent":0,"menu_order":0,"comment_status":"closed","ping_status":"closed","template":"","meta":{"_editorskit_title_hidden":false,"_editorskit_reading_time":0,"_editorskit_is_block_options_detached":false,"_editorskit_block_options_position":"{}","_coblocks_attr":"","_coblocks_dimensions":"","_coblocks_responsive_height":"","_coblocks_accordion_ie_support":"","_eb_attr":"","editor_plus_copied_stylings":"{}","ocean_post_layout":"","ocean_both_sidebars_style":"","ocean_both_sidebars_content_width":0,"ocean_both_sidebars_sidebars_width":0,"ocean_sidebar":"","ocean_second_sidebar":"","ocean_disable_margins":"enable","ocean_add_body_class":"","ocean_shortcode_before_top_bar":"","ocean_shortcode_after_top_bar":"","ocean_shortcode_before_header":"","ocean_shortcode_after_header":"","ocean_has_shortcode":"","ocean_shortcode_after_title":"","ocean_shortcode_before_footer_widgets":"","ocean_shortcode_after_footer_widgets":"","ocean_shortcode_before_footer_bottom":"","ocean_shortcode_after_footer_bottom":"","ocean_display_top_bar":"default","ocean_display_header":"default","ocean_header_style":"","ocean_center_header_left_menu":"","ocean_custom_header_template":"","ocean_custom_logo":0,"ocean_custom_retina_logo":0,"ocean_custom_logo_max_width":0,"ocean_custom_logo_tablet_max_width":0,"ocean_custom_logo_mobile_max_width":0,"ocean_custom_logo_max_height":0,"ocean_custom_logo_tablet_max_height":0,"ocean_custom_logo_mobile_max_height":0,"ocean_header_custom_menu":"","ocean_menu_typo_font_family":"","ocean_menu_typo_font_subset":"","ocean_menu_typo_font_size":0,"ocean_menu_typo_font_size_tablet":0,"ocean_menu_typo_font_size_mobile":0,"ocean_menu_typo_font_size_unit":"px","ocean_menu_typo_font_weight":"","ocean_menu_typo_font_weight_tablet":"","ocean_menu_typo_font_weight_mobile":"","ocean_menu_typo_transform":"","ocean_menu_typo_transform_tablet":"","ocean_menu_typo_transform_mobile":"","ocean_menu_typo_line_height":0,"ocean_menu_typo_line_height_tablet":0,"ocean_menu_typo_line_height_mobile":0,"ocean_menu_typo_line_height_unit":"","ocean_menu_typo_spacing":0,"ocean_menu_typo_spacing_tablet":0,"ocean_menu_typo_spacing_mobile":0,"ocean_menu_typo_spacing_unit":"","ocean_menu_link_color":"","ocean_menu_link_color_hover":"","ocean_menu_link_color_active":"","ocean_menu_link_background":"","ocean_menu_link_hover_background":"","ocean_menu_link_active_background":"","ocean_menu_social_links_bg":"","ocean_menu_social_hover_links_bg":"","ocean_menu_social_links_color":"","ocean_menu_social_hover_links_color":"","ocean_disable_title":"default","ocean_disable_heading":"default","ocean_post_title":"","ocean_post_subheading":"","ocean_post_title_style":"","ocean_post_title_background_color":"","ocean_post_title_background":0,"ocean_post_title_bg_image_position":"","ocean_post_title_bg_image_attachment":"","ocean_post_title_bg_image_repeat":"","ocean_post_title_bg_image_size":"","ocean_post_title_height":0,"ocean_post_title_bg_overlay":0.5,"ocean_post_title_bg_overlay_color":"","ocean_disable_breadcrumbs":"default","ocean_breadcrumbs_color":"","ocean_breadcrumbs_separator_color":"","ocean_breadcrumbs_links_color":"","ocean_breadcrumbs_links_hover_color":"","ocean_display_footer_widgets":"default","ocean_display_footer_bottom":"default","ocean_custom_footer_template":"","footnotes":""},"class_list":["post-2522","page","type-page","status-publish","hentry","entry"],"publishpress_future_action":{"enabled":false,"date":"2026-04-22 10:15:45","action":"change-status","newStatus":"draft","terms":[],"taxonomy":"","extraData":[]},"publishpress_future_workflow_manual_trigger":{"enabledWorkflows":[]},"_links":{"self":[{"href":"https:\/\/kleinbahn-deinste.de\/en\/wp-json\/wp\/v2\/pages\/2522","targetHints":{"allow":["GET"]}}],"collection":[{"href":"https:\/\/kleinbahn-deinste.de\/en\/wp-json\/wp\/v2\/pages"}],"about":[{"href":"https:\/\/kleinbahn-deinste.de\/en\/wp-json\/wp\/v2\/types\/page"}],"author":[{"embeddable":true,"href":"https:\/\/kleinbahn-deinste.de\/en\/wp-json\/wp\/v2\/users\/2"}],"replies":[{"embeddable":true,"href":"https:\/\/kleinbahn-deinste.de\/en\/wp-json\/wp\/v2\/comments?post=2522"}],"version-history":[{"count":5,"href":"https:\/\/kleinbahn-deinste.de\/en\/wp-json\/wp\/v2\/pages\/2522\/revisions"}],"predecessor-version":[{"id":4162,"href":"https:\/\/kleinbahn-deinste.de\/en\/wp-json\/wp\/v2\/pages\/2522\/revisions\/4162"}],"wp:attachment":[{"href":"https:\/\/kleinbahn-deinste.de\/en\/wp-json\/wp\/v2\/media?parent=2522"}],"curies":[{"name":"wp","href":"https:\/\/api.w.org\/{rel}","templated":true}]}}