{"id":2547,"date":"2024-07-11T18:07:46","date_gmt":"2024-07-11T18:07:46","guid":{"rendered":"https:\/\/kleinbahn-deinste.de\/stage-kleinbahn-\/?page_id=2547"},"modified":"2026-04-11T19:44:20","modified_gmt":"2026-04-11T17:44:20","slug":"ruhrthaler-2418","status":"publish","type":"page","link":"https:\/\/kleinbahn-deinste.de\/en\/ruhrthaler-2418\/","title":{"rendered":"Ruhrthaler 2418"},"content":{"rendered":"<h2 class=\"wp-block-heading has-text-align-center has-black-color has-text-color has-background has-link-color eplus-wrapper wp-elements-ee1ad6b193935df82cfb326835d2be2d eplus-styles-uid-f07884\" style=\"background-color:#009933\">Ruhrthaler 2418<\/h2>\n\n<figure class=\"is-style-editorskit-rounded wp-block-image size-full eplus-wrapper eplus-styles-uid-7feed8\"><img loading=\"lazy\" decoding=\"async\" width=\"796\" height=\"551\" src=\"https:\/\/kleinbahn-deinste.de\/wp-content\/uploads\/2025\/07\/RuhrthalerAIcolorised-1.jpg\" alt=\"\" class=\"wp-image-4456\" srcset=\"https:\/\/kleinbahn-deinste.de\/wp-content\/uploads\/2025\/07\/RuhrthalerAIcolorised-1.jpg 796w, https:\/\/kleinbahn-deinste.de\/wp-content\/uploads\/2025\/07\/RuhrthalerAIcolorised-1-300x208.jpg 300w, https:\/\/kleinbahn-deinste.de\/wp-content\/uploads\/2025\/07\/RuhrthalerAIcolorised-1-768x532.jpg 768w, https:\/\/kleinbahn-deinste.de\/wp-content\/uploads\/2025\/07\/RuhrthalerAIcolorised-1-50x35.jpg 50w, https:\/\/kleinbahn-deinste.de\/wp-content\/uploads\/2025\/07\/RuhrthalerAIcolorised-1-18x12.jpg 18w\" sizes=\"auto, (max-width: 796px) 100vw, 796px\" \/><figcaption class=\"wp-element-caption\">\u00a9 H. Vogel (Bild nachtr\u00e4glich koloriert)<\/figcaption><\/figure>\n\n\n<hr class=\"wp-block-coblocks-dynamic-separator has-background has-black-color is-style-fullwidth\" style=\"height:10px\"\/>\n\n\n\n<p class=\"has-black-color has-text-color has-link-color eplus-wrapper wp-elements-05b2bd19a73c3859a0fecbe143cdefca\" style=\"font-size:17px\">The Ruhrthaler Maschinenfabrik Schwarz &amp; Dyckerhoff KG, M\u00fclheim\/Ruhr, delivered our diesel locomotive 34 to the German Navy, Kiel shipyard, presumably around 1942\/43. It was later sold to the Bremen construction company Siemer &amp; M\u00fcller. After it was no longer needed there, locomotive 34 was transferred to Deinste together with locomotive 24 by DFKM members on 20 June 1981.<\/p>\n\n\n\n<p class=\"has-black-color has-text-color has-link-color eplus-wrapper wp-elements-bf3bd55f76dd28ab854a6d3512a8c05a\" style=\"font-size:17px\">In the original version built as a mine locomotive, diesel locomotive 34 originally had an open driver's cab. At Siemer &amp; M\u00fcller the locomotive was equipped with it roofed driver's cab. There, the factory-fitted two-cylinder Benz engine with 42 hp was also replaced with today's KHD engine with 50 hp.<\/p>\n\n\n\n<p class=\"has-black-color has-text-color has-link-color eplus-wrapper wp-elements-22171ab3bfeee1445475e6667f799af4\" style=\"font-size:17px\">Diesel locomotive 34 has a mechanical three-speed transmission and coupling rods for power transmission to the first axle. The high weight in combined with the 50 hp engine makes Diesel Locomotive 34 extremely powerful.<\/p>\n\n\n\n<p class=\"has-black-color has-text-color has-link-color eplus-wrapper wp-elements-e3f5cf9a7a74b1bad97c7bc04b67f6bb\" style=\"font-size:17px\">The locomotive is ready for operation<\/p>\n\n\n\n<p class=\"eplus-wrapper\"><\/p>","protected":false},"excerpt":{"rendered":"<p>Ruhrthaler 2418 Die Ruhrthaler Maschinenfabrik Schwarz &amp; Dyckerhoff KG, M\u00fclheim\/Ruhr, lieferte unsere Diesellok 34 vermutlich um 1942\/43 an die Kriegsmarine, Werft Kiel. Sp\u00e4ter wurde sie an die Bremer Bauunternehmung Siemer &amp; M\u00fcller verkauft. Nachdem sie dort nicht mehr ben\u00f6tigt wurde, konnte Lok 34 am 20.&nbsp;Juni&nbsp;1981 zusammen mit Lok 24 von DFKM-Mitgliedern nach Deinste \u00fcberf\u00fchrt werden. [&hellip;]<\/p>\n","protected":false},"author":2,"featured_media":0,"parent":0,"menu_order":0,"comment_status":"closed","ping_status":"closed","template":"","meta":{"_editorskit_title_hidden":false,"_editorskit_reading_time":0,"_editorskit_is_block_options_detached":false,"_editorskit_block_options_position":"{}","_coblocks_attr":"Helvetica,Arvo,Open Sans","_coblocks_dimensions":"","_coblocks_responsive_height":"","_coblocks_accordion_ie_support":"","_eb_attr":"","editor_plus_copied_stylings":"{}","ocean_post_layout":"","ocean_both_sidebars_style":"","ocean_both_sidebars_content_width":0,"ocean_both_sidebars_sidebars_width":0,"ocean_sidebar":"","ocean_second_sidebar":"","ocean_disable_margins":"enable","ocean_add_body_class":"","ocean_shortcode_before_top_bar":"","ocean_shortcode_after_top_bar":"","ocean_shortcode_before_header":"","ocean_shortcode_after_header":"","ocean_has_shortcode":"","ocean_shortcode_after_title":"","ocean_shortcode_before_footer_widgets":"","ocean_shortcode_after_footer_widgets":"","ocean_shortcode_before_footer_bottom":"","ocean_shortcode_after_footer_bottom":"","ocean_display_top_bar":"default","ocean_display_header":"default","ocean_header_style":"","ocean_center_header_left_menu":"","ocean_custom_header_template":"","ocean_custom_logo":0,"ocean_custom_retina_logo":0,"ocean_custom_logo_max_width":0,"ocean_custom_logo_tablet_max_width":0,"ocean_custom_logo_mobile_max_width":0,"ocean_custom_logo_max_height":0,"ocean_custom_logo_tablet_max_height":0,"ocean_custom_logo_mobile_max_height":0,"ocean_header_custom_menu":"","ocean_menu_typo_font_family":"","ocean_menu_typo_font_subset":"","ocean_menu_typo_font_size":0,"ocean_menu_typo_font_size_tablet":0,"ocean_menu_typo_font_size_mobile":0,"ocean_menu_typo_font_size_unit":"px","ocean_menu_typo_font_weight":"","ocean_menu_typo_font_weight_tablet":"","ocean_menu_typo_font_weight_mobile":"","ocean_menu_typo_transform":"","ocean_menu_typo_transform_tablet":"","ocean_menu_typo_transform_mobile":"","ocean_menu_typo_line_height":0,"ocean_menu_typo_line_height_tablet":0,"ocean_menu_typo_line_height_mobile":0,"ocean_menu_typo_line_height_unit":"","ocean_menu_typo_spacing":0,"ocean_menu_typo_spacing_tablet":0,"ocean_menu_typo_spacing_mobile":0,"ocean_menu_typo_spacing_unit":"","ocean_menu_link_color":"","ocean_menu_link_color_hover":"","ocean_menu_link_color_active":"","ocean_menu_link_background":"","ocean_menu_link_hover_background":"","ocean_menu_link_active_background":"","ocean_menu_social_links_bg":"","ocean_menu_social_hover_links_bg":"","ocean_menu_social_links_color":"","ocean_menu_social_hover_links_color":"","ocean_disable_title":"default","ocean_disable_heading":"default","ocean_post_title":"","ocean_post_subheading":"","ocean_post_title_style":"","ocean_post_title_background_color":"","ocean_post_title_background":0,"ocean_post_title_bg_image_position":"","ocean_post_title_bg_image_attachment":"","ocean_post_title_bg_image_repeat":"","ocean_post_title_bg_image_size":"","ocean_post_title_height":0,"ocean_post_title_bg_overlay":0.5,"ocean_post_title_bg_overlay_color":"","ocean_disable_breadcrumbs":"default","ocean_breadcrumbs_color":"","ocean_breadcrumbs_separator_color":"","ocean_breadcrumbs_links_color":"","ocean_breadcrumbs_links_hover_color":"","ocean_display_footer_widgets":"default","ocean_display_footer_bottom":"default","ocean_custom_footer_template":"","footnotes":""},"class_list":["post-2547","page","type-page","status-publish","hentry","entry"],"publishpress_future_action":{"enabled":false,"date":"2026-04-22 10:15:45","action":"change-status","newStatus":"draft","terms":[],"taxonomy":"","extraData":[]},"publishpress_future_workflow_manual_trigger":{"enabledWorkflows":[]},"_links":{"self":[{"href":"https:\/\/kleinbahn-deinste.de\/en\/wp-json\/wp\/v2\/pages\/2547","targetHints":{"allow":["GET"]}}],"collection":[{"href":"https:\/\/kleinbahn-deinste.de\/en\/wp-json\/wp\/v2\/pages"}],"about":[{"href":"https:\/\/kleinbahn-deinste.de\/en\/wp-json\/wp\/v2\/types\/page"}],"author":[{"embeddable":true,"href":"https:\/\/kleinbahn-deinste.de\/en\/wp-json\/wp\/v2\/users\/2"}],"replies":[{"embeddable":true,"href":"https:\/\/kleinbahn-deinste.de\/en\/wp-json\/wp\/v2\/comments?post=2547"}],"version-history":[{"count":9,"href":"https:\/\/kleinbahn-deinste.de\/en\/wp-json\/wp\/v2\/pages\/2547\/revisions"}],"predecessor-version":[{"id":6562,"href":"https:\/\/kleinbahn-deinste.de\/en\/wp-json\/wp\/v2\/pages\/2547\/revisions\/6562"}],"wp:attachment":[{"href":"https:\/\/kleinbahn-deinste.de\/en\/wp-json\/wp\/v2\/media?parent=2547"}],"curies":[{"name":"wp","href":"https:\/\/api.w.org\/{rel}","templated":true}]}}