{"id":2552,"date":"2024-07-11T18:14:29","date_gmt":"2024-07-11T18:14:29","guid":{"rendered":"https:\/\/kleinbahn-deinste.de\/stage-kleinbahn-\/?page_id=2552"},"modified":"2025-03-07T12:43:30","modified_gmt":"2025-03-07T11:43:30","slug":"diema-2579","status":"publish","type":"page","link":"https:\/\/kleinbahn-deinste.de\/en\/diema-2579\/","title":{"rendered":"DIEMA 2579"},"content":{"rendered":"<h2 class=\"wp-block-heading has-text-align-center has-black-color has-text-color has-background has-link-color eplus-wrapper wp-elements-a1998c5b7dae03d15bb428ad3b2c12b0 eplus-styles-uid-f07884\" style=\"background-color:#009933\">DIEMA 2579<\/h2>\n\n<div class=\"wp-block-columns eplus-wrapper is-layout-flex wp-container-core-columns-is-layout-9d6595d7 wp-block-columns-is-layout-flex eplus-styles-uid-a0e894\">\n<div class=\"wp-block-column eplus-wrapper is-layout-flow wp-block-column-is-layout-flow\" style=\"flex-basis:50%\"><figure class=\"is-style-editorskit-rounded wp-block-image size-large eplus-wrapper eplus-styles-uid-92baf8\"><a href=\"https:\/\/kleinbahn-deinste.de\/stage-kleinbahn-\/wp-content\/uploads\/2014\/10\/img_20140525_143035_7153-scaled.jpg\"><img decoding=\"async\" src=\"https:\/\/kleinbahn-deinste.de\/wp-content\/uploads\/2014\/10\/img_20140525_143035_7153-scaled-1.jpg\" alt=\"DIEMA 2579\"><\/a><\/figure><\/div>\n\n\n\n<div class=\"wp-block-column eplus-wrapper is-layout-flow wp-block-column-is-layout-flow\" style=\"flex-basis:50%\"><figure class=\"is-style-editorskit-rounded wp-block-image size-large eplus-wrapper eplus-styles-uid-92baf8\"><a href=\"https:\/\/kleinbahn-deinste.de\/stage-kleinbahn-\/wp-content\/uploads\/2014\/12\/diema-2579-scaled.jpg\"><img decoding=\"async\" src=\"https:\/\/kleinbahn-deinste.de\/wp-content\/uploads\/2014\/12\/diema-2579-scaled-1.jpg\" alt=\"DIEMA 2579\"><\/a><\/figure><\/div>\n<\/div>\n\n\n<hr class=\"wp-block-coblocks-dynamic-separator has-background has-black-color is-style-fullwidth\" style=\"height:50px\"\/>\n\n\n\n<p class=\"has-black-color has-text-color has-link-color eplus-wrapper wp-elements-c8c560fbc214c749230a54f887297923\" style=\"font-size:17px\">As the DS14, it was delivered to Fritz Kirchhoff in Munich in 1963 for the G. Schneider brickworks. In 1981, it was returned to Diema in Diepholz, upgraded to the DS20 and sold to the Wilhelm Voss brickworks in Winsen-Scharmbeck in the same year. At the end of the 1990s, the DS20 was transferred to the Muggerkuhler Kleinbahn and in the early 2000s to the Friedersdorf Friends of Technology Association. Passed on to the German Feld- und Kleinbahnmuseum in 2012.<\/p>\n\n\n\n<p class=\"has-black-color has-text-color has-link-color eplus-wrapper wp-elements-51f34a44dc319d12f50a9d5c414eca75\" style=\"font-size:17px\"><a><\/a>The locomotive has a semi-mechanical gearbox and a 2-cylinder 4-stroke engine with electric starter.<\/p>\n\n\n\n<p class=\"has-black-color has-text-color has-link-color eplus-wrapper wp-elements-5c2ac9d0ad8a506953c462b524fa713c\" style=\"font-size:17px\"><a><\/a>The locomotive is ready for operation<\/p>\n\n\n\n<p class=\"eplus-wrapper\"><\/p>\n\n\n\n<p class=\"eplus-wrapper\"><\/p>","protected":false},"excerpt":{"rendered":"<p>DIEMA 2579 Als DS14 wurde sie 1963 an Fritz Kirchhoff in M\u00fcnchen f\u00fcr das Ziegelwerk G. Schneider ausgeliefert. 1981 wurde sie an Diema in Diepholz zur\u00fcckgegeben, zur DS20 aufgelastet und im gleichen Jahr an die Ziegelei Wilhelm Voss in Winsen-Scharmbeck verkauft. Ende der 1990er Jahre gelangte die DS20 zur Muggerkuhler Kleinbahn und Anfang der 2000er [&hellip;]<\/p>\n","protected":false},"author":2,"featured_media":0,"parent":0,"menu_order":0,"comment_status":"closed","ping_status":"closed","template":"","meta":{"_editorskit_title_hidden":false,"_editorskit_reading_time":0,"_editorskit_is_block_options_detached":false,"_editorskit_block_options_position":"{}","_coblocks_attr":"Playfair DisplayRobotoUbuntuArial,,,","_coblocks_dimensions":"","_coblocks_responsive_height":"","_coblocks_accordion_ie_support":"","_eb_attr":"","editor_plus_copied_stylings":"{}","ocean_post_layout":"","ocean_both_sidebars_style":"","ocean_both_sidebars_content_width":0,"ocean_both_sidebars_sidebars_width":0,"ocean_sidebar":"","ocean_second_sidebar":"","ocean_disable_margins":"enable","ocean_add_body_class":"","ocean_shortcode_before_top_bar":"","ocean_shortcode_after_top_bar":"","ocean_shortcode_before_header":"","ocean_shortcode_after_header":"","ocean_has_shortcode":"","ocean_shortcode_after_title":"","ocean_shortcode_before_footer_widgets":"","ocean_shortcode_after_footer_widgets":"","ocean_shortcode_before_footer_bottom":"","ocean_shortcode_after_footer_bottom":"","ocean_display_top_bar":"default","ocean_display_header":"default","ocean_header_style":"","ocean_center_header_left_menu":"","ocean_custom_header_template":"","ocean_custom_logo":0,"ocean_custom_retina_logo":0,"ocean_custom_logo_max_width":0,"ocean_custom_logo_tablet_max_width":0,"ocean_custom_logo_mobile_max_width":0,"ocean_custom_logo_max_height":0,"ocean_custom_logo_tablet_max_height":0,"ocean_custom_logo_mobile_max_height":0,"ocean_header_custom_menu":"","ocean_menu_typo_font_family":"","ocean_menu_typo_font_subset":"","ocean_menu_typo_font_size":0,"ocean_menu_typo_font_size_tablet":0,"ocean_menu_typo_font_size_mobile":0,"ocean_menu_typo_font_size_unit":"px","ocean_menu_typo_font_weight":"","ocean_menu_typo_font_weight_tablet":"","ocean_menu_typo_font_weight_mobile":"","ocean_menu_typo_transform":"","ocean_menu_typo_transform_tablet":"","ocean_menu_typo_transform_mobile":"","ocean_menu_typo_line_height":0,"ocean_menu_typo_line_height_tablet":0,"ocean_menu_typo_line_height_mobile":0,"ocean_menu_typo_line_height_unit":"","ocean_menu_typo_spacing":0,"ocean_menu_typo_spacing_tablet":0,"ocean_menu_typo_spacing_mobile":0,"ocean_menu_typo_spacing_unit":"","ocean_menu_link_color":"","ocean_menu_link_color_hover":"","ocean_menu_link_color_active":"","ocean_menu_link_background":"","ocean_menu_link_hover_background":"","ocean_menu_link_active_background":"","ocean_menu_social_links_bg":"","ocean_menu_social_hover_links_bg":"","ocean_menu_social_links_color":"","ocean_menu_social_hover_links_color":"","ocean_disable_title":"default","ocean_disable_heading":"default","ocean_post_title":"","ocean_post_subheading":"","ocean_post_title_style":"","ocean_post_title_background_color":"","ocean_post_title_background":0,"ocean_post_title_bg_image_position":"","ocean_post_title_bg_image_attachment":"","ocean_post_title_bg_image_repeat":"","ocean_post_title_bg_image_size":"","ocean_post_title_height":0,"ocean_post_title_bg_overlay":0.5,"ocean_post_title_bg_overlay_color":"","ocean_disable_breadcrumbs":"default","ocean_breadcrumbs_color":"","ocean_breadcrumbs_separator_color":"","ocean_breadcrumbs_links_color":"","ocean_breadcrumbs_links_hover_color":"","ocean_display_footer_widgets":"default","ocean_display_footer_bottom":"default","ocean_custom_footer_template":"","footnotes":""},"class_list":["post-2552","page","type-page","status-publish","hentry","entry"],"publishpress_future_action":{"enabled":false,"date":"2026-04-22 08:34:09","action":"change-status","newStatus":"draft","terms":[],"taxonomy":"","extraData":[]},"publishpress_future_workflow_manual_trigger":{"enabledWorkflows":[]},"_links":{"self":[{"href":"https:\/\/kleinbahn-deinste.de\/en\/wp-json\/wp\/v2\/pages\/2552","targetHints":{"allow":["GET"]}}],"collection":[{"href":"https:\/\/kleinbahn-deinste.de\/en\/wp-json\/wp\/v2\/pages"}],"about":[{"href":"https:\/\/kleinbahn-deinste.de\/en\/wp-json\/wp\/v2\/types\/page"}],"author":[{"embeddable":true,"href":"https:\/\/kleinbahn-deinste.de\/en\/wp-json\/wp\/v2\/users\/2"}],"replies":[{"embeddable":true,"href":"https:\/\/kleinbahn-deinste.de\/en\/wp-json\/wp\/v2\/comments?post=2552"}],"version-history":[{"count":4,"href":"https:\/\/kleinbahn-deinste.de\/en\/wp-json\/wp\/v2\/pages\/2552\/revisions"}],"predecessor-version":[{"id":4168,"href":"https:\/\/kleinbahn-deinste.de\/en\/wp-json\/wp\/v2\/pages\/2552\/revisions\/4168"}],"wp:attachment":[{"href":"https:\/\/kleinbahn-deinste.de\/en\/wp-json\/wp\/v2\/media?parent=2552"}],"curies":[{"name":"wp","href":"https:\/\/api.w.org\/{rel}","templated":true}]}}