{"id":2556,"date":"2024-07-11T18:19:46","date_gmt":"2024-07-11T18:19:46","guid":{"rendered":"https:\/\/kleinbahn-deinste.de\/stage-kleinbahn-\/?page_id=2556"},"modified":"2025-03-07T12:44:31","modified_gmt":"2025-03-07T11:44:31","slug":"diema-2940","status":"publish","type":"page","link":"https:\/\/kleinbahn-deinste.de\/en\/diema-2940\/","title":{"rendered":"DIEMA 2940"},"content":{"rendered":"<h2 class=\"wp-block-heading has-text-align-center has-black-color has-text-color has-background has-link-color eplus-wrapper wp-elements-b7ab3b582b4c628c745bdc787e9f2d7b eplus-styles-uid-f07884\" style=\"background-color:#009933\">DIEMA 2940<\/h2>\n\n<div class=\"wp-block-columns eplus-wrapper is-layout-flex wp-container-core-columns-is-layout-9d6595d7 wp-block-columns-is-layout-flex eplus-styles-uid-7a4373\">\n<div class=\"wp-block-column eplus-wrapper is-layout-flow wp-block-column-is-layout-flow\" style=\"flex-basis:50%\"><figure class=\"is-style-editorskit-rounded wp-block-image size-large eplus-wrapper eplus-styles-uid-92baf8\"><a href=\"https:\/\/kleinbahn-deinste.de\/wp-content\/uploads\/2024\/08\/DIEMA2940-01.jpg\"><img loading=\"lazy\" decoding=\"async\" width=\"1024\" height=\"768\" src=\"https:\/\/kleinbahn-deinste.de\/wp-content\/uploads\/2024\/08\/DIEMA2940-01-1024x768.jpg\" alt=\"\" class=\"wp-image-3254\" srcset=\"https:\/\/kleinbahn-deinste.de\/wp-content\/uploads\/2024\/08\/DIEMA2940-01-1024x768.jpg 1024w, https:\/\/kleinbahn-deinste.de\/wp-content\/uploads\/2024\/08\/DIEMA2940-01-300x225.jpg 300w, https:\/\/kleinbahn-deinste.de\/wp-content\/uploads\/2024\/08\/DIEMA2940-01-768x576.jpg 768w, https:\/\/kleinbahn-deinste.de\/wp-content\/uploads\/2024\/08\/DIEMA2940-01-50x38.jpg 50w, https:\/\/kleinbahn-deinste.de\/wp-content\/uploads\/2024\/08\/DIEMA2940-01-1600x1200.jpg 1600w, https:\/\/kleinbahn-deinste.de\/wp-content\/uploads\/2024\/08\/DIEMA2940-01-1536x1152.jpg 1536w, https:\/\/kleinbahn-deinste.de\/wp-content\/uploads\/2024\/08\/DIEMA2940-01-2048x1536.jpg 2048w, https:\/\/kleinbahn-deinste.de\/wp-content\/uploads\/2024\/08\/DIEMA2940-01-16x12.jpg 16w\" sizes=\"auto, (max-width: 1024px) 100vw, 1024px\" \/><\/a><\/figure><\/div>\n\n\n\n<div class=\"wp-block-column eplus-wrapper is-layout-flow wp-block-column-is-layout-flow\" style=\"flex-basis:50%\"><figure class=\"is-style-editorskit-rounded wp-block-image size-large eplus-wrapper eplus-styles-uid-92baf8\"><a href=\"https:\/\/kleinbahn-deinste.de\/stage-kleinbahn-\/wp-content\/uploads\/2014\/12\/dscf7282-scaled.jpg\"><img decoding=\"async\" src=\"https:\/\/kleinbahn-deinste.de\/wp-content\/uploads\/2014\/12\/dscf7282-scaled-1.jpg\" alt=\"DIEMA 2940 vor Kipplorenzug\"><\/a><\/figure><\/div>\n<\/div>\n\n\n<hr class=\"wp-block-coblocks-dynamic-separator has-background has-black-color is-style-fullwidth\" style=\"height:20px\"\/>\n\n\n\n<p style=\"font-size:17px\" class=\"eplus-wrapper\">The DIEMA 2940 is currently being used to pull construction trains. The picture on the right shows it transporting excavated material in L\u00fctjenkamp . Delivered by Diema in 1967 to Krupp Stahlexport GmbH in Essen, for the construction company Pfau in Berlin. 1985 passed on to Britzer Museumsbahn BMB in Berlin. Then sold on by Torfwerk A.-G. Meiners in Westerhorn to Aurich-Wiesmoor-Torfvertriebs GmbH to Torfwerk M\u00fcnkeboe. In 2013, the German Feld- und Kleinbahnmuseum was able to obtain the DS14. The locomotive has a semi-mechanical gearbox and a 2-cylinder 4-stroke engine with electric starter.<\/p>\n\n\n\n<p style=\"font-size:17px\" class=\"eplus-wrapper\">The locomotive is not ready for operation.<\/p>","protected":false},"excerpt":{"rendered":"<p>DIEMA 2940 Die DIEMA 2940 wird aktuell vor Bauz\u00fcgen eingesetzt. Das Bild rechts zeigt sie im Einsatz in L\u00fctjenkamp beim Transport des Aushubes. 1967 von Diema ausgeliefert an die Krupp Stahlexport GmbH in Essen, f\u00fcr die Bauunternehmung Pfau in Berlin. 1985 an Britzer Museumsbahn BMB in Berlin weitergegeben. Danach vom Torfwerk A.-G. Meiners in Westerhorn [&hellip;]<\/p>\n","protected":false},"author":2,"featured_media":0,"parent":0,"menu_order":0,"comment_status":"closed","ping_status":"closed","template":"","meta":{"_editorskit_title_hidden":false,"_editorskit_reading_time":0,"_editorskit_is_block_options_detached":false,"_editorskit_block_options_position":"{}","_coblocks_attr":"","_coblocks_dimensions":"","_coblocks_responsive_height":"","_coblocks_accordion_ie_support":"","_eb_attr":"","editor_plus_copied_stylings":"{}","ocean_post_layout":"","ocean_both_sidebars_style":"","ocean_both_sidebars_content_width":0,"ocean_both_sidebars_sidebars_width":0,"ocean_sidebar":"","ocean_second_sidebar":"","ocean_disable_margins":"enable","ocean_add_body_class":"","ocean_shortcode_before_top_bar":"","ocean_shortcode_after_top_bar":"","ocean_shortcode_before_header":"","ocean_shortcode_after_header":"","ocean_has_shortcode":"","ocean_shortcode_after_title":"","ocean_shortcode_before_footer_widgets":"","ocean_shortcode_after_footer_widgets":"","ocean_shortcode_before_footer_bottom":"","ocean_shortcode_after_footer_bottom":"","ocean_display_top_bar":"default","ocean_display_header":"default","ocean_header_style":"","ocean_center_header_left_menu":"","ocean_custom_header_template":"","ocean_custom_logo":0,"ocean_custom_retina_logo":0,"ocean_custom_logo_max_width":0,"ocean_custom_logo_tablet_max_width":0,"ocean_custom_logo_mobile_max_width":0,"ocean_custom_logo_max_height":0,"ocean_custom_logo_tablet_max_height":0,"ocean_custom_logo_mobile_max_height":0,"ocean_header_custom_menu":"","ocean_menu_typo_font_family":"","ocean_menu_typo_font_subset":"","ocean_menu_typo_font_size":0,"ocean_menu_typo_font_size_tablet":0,"ocean_menu_typo_font_size_mobile":0,"ocean_menu_typo_font_size_unit":"px","ocean_menu_typo_font_weight":"","ocean_menu_typo_font_weight_tablet":"","ocean_menu_typo_font_weight_mobile":"","ocean_menu_typo_transform":"","ocean_menu_typo_transform_tablet":"","ocean_menu_typo_transform_mobile":"","ocean_menu_typo_line_height":0,"ocean_menu_typo_line_height_tablet":0,"ocean_menu_typo_line_height_mobile":0,"ocean_menu_typo_line_height_unit":"","ocean_menu_typo_spacing":0,"ocean_menu_typo_spacing_tablet":0,"ocean_menu_typo_spacing_mobile":0,"ocean_menu_typo_spacing_unit":"","ocean_menu_link_color":"","ocean_menu_link_color_hover":"","ocean_menu_link_color_active":"","ocean_menu_link_background":"","ocean_menu_link_hover_background":"","ocean_menu_link_active_background":"","ocean_menu_social_links_bg":"","ocean_menu_social_hover_links_bg":"","ocean_menu_social_links_color":"","ocean_menu_social_hover_links_color":"","ocean_disable_title":"default","ocean_disable_heading":"default","ocean_post_title":"","ocean_post_subheading":"","ocean_post_title_style":"","ocean_post_title_background_color":"","ocean_post_title_background":0,"ocean_post_title_bg_image_position":"","ocean_post_title_bg_image_attachment":"","ocean_post_title_bg_image_repeat":"","ocean_post_title_bg_image_size":"","ocean_post_title_height":0,"ocean_post_title_bg_overlay":0.5,"ocean_post_title_bg_overlay_color":"","ocean_disable_breadcrumbs":"default","ocean_breadcrumbs_color":"","ocean_breadcrumbs_separator_color":"","ocean_breadcrumbs_links_color":"","ocean_breadcrumbs_links_hover_color":"","ocean_display_footer_widgets":"default","ocean_display_footer_bottom":"default","ocean_custom_footer_template":"","footnotes":""},"class_list":["post-2556","page","type-page","status-publish","hentry","entry"],"publishpress_future_action":{"enabled":false,"date":"2026-04-19 03:23:13","action":"change-status","newStatus":"draft","terms":[],"taxonomy":"","extraData":[]},"publishpress_future_workflow_manual_trigger":{"enabledWorkflows":[]},"_links":{"self":[{"href":"https:\/\/kleinbahn-deinste.de\/en\/wp-json\/wp\/v2\/pages\/2556","targetHints":{"allow":["GET"]}}],"collection":[{"href":"https:\/\/kleinbahn-deinste.de\/en\/wp-json\/wp\/v2\/pages"}],"about":[{"href":"https:\/\/kleinbahn-deinste.de\/en\/wp-json\/wp\/v2\/types\/page"}],"author":[{"embeddable":true,"href":"https:\/\/kleinbahn-deinste.de\/en\/wp-json\/wp\/v2\/users\/2"}],"replies":[{"embeddable":true,"href":"https:\/\/kleinbahn-deinste.de\/en\/wp-json\/wp\/v2\/comments?post=2556"}],"version-history":[{"count":4,"href":"https:\/\/kleinbahn-deinste.de\/en\/wp-json\/wp\/v2\/pages\/2556\/revisions"}],"predecessor-version":[{"id":4169,"href":"https:\/\/kleinbahn-deinste.de\/en\/wp-json\/wp\/v2\/pages\/2556\/revisions\/4169"}],"wp:attachment":[{"href":"https:\/\/kleinbahn-deinste.de\/en\/wp-json\/wp\/v2\/media?parent=2556"}],"curies":[{"name":"wp","href":"https:\/\/api.w.org\/{rel}","templated":true}]}}