{"id":2559,"date":"2024-07-11T18:28:41","date_gmt":"2024-07-11T18:28:41","guid":{"rendered":"https:\/\/kleinbahn-deinste.de\/stage-kleinbahn-\/?page_id=2559"},"modified":"2025-03-07T12:45:49","modified_gmt":"2025-03-07T11:45:49","slug":"schoema-2699","status":"publish","type":"page","link":"https:\/\/kleinbahn-deinste.de\/en\/schoema-2699\/","title":{"rendered":"Schoema 2699"},"content":{"rendered":"<h2 class=\"wp-block-heading has-text-align-center has-black-color has-text-color has-background has-link-color eplus-wrapper wp-elements-07d344ea5a1aa6485c03545e275854b3 eplus-styles-uid-f07884\" style=\"background-color:#009933\">Sch\u00f6ma 2699<\/h2>\n\n<div class=\"wp-block-columns eplus-wrapper is-layout-flex wp-container-core-columns-is-layout-9d6595d7 wp-block-columns-is-layout-flex eplus-styles-uid-d2a2d3\">\n<div class=\"wp-block-column eplus-wrapper is-layout-flow wp-block-column-is-layout-flow\" style=\"flex-basis:60%\"><figure class=\"is-style-editorskit-rounded wp-block-image size-large eplus-wrapper eplus-styles-uid-92baf8\"><a href=\"https:\/\/kleinbahn-deinste.de\/wp-content\/uploads\/2024\/08\/Schoema2269-01.jpg\"><img loading=\"lazy\" decoding=\"async\" width=\"1024\" height=\"768\" src=\"https:\/\/kleinbahn-deinste.de\/wp-content\/uploads\/2024\/08\/Schoema2269-01-1024x768.jpg\" alt=\"\" class=\"wp-image-3257\" srcset=\"https:\/\/kleinbahn-deinste.de\/wp-content\/uploads\/2024\/08\/Schoema2269-01-1024x768.jpg 1024w, https:\/\/kleinbahn-deinste.de\/wp-content\/uploads\/2024\/08\/Schoema2269-01-300x225.jpg 300w, https:\/\/kleinbahn-deinste.de\/wp-content\/uploads\/2024\/08\/Schoema2269-01-768x576.jpg 768w, https:\/\/kleinbahn-deinste.de\/wp-content\/uploads\/2024\/08\/Schoema2269-01-50x38.jpg 50w, https:\/\/kleinbahn-deinste.de\/wp-content\/uploads\/2024\/08\/Schoema2269-01-1600x1200.jpg 1600w, https:\/\/kleinbahn-deinste.de\/wp-content\/uploads\/2024\/08\/Schoema2269-01-1536x1152.jpg 1536w, https:\/\/kleinbahn-deinste.de\/wp-content\/uploads\/2024\/08\/Schoema2269-01-16x12.jpg 16w, https:\/\/kleinbahn-deinste.de\/wp-content\/uploads\/2024\/08\/Schoema2269-01.jpg 1824w\" sizes=\"auto, (max-width: 1024px) 100vw, 1024px\" \/><\/a><\/figure><\/div>\n\n\n\n<div class=\"wp-block-column eplus-wrapper is-layout-flow wp-block-column-is-layout-flow\" style=\"flex-basis:50%\"><figure class=\"is-style-editorskit-rounded wp-block-image size-large eplus-wrapper eplus-styles-uid-92baf8\"><a href=\"https:\/\/kleinbahn-deinste.de\/stage-kleinbahn-\/wp-content\/uploads\/2024\/06\/SCHOEMACHL20G-01.jpg\"><img decoding=\"async\" src=\"https:\/\/kleinbahn-deinste.de\/wp-content\/uploads\/2024\/06\/SCHOEMACHL20G-01.jpg\" alt=\"\"><\/a><\/figure><\/div>\n<\/div>\n\n\n<hr class=\"wp-block-coblocks-dynamic-separator has-background has-black-color is-style-fullwidth\" style=\"height:10px\"\/>\n\n\n\n<p style=\"font-size:17px\" class=\"eplus-wrapper\">Delivered in 1963, this locomotive was used as CDL 20 on the Bad Schwalbach moor railway (then spa railway) until 1985 (Sch\u00f6ma factory number 2699 built in 1963). The locomotive was traded in to Sch\u00f6ma in 1985 after gearbox damage, overhauled there and sold on to Klasmann-Werke GmbH in Bockhorst as CHL20G. In the 2000s, it was acquired by a private individual from Wedel, who sold it to the DFKM.<\/p>\n\n\n\n<p style=\"font-size:17px\" class=\"eplus-wrapper\">The locomotive has a 3-cylinder 4-stroke diesel engine with hydrostatic drive and electric starter. The locomotive was refurbished in 2022. It is ready for operation.<\/p>\n\n\n\n<p class=\"eplus-wrapper\"><\/p>","protected":false},"excerpt":{"rendered":"<p>Sch\u00f6ma 2699 Ausgeliefert 1963 wurde diese Lokomotive als CDL 20 an die Bad Schwalbacher Moorbahn (dann Kurbahn) und bis 1985 eingesetzt (Sch\u00f6ma Fabriknummer 2699 Baujahr 1963). Die Lok wurde nach einem Getriebeschaden 1985 bei Sch\u00f6ma in Zahlung gegeben, dort \u00fcberarbeitet, und als CHL20G an die Klasmann-Werke GmbH in Bockhorst weiterver\u00e4u\u00dfert. In den 2000ern wurde sie [&hellip;]<\/p>\n","protected":false},"author":2,"featured_media":0,"parent":0,"menu_order":0,"comment_status":"closed","ping_status":"closed","template":"","meta":{"_editorskit_title_hidden":false,"_editorskit_reading_time":0,"_editorskit_is_block_options_detached":false,"_editorskit_block_options_position":"{}","_coblocks_attr":"","_coblocks_dimensions":"","_coblocks_responsive_height":"","_coblocks_accordion_ie_support":"","_eb_attr":"","editor_plus_copied_stylings":"{}","ocean_post_layout":"","ocean_both_sidebars_style":"","ocean_both_sidebars_content_width":0,"ocean_both_sidebars_sidebars_width":0,"ocean_sidebar":"","ocean_second_sidebar":"","ocean_disable_margins":"enable","ocean_add_body_class":"","ocean_shortcode_before_top_bar":"","ocean_shortcode_after_top_bar":"","ocean_shortcode_before_header":"","ocean_shortcode_after_header":"","ocean_has_shortcode":"","ocean_shortcode_after_title":"","ocean_shortcode_before_footer_widgets":"","ocean_shortcode_after_footer_widgets":"","ocean_shortcode_before_footer_bottom":"","ocean_shortcode_after_footer_bottom":"","ocean_display_top_bar":"default","ocean_display_header":"default","ocean_header_style":"","ocean_center_header_left_menu":"","ocean_custom_header_template":"","ocean_custom_logo":0,"ocean_custom_retina_logo":0,"ocean_custom_logo_max_width":0,"ocean_custom_logo_tablet_max_width":0,"ocean_custom_logo_mobile_max_width":0,"ocean_custom_logo_max_height":0,"ocean_custom_logo_tablet_max_height":0,"ocean_custom_logo_mobile_max_height":0,"ocean_header_custom_menu":"","ocean_menu_typo_font_family":"","ocean_menu_typo_font_subset":"","ocean_menu_typo_font_size":0,"ocean_menu_typo_font_size_tablet":0,"ocean_menu_typo_font_size_mobile":0,"ocean_menu_typo_font_size_unit":"px","ocean_menu_typo_font_weight":"","ocean_menu_typo_font_weight_tablet":"","ocean_menu_typo_font_weight_mobile":"","ocean_menu_typo_transform":"","ocean_menu_typo_transform_tablet":"","ocean_menu_typo_transform_mobile":"","ocean_menu_typo_line_height":0,"ocean_menu_typo_line_height_tablet":0,"ocean_menu_typo_line_height_mobile":0,"ocean_menu_typo_line_height_unit":"","ocean_menu_typo_spacing":0,"ocean_menu_typo_spacing_tablet":0,"ocean_menu_typo_spacing_mobile":0,"ocean_menu_typo_spacing_unit":"","ocean_menu_link_color":"","ocean_menu_link_color_hover":"","ocean_menu_link_color_active":"","ocean_menu_link_background":"","ocean_menu_link_hover_background":"","ocean_menu_link_active_background":"","ocean_menu_social_links_bg":"","ocean_menu_social_hover_links_bg":"","ocean_menu_social_links_color":"","ocean_menu_social_hover_links_color":"","ocean_disable_title":"default","ocean_disable_heading":"default","ocean_post_title":"","ocean_post_subheading":"","ocean_post_title_style":"","ocean_post_title_background_color":"","ocean_post_title_background":0,"ocean_post_title_bg_image_position":"","ocean_post_title_bg_image_attachment":"","ocean_post_title_bg_image_repeat":"","ocean_post_title_bg_image_size":"","ocean_post_title_height":0,"ocean_post_title_bg_overlay":0.5,"ocean_post_title_bg_overlay_color":"","ocean_disable_breadcrumbs":"default","ocean_breadcrumbs_color":"","ocean_breadcrumbs_separator_color":"","ocean_breadcrumbs_links_color":"","ocean_breadcrumbs_links_hover_color":"","ocean_display_footer_widgets":"default","ocean_display_footer_bottom":"default","ocean_custom_footer_template":"","footnotes":""},"class_list":["post-2559","page","type-page","status-publish","hentry","entry"],"publishpress_future_action":{"enabled":false,"date":"2026-04-22 12:11:05","action":"change-status","newStatus":"draft","terms":[],"taxonomy":"","extraData":[]},"publishpress_future_workflow_manual_trigger":{"enabledWorkflows":[]},"_links":{"self":[{"href":"https:\/\/kleinbahn-deinste.de\/en\/wp-json\/wp\/v2\/pages\/2559","targetHints":{"allow":["GET"]}}],"collection":[{"href":"https:\/\/kleinbahn-deinste.de\/en\/wp-json\/wp\/v2\/pages"}],"about":[{"href":"https:\/\/kleinbahn-deinste.de\/en\/wp-json\/wp\/v2\/types\/page"}],"author":[{"embeddable":true,"href":"https:\/\/kleinbahn-deinste.de\/en\/wp-json\/wp\/v2\/users\/2"}],"replies":[{"embeddable":true,"href":"https:\/\/kleinbahn-deinste.de\/en\/wp-json\/wp\/v2\/comments?post=2559"}],"version-history":[{"count":4,"href":"https:\/\/kleinbahn-deinste.de\/en\/wp-json\/wp\/v2\/pages\/2559\/revisions"}],"predecessor-version":[{"id":4170,"href":"https:\/\/kleinbahn-deinste.de\/en\/wp-json\/wp\/v2\/pages\/2559\/revisions\/4170"}],"wp:attachment":[{"href":"https:\/\/kleinbahn-deinste.de\/en\/wp-json\/wp\/v2\/media?parent=2559"}],"curies":[{"name":"wp","href":"https:\/\/api.w.org\/{rel}","templated":true}]}}