{"id":2564,"date":"2024-07-11T19:13:43","date_gmt":"2024-07-11T19:13:43","guid":{"rendered":"https:\/\/kleinbahn-deinste.de\/stage-kleinbahn-\/?page_id=2564"},"modified":"2024-11-01T17:40:50","modified_gmt":"2024-11-01T17:40:50","slug":"personenwagen","status":"publish","type":"page","link":"https:\/\/kleinbahn-deinste.de\/en\/personenwagen\/","title":{"rendered":"Passenger Car"},"content":{"rendered":"<h2 class=\"wp-block-heading has-text-align-center has-black-color has-text-color has-background has-link-color eplus-wrapper wp-elements-58283e035aabe54afe325caf45878a4f eplus-styles-uid-f07884\" style=\"background-color:#009933\">Passenger Car<\/h2>\n\n<div class=\"wp-block-columns eplus-wrapper is-layout-flex wp-container-core-columns-is-layout-9d6595d7 wp-block-columns-is-layout-flex eplus-styles-uid-708c13\">\n<div class=\"wp-block-column is-vertically-aligned-center eplus-wrapper is-layout-flow wp-block-column-is-layout-flow\"><figure class=\"is-style-editorskit-rounded wp-block-image size-full is-resized eplus-wrapper eplus-styles-uid-92baf8\"><img decoding=\"async\" src=\"https:\/\/kleinbahn-deinste.de\/stage-kleinbahn-\/wp-content\/uploads\/2024\/05\/wagen-21.jpg\" alt=\"\" class=\"wp-image-1590\" style=\"width:420px\"><\/figure><\/div>\n\n\n\n<div class=\"wp-block-column eplus-wrapper is-layout-flow wp-block-column-is-layout-flow\">\n<p class=\"has-text-align-center eplus-wrapper\">Wagon no.:\u00a0<strong>21<\/strong><br>Manufacturer :\u00a0<strong>Self-built Klasmann<\/strong><br>Type of car :\u00a0<strong>Passenger Car<\/strong><br>Year of construction:\u00a0<strong>\u2013<\/strong><br>Axles:\u00a0<strong>4<\/strong><br>Brakes:\u00a0<strong>\u2013<\/strong><br>Seats:\u00a0<strong>20+1<\/strong><br>Heating:\u00a0<strong>Oven<\/strong><\/p>\n\n\n\n<div class=\"wp-block-essential-blocks-button root-eb-button-0cjnq\"><div class=\"eb-parent-wrapper eb-parent-eb-button-0cjnq\"><div class=\"eb-button-wrapper eb-button-alignment eb-button-0cjnq\"><div class=\"eb-button\"><div class=\"eb-button-inner-wrapper\"><a class=\"eb-button-anchor\" href=\"https:\/\/kleinbahn-deinste.de\/en\/wagen-21-2\/\" rel=\"noopener\">Read more<\/a><\/div><\/div><\/div><\/div><\/div>\n<\/div>\n<\/div>\n\n\n<hr class=\"wp-block-coblocks-dynamic-separator has-background has-black-color is-style-fullwidth\" style=\"height:100px\"\/>\n\n\n<div class=\"wp-block-columns eplus-wrapper is-layout-flex wp-container-core-columns-is-layout-9d6595d7 wp-block-columns-is-layout-flex eplus-styles-uid-4e8c74\">\n<div class=\"wp-block-column is-vertically-aligned-center eplus-wrapper is-layout-flow wp-block-column-is-layout-flow\"><figure class=\"is-style-editorskit-rounded wp-block-image size-large is-resized eplus-wrapper eplus-styles-uid-92baf8\"><img decoding=\"async\" src=\"https:\/\/kleinbahn-deinste.de\/stage-kleinbahn-\/wp-content\/uploads\/2024\/05\/wagen-23-1024x768.jpg\" alt=\"\" class=\"wp-image-1591\" style=\"width:420px\"><\/figure><\/div>\n\n\n\n<div class=\"wp-block-column eplus-wrapper is-layout-flow wp-block-column-is-layout-flow\">\n<p class=\"has-text-align-center eplus-wrapper\">Wagon no.:\u00a0<strong>23<\/strong><br>Manufacturer :\u00a0<strong>HAWA<\/strong><br>Type of car :\u00a0<strong>Army field railway hospital car<\/strong><br>Year of construction:\u00a0<strong>1919<\/strong><br>Axles:\u00a0<strong>4<\/strong><br>Brakes:\u00a0<strong>1<\/strong><br>Seats:\u00a0<strong>20<\/strong><br>Heating:\u00a0<strong>Oven<\/strong><\/p>\n\n\n\n<div class=\"wp-block-essential-blocks-button root-eb-button-b4tl1\"><div class=\"eb-parent-wrapper eb-parent-eb-button-b4tl1\"><div class=\"eb-button-wrapper eb-button-alignment eb-button-b4tl1\"><div class=\"eb-button\"><div class=\"eb-button-inner-wrapper\"><a class=\"eb-button-anchor\" href=\"https:\/\/kleinbahn-deinste.de\/en\/waagen-23\/\" rel=\"noopener\">Read more<\/a><\/div><\/div><\/div><\/div><\/div>\n<\/div>\n<\/div>\n\n\n<hr class=\"wp-block-coblocks-dynamic-separator has-background has-black-color is-style-fullwidth\" style=\"height:50px\"\/>\n\n\n<div class=\"wp-block-columns eplus-wrapper is-layout-flex wp-container-core-columns-is-layout-9d6595d7 wp-block-columns-is-layout-flex eplus-styles-uid-040ba3\">\n<div class=\"wp-block-column is-vertically-aligned-center eplus-wrapper is-layout-flow wp-block-column-is-layout-flow\"><figure class=\"is-style-editorskit-rounded wp-block-image size-full is-resized eplus-wrapper eplus-styles-uid-92baf8\"><img loading=\"lazy\" decoding=\"async\" width=\"324\" height=\"182\" src=\"https:\/\/kleinbahn-deinste.de\/wp-content\/uploads\/2024\/07\/Wagen-24.jpg\" alt=\"\" class=\"wp-image-2567\" style=\"width:419px\" srcset=\"https:\/\/kleinbahn-deinste.de\/wp-content\/uploads\/2024\/07\/Wagen-24.jpg 324w, https:\/\/kleinbahn-deinste.de\/wp-content\/uploads\/2024\/07\/Wagen-24-300x169.jpg 300w\" sizes=\"auto, (max-width: 324px) 100vw, 324px\" \/><\/figure><\/div>\n\n\n\n<div class=\"wp-block-column eplus-wrapper is-layout-flow wp-block-column-is-layout-flow\">\n<p class=\"has-text-align-center eplus-wrapper\">Wagon no.:\u00a0<strong>2<\/strong>4<br>Manufacturer :\u00a0<strong>HAWA<\/strong><br>Type of car :\u00a0<strong>Army field railway hospital car<\/strong><br>Year of construction:\u00a0<strong>1919<\/strong><br>Axles:\u00a0<strong>4<\/strong><br>Brakes:\u00a0<strong>1<\/strong><br>Seats:\u00a0<strong>20<\/strong><br>Heating:\u00a0<strong>Oven<\/strong><\/p>\n\n\n\n<div class=\"wp-block-essential-blocks-button root-eb-button-voftl\"><div class=\"eb-parent-wrapper eb-parent-eb-button-voftl\"><div class=\"eb-button-wrapper eb-button-alignment eb-button-voftl\"><div class=\"eb-button\"><div class=\"eb-button-inner-wrapper\"><a class=\"eb-button-anchor\" href=\"https:\/\/kleinbahn-deinste.de\/en\/wagen-24\/\" rel=\"noopener\">Read more<\/a><\/div><\/div><\/div><\/div><\/div>\n<\/div>\n<\/div>\n\n\n<hr class=\"wp-block-coblocks-dynamic-separator has-background has-black-color is-style-fullwidth\" style=\"height:50px\"\/>\n\n\n<div class=\"wp-block-columns are-vertically-aligned-center eplus-wrapper is-layout-flex wp-container-core-columns-is-layout-9d6595d7 wp-block-columns-is-layout-flex eplus-styles-uid-552015\">\n<div class=\"wp-block-column is-vertically-aligned-center eplus-wrapper is-layout-flow wp-block-column-is-layout-flow\"><figure class=\"is-style-editorskit-rounded wp-block-image size-large is-resized eplus-wrapper eplus-styles-uid-92baf8\"><img decoding=\"async\" src=\"https:\/\/kleinbahn-deinste.de\/stage-kleinbahn-\/wp-content\/uploads\/2024\/05\/img_20190517_173406-1024x576.jpg\" alt=\"\" class=\"wp-image-1531\" style=\"width:416px\"><\/figure><\/div>\n\n\n\n<div class=\"wp-block-column is-vertically-aligned-center eplus-wrapper is-layout-flow wp-block-column-is-layout-flow\">\n<p class=\"has-text-align-center eplus-wrapper\">Wagon no.:\u00a0<strong>2<\/strong>6<br>Manufacturer :\u00a0<strong>HAWA<\/strong><br>Type of car :\u00a0<strong>Army field railway hospital car<\/strong><br>Year of construction:\u00a0<strong>1919<\/strong><br>Axles:\u00a0<strong>4<\/strong><br>Brakes:\u00a0<strong>1<\/strong><br>Seats:\u00a0<strong>20<\/strong><br>Heating:\u00a0<strong>Oven<\/strong><\/p>\n\n\n\n<div class=\"wp-block-essential-blocks-button root-eb-button-igb9l\"><div class=\"eb-parent-wrapper eb-parent-eb-button-igb9l\"><div class=\"eb-button-wrapper eb-button-alignment eb-button-igb9l\"><div class=\"eb-button\"><div class=\"eb-button-inner-wrapper\"><a class=\"eb-button-anchor\" href=\"https:\/\/kleinbahn-deinste.de\/en\/wagen-26\/\" rel=\"noopener\">Read more<\/a><\/div><\/div><\/div><\/div><\/div>\n<\/div>\n<\/div>\n\n\n<hr class=\"wp-block-coblocks-dynamic-separator has-background has-black-color is-style-fullwidth\" style=\"height:50px\"\/>\n\n\n<div class=\"wp-block-columns eplus-wrapper is-layout-flex wp-container-core-columns-is-layout-9d6595d7 wp-block-columns-is-layout-flex eplus-styles-uid-631577\">\n<div class=\"wp-block-column is-vertically-aligned-center eplus-wrapper is-layout-flow wp-block-column-is-layout-flow\"><figure class=\"is-style-editorskit-rounded wp-block-image size-full is-resized eplus-wrapper eplus-styles-uid-92baf8\"><img decoding=\"async\" src=\"https:\/\/kleinbahn-deinste.de\/stage-kleinbahn-\/wp-content\/uploads\/2024\/05\/wagen-27.jpg\" alt=\"\" class=\"wp-image-1592\" style=\"width:420px\"><\/figure><\/div>\n\n\n\n<div class=\"wp-block-column eplus-wrapper is-layout-flow wp-block-column-is-layout-flow\">\n<p class=\"has-text-align-center eplus-wrapper\">Wagon no.:\u00a0<strong>27<\/strong><br>Manufacturer :\u00a0<strong>Gl\u00e4ssing &amp; Schollwer<\/strong><br>Type of car :\u00a0<strong>Multi purpose car<\/strong><br>Year of construction:\u00a0<strong>1911<\/strong><br>Axles:\u00a0<strong>4<\/strong><br>Brakes:\u00a0<strong>1<\/strong><br>Seats:\u00a0<strong>20<\/strong><br>Heating:\u00a0<strong>Oven<\/strong><\/p>\n\n\n\n<div class=\"wp-block-essential-blocks-button root-eb-button-o9gwv\"><div class=\"eb-parent-wrapper eb-parent-eb-button-o9gwv\"><div class=\"eb-button-wrapper eb-button-alignment eb-button-o9gwv\"><div class=\"eb-button\"><div class=\"eb-button-inner-wrapper\"><a class=\"eb-button-anchor\" href=\"https:\/\/kleinbahn-deinste.de\/en\/wagen-27\/\" rel=\"noopener\">Read more<\/a><\/div><\/div><\/div><\/div><\/div>\n<\/div>\n<\/div>\n\n\n<hr class=\"wp-block-coblocks-dynamic-separator has-background has-black-color is-style-fullwidth\" style=\"height:150px\"\/>\n\n\n<div class=\"wp-block-columns are-vertically-aligned-center eplus-wrapper is-layout-flex wp-container-core-columns-is-layout-9d6595d7 wp-block-columns-is-layout-flex eplus-styles-uid-be2a24\">\n<div class=\"wp-block-column is-vertically-aligned-center eplus-wrapper is-layout-flow wp-block-column-is-layout-flow\"><figure class=\"is-style-editorskit-rounded wp-block-image size-large is-resized eplus-wrapper eplus-styles-uid-92baf8\"><img decoding=\"async\" src=\"https:\/\/kleinbahn-deinste.de\/stage-kleinbahn-\/wp-content\/uploads\/2024\/05\/FakultativWagen28-1024x576.jpg\" alt=\"\" class=\"wp-image-1714\" style=\"width:420px\"><\/figure><\/div>\n\n\n\n<div class=\"wp-block-column is-vertically-aligned-center eplus-wrapper is-layout-flow wp-block-column-is-layout-flow\">\n<p class=\"has-text-align-center eplus-wrapper\">Wagon no.:\u00a0<strong>28<\/strong><br>Manufacturer :\u00a0<strong>Gl\u00e4ssing u. Schollwer<\/strong><br>Type of car :\u00a0<strong>Multi purpose car<\/strong><br>Year of construction:\u00a0<strong>1911<\/strong><br>Axles:\u00a0<strong>4<\/strong><br>Brakes:\u00a0<strong>1<\/strong><br>Seats:\u00a0<strong>20<\/strong><br>Heating:\u00a0<strong>Oven<\/strong><\/p>\n\n\n\n<div class=\"wp-block-essential-blocks-button root-eb-button-arkh5\"><div class=\"eb-parent-wrapper eb-parent-eb-button-arkh5\"><div class=\"eb-button-wrapper eb-button-alignment eb-button-arkh5\"><div class=\"eb-button\"><div class=\"eb-button-inner-wrapper\"><a class=\"eb-button-anchor\" href=\"https:\/\/kleinbahn-deinste.de\/en\/wagen-28\/\" rel=\"noopener\">Read more<\/a><\/div><\/div><\/div><\/div><\/div>\n<\/div>\n<\/div>","protected":false},"excerpt":{"rendered":"<p>Personenwagen Wagen-Nr.:&nbsp;21Hersteller:&nbsp;Eigenbau KlasmannWagenbauart:&nbsp;PersonenwagenBaujahr:&nbsp;\u2013Achsen:&nbsp;4Bremsen:&nbsp;\u2013Sitzpl\u00e4tze:&nbsp;20+1Heizung:&nbsp;Ofen Wagen-Nr.:&nbsp;23Hersteller:&nbsp;HAWAWagenbauart:&nbsp;Heeresfeldbahn-LazarettwagenBaujahr:&nbsp;1919Achsen:&nbsp;4Bremsen:&nbsp;1Sitzpl\u00e4tze:&nbsp;20Heizung:&nbsp;Ofen Wagen-Nr.:&nbsp;24Hersteller:&nbsp;HAWAWagenbauart:&nbsp;Heeresfeldbahn-LazarettwagenBaujahr:&nbsp;1919Achsen:&nbsp;4Bremsen:&nbsp;1Sitzpl\u00e4tze:&nbsp;20Heizung:&nbsp;Ofen Wagen-Nr.:&nbsp;26Hersteller:&nbsp;HAWAWagenbauart:&nbsp;Heeresfeldbahn-LazarettwagenBaujahr:&nbsp;1919Achsen:&nbsp;4Bremsen:&nbsp;1Sitzpl\u00e4tze:&nbsp;20Heizung:&nbsp;Ofen Wagen-Nr.:&nbsp;27Hersteller:&nbsp;Gl\u00e4ssing &amp; SchollwerWagenbauart:&nbsp;FakultativwagenBaujahr:&nbsp;1911Achsen:&nbsp;4Bremsen:&nbsp;1Sitzpl\u00e4tze:&nbsp;20Heizung:&nbsp;Ofen Wagen-Nr.:&nbsp;28Hersteller:&nbsp;Gl\u00e4ssing u. SchollwerWagenbauart:&nbsp;FakultativwagenBaujahr:&nbsp;1911Achsen:&nbsp;4Bremsen:&nbsp;1Sitzpl\u00e4tze:&nbsp;20Heizung:&nbsp;Ofen<\/p>","protected":false},"author":2,"featured_media":0,"parent":0,"menu_order":1,"comment_status":"closed","ping_status":"closed","template":"","meta":{"_editorskit_title_hidden":false,"_editorskit_reading_time":0,"_editorskit_is_block_options_detached":false,"_editorskit_block_options_position":"{}","_coblocks_attr":"","_coblocks_dimensions":"","_coblocks_responsive_height":"","_coblocks_accordion_ie_support":"","_eb_attr":"","editor_plus_copied_stylings":"{}","ocean_post_layout":"","ocean_both_sidebars_style":"","ocean_both_sidebars_content_width":0,"ocean_both_sidebars_sidebars_width":0,"ocean_sidebar":"","ocean_second_sidebar":"","ocean_disable_margins":"enable","ocean_add_body_class":"","ocean_shortcode_before_top_bar":"","ocean_shortcode_after_top_bar":"","ocean_shortcode_before_header":"","ocean_shortcode_after_header":"","ocean_has_shortcode":"","ocean_shortcode_after_title":"","ocean_shortcode_before_footer_widgets":"","ocean_shortcode_after_footer_widgets":"","ocean_shortcode_before_footer_bottom":"","ocean_shortcode_after_footer_bottom":"","ocean_display_top_bar":"default","ocean_display_header":"default","ocean_header_style":"","ocean_center_header_left_menu":"","ocean_custom_header_template":"","ocean_custom_logo":0,"ocean_custom_retina_logo":0,"ocean_custom_logo_max_width":0,"ocean_custom_logo_tablet_max_width":0,"ocean_custom_logo_mobile_max_width":0,"ocean_custom_logo_max_height":0,"ocean_custom_logo_tablet_max_height":0,"ocean_custom_logo_mobile_max_height":0,"ocean_header_custom_menu":"","ocean_menu_typo_font_family":"","ocean_menu_typo_font_subset":"","ocean_menu_typo_font_size":0,"ocean_menu_typo_font_size_tablet":0,"ocean_menu_typo_font_size_mobile":0,"ocean_menu_typo_font_size_unit":"px","ocean_menu_typo_font_weight":"","ocean_menu_typo_font_weight_tablet":"","ocean_menu_typo_font_weight_mobile":"","ocean_menu_typo_transform":"","ocean_menu_typo_transform_tablet":"","ocean_menu_typo_transform_mobile":"","ocean_menu_typo_line_height":0,"ocean_menu_typo_line_height_tablet":0,"ocean_menu_typo_line_height_mobile":0,"ocean_menu_typo_line_height_unit":"","ocean_menu_typo_spacing":0,"ocean_menu_typo_spacing_tablet":0,"ocean_menu_typo_spacing_mobile":0,"ocean_menu_typo_spacing_unit":"","ocean_menu_link_color":"","ocean_menu_link_color_hover":"","ocean_menu_link_color_active":"","ocean_menu_link_background":"","ocean_menu_link_hover_background":"","ocean_menu_link_active_background":"","ocean_menu_social_links_bg":"","ocean_menu_social_hover_links_bg":"","ocean_menu_social_links_color":"","ocean_menu_social_hover_links_color":"","ocean_disable_title":"default","ocean_disable_heading":"default","ocean_post_title":"","ocean_post_subheading":"","ocean_post_title_style":"","ocean_post_title_background_color":"","ocean_post_title_background":0,"ocean_post_title_bg_image_position":"","ocean_post_title_bg_image_attachment":"","ocean_post_title_bg_image_repeat":"","ocean_post_title_bg_image_size":"","ocean_post_title_height":0,"ocean_post_title_bg_overlay":0.5,"ocean_post_title_bg_overlay_color":"","ocean_disable_breadcrumbs":"default","ocean_breadcrumbs_color":"","ocean_breadcrumbs_separator_color":"","ocean_breadcrumbs_links_color":"","ocean_breadcrumbs_links_hover_color":"","ocean_display_footer_widgets":"default","ocean_display_footer_bottom":"default","ocean_custom_footer_template":"","footnotes":""},"class_list":["post-2564","page","type-page","status-publish","hentry","entry"],"publishpress_future_action":{"enabled":false,"date":"2026-04-26 12:59:47","action":"change-status","newStatus":"draft","terms":[],"taxonomy":"","extraData":[]},"publishpress_future_workflow_manual_trigger":{"enabledWorkflows":[]},"_links":{"self":[{"href":"https:\/\/kleinbahn-deinste.de\/en\/wp-json\/wp\/v2\/pages\/2564","targetHints":{"allow":["GET"]}}],"collection":[{"href":"https:\/\/kleinbahn-deinste.de\/en\/wp-json\/wp\/v2\/pages"}],"about":[{"href":"https:\/\/kleinbahn-deinste.de\/en\/wp-json\/wp\/v2\/types\/page"}],"author":[{"embeddable":true,"href":"https:\/\/kleinbahn-deinste.de\/en\/wp-json\/wp\/v2\/users\/2"}],"replies":[{"embeddable":true,"href":"https:\/\/kleinbahn-deinste.de\/en\/wp-json\/wp\/v2\/comments?post=2564"}],"version-history":[{"count":2,"href":"https:\/\/kleinbahn-deinste.de\/en\/wp-json\/wp\/v2\/pages\/2564\/revisions"}],"predecessor-version":[{"id":3713,"href":"https:\/\/kleinbahn-deinste.de\/en\/wp-json\/wp\/v2\/pages\/2564\/revisions\/3713"}],"wp:attachment":[{"href":"https:\/\/kleinbahn-deinste.de\/en\/wp-json\/wp\/v2\/media?parent=2564"}],"curies":[{"name":"wp","href":"https:\/\/api.w.org\/{rel}","templated":true}]}}