{"id":2584,"date":"2024-07-15T12:11:23","date_gmt":"2024-07-15T12:11:23","guid":{"rendered":"https:\/\/kleinbahn-deinste.de\/stage-kleinbahn-\/?page_id=2584"},"modified":"2025-03-07T12:51:11","modified_gmt":"2025-03-07T11:51:11","slug":"wagen-21-2","status":"publish","type":"page","link":"https:\/\/kleinbahn-deinste.de\/en\/wagen-21-2\/","title":{"rendered":"Passenger Car 21"},"content":{"rendered":"<h2 class=\"wp-block-heading has-text-align-center has-black-color has-text-color has-background has-link-color eplus-wrapper wp-elements-416d6bf2de5b5b7244bf1c6f240abebf eplus-styles-uid-f07884\" style=\"background-color:#009933\">Wagon no.: 21<\/h2>\n\n<div class=\"wp-block-columns are-vertically-aligned-center eplus-wrapper is-layout-flex wp-container-core-columns-is-layout-9d6595d7 wp-block-columns-is-layout-flex eplus-styles-uid-f73d4c\">\n<div class=\"wp-block-column is-vertically-aligned-center eplus-wrapper is-layout-flow wp-block-column-is-layout-flow\" style=\"flex-basis:50%\"><figure class=\"is-style-editorskit-rounded wp-block-image size-large eplus-wrapper eplus-styles-uid-7feed8\"><a href=\"https:\/\/kleinbahn-deinste.de\/wp-content\/uploads\/2024\/07\/Wagen21-02.jpg\"><img loading=\"lazy\" decoding=\"async\" width=\"1024\" height=\"697\" src=\"https:\/\/kleinbahn-deinste.de\/wp-content\/uploads\/2024\/07\/Wagen21-02-1024x697.jpg\" alt=\"\" class=\"wp-image-2585\" srcset=\"https:\/\/kleinbahn-deinste.de\/wp-content\/uploads\/2024\/07\/Wagen21-02-1024x697.jpg 1024w, https:\/\/kleinbahn-deinste.de\/wp-content\/uploads\/2024\/07\/Wagen21-02-300x204.jpg 300w, https:\/\/kleinbahn-deinste.de\/wp-content\/uploads\/2024\/07\/Wagen21-02-768x523.jpg 768w, https:\/\/kleinbahn-deinste.de\/wp-content\/uploads\/2024\/07\/Wagen21-02.jpg 1080w\" sizes=\"auto, (max-width: 1024px) 100vw, 1024px\" \/><\/a><\/figure><\/div>\n\n\n\n<div class=\"wp-block-column is-vertically-aligned-center eplus-wrapper is-layout-flow wp-block-column-is-layout-flow\" style=\"flex-basis:50%\"><figure class=\"is-style-editorskit-rounded wp-block-image size-large eplus-wrapper eplus-styles-uid-7feed8\"><a href=\"https:\/\/kleinbahn-deinste.de\/wp-content\/uploads\/2024\/08\/wagen-21-01.jpg\"><img loading=\"lazy\" decoding=\"async\" width=\"500\" height=\"327\" src=\"https:\/\/kleinbahn-deinste.de\/wp-content\/uploads\/2024\/08\/wagen-21-01.jpg\" alt=\"\" class=\"wp-image-3186\" srcset=\"https:\/\/kleinbahn-deinste.de\/wp-content\/uploads\/2024\/08\/wagen-21-01.jpg 500w, https:\/\/kleinbahn-deinste.de\/wp-content\/uploads\/2024\/08\/wagen-21-01-300x196.jpg 300w, https:\/\/kleinbahn-deinste.de\/wp-content\/uploads\/2024\/08\/wagen-21-01-50x33.jpg 50w, https:\/\/kleinbahn-deinste.de\/wp-content\/uploads\/2024\/08\/wagen-21-01-18x12.jpg 18w\" sizes=\"auto, (max-width: 500px) 100vw, 500px\" \/><\/a><\/figure><\/div>\n<\/div>\n\n\n<hr class=\"wp-block-coblocks-dynamic-separator has-background has-black-color is-style-fullwidth\" style=\"height:50px\"\/>\n\n\n\n<p style=\"font-size:17px\" class=\"eplus-wrapper\">Passenger car 21 is a self-built vehicle that the Klasmann-Werke in Gro\u00df Hesepe used until 1969 for limited public transport between the peat mining in Hesepe and the town of Meppen. The local residents on this line gave land to the peat mining operation for the construction of the light railway to Meppen and in return the Klasmann-Werke had to operate a passenger and general cargo service at its own expense.<\/p>\n\n\n\n<p style=\"font-size:17px\" class=\"eplus-wrapper\">In December 1969, the car came to SKBG in Holm-Seppensen. The axles were re-gauged from 900 mm to 600 mm in the Harburg workshop during the restoration of the wagon.<\/p>","protected":false},"excerpt":{"rendered":"<p>Wagen-Nr.: 21 Der Personenwagen 21 ist ein Eigenbau-Fahrzeug, das die Klasmann-Werke in Gro\u00df Hesepe bis 1969 f\u00fcr den beschr\u00e4nkt \u00f6ffentlichen Verkehr zwischen dem Torfwerk in Hesepe und der Stadt Meppen einsetzten. Die Anlieger dieser Strecke hatten dem Torfwerk Land zum Bau der Feldbahn nach Meppen \u00fcberlassen und als Gegenleistung mu\u00dften die Klasmann-Werke einen Personen- und [&hellip;]<\/p>\n","protected":false},"author":2,"featured_media":0,"parent":0,"menu_order":0,"comment_status":"closed","ping_status":"closed","template":"","meta":{"_editorskit_title_hidden":false,"_editorskit_reading_time":0,"_editorskit_is_block_options_detached":false,"_editorskit_block_options_position":"{}","_coblocks_attr":"","_coblocks_dimensions":"","_coblocks_responsive_height":"","_coblocks_accordion_ie_support":"","_eb_attr":"","editor_plus_copied_stylings":"{}","ocean_post_layout":"","ocean_both_sidebars_style":"","ocean_both_sidebars_content_width":0,"ocean_both_sidebars_sidebars_width":0,"ocean_sidebar":"","ocean_second_sidebar":"","ocean_disable_margins":"enable","ocean_add_body_class":"","ocean_shortcode_before_top_bar":"","ocean_shortcode_after_top_bar":"","ocean_shortcode_before_header":"","ocean_shortcode_after_header":"","ocean_has_shortcode":"","ocean_shortcode_after_title":"","ocean_shortcode_before_footer_widgets":"","ocean_shortcode_after_footer_widgets":"","ocean_shortcode_before_footer_bottom":"","ocean_shortcode_after_footer_bottom":"","ocean_display_top_bar":"default","ocean_display_header":"default","ocean_header_style":"","ocean_center_header_left_menu":"","ocean_custom_header_template":"","ocean_custom_logo":0,"ocean_custom_retina_logo":0,"ocean_custom_logo_max_width":0,"ocean_custom_logo_tablet_max_width":0,"ocean_custom_logo_mobile_max_width":0,"ocean_custom_logo_max_height":0,"ocean_custom_logo_tablet_max_height":0,"ocean_custom_logo_mobile_max_height":0,"ocean_header_custom_menu":"","ocean_menu_typo_font_family":"","ocean_menu_typo_font_subset":"","ocean_menu_typo_font_size":0,"ocean_menu_typo_font_size_tablet":0,"ocean_menu_typo_font_size_mobile":0,"ocean_menu_typo_font_size_unit":"px","ocean_menu_typo_font_weight":"","ocean_menu_typo_font_weight_tablet":"","ocean_menu_typo_font_weight_mobile":"","ocean_menu_typo_transform":"","ocean_menu_typo_transform_tablet":"","ocean_menu_typo_transform_mobile":"","ocean_menu_typo_line_height":0,"ocean_menu_typo_line_height_tablet":0,"ocean_menu_typo_line_height_mobile":0,"ocean_menu_typo_line_height_unit":"","ocean_menu_typo_spacing":0,"ocean_menu_typo_spacing_tablet":0,"ocean_menu_typo_spacing_mobile":0,"ocean_menu_typo_spacing_unit":"","ocean_menu_link_color":"","ocean_menu_link_color_hover":"","ocean_menu_link_color_active":"","ocean_menu_link_background":"","ocean_menu_link_hover_background":"","ocean_menu_link_active_background":"","ocean_menu_social_links_bg":"","ocean_menu_social_hover_links_bg":"","ocean_menu_social_links_color":"","ocean_menu_social_hover_links_color":"","ocean_disable_title":"default","ocean_disable_heading":"default","ocean_post_title":"","ocean_post_subheading":"","ocean_post_title_style":"","ocean_post_title_background_color":"","ocean_post_title_background":0,"ocean_post_title_bg_image_position":"","ocean_post_title_bg_image_attachment":"","ocean_post_title_bg_image_repeat":"","ocean_post_title_bg_image_size":"","ocean_post_title_height":0,"ocean_post_title_bg_overlay":0.5,"ocean_post_title_bg_overlay_color":"","ocean_disable_breadcrumbs":"default","ocean_breadcrumbs_color":"","ocean_breadcrumbs_separator_color":"","ocean_breadcrumbs_links_color":"","ocean_breadcrumbs_links_hover_color":"","ocean_display_footer_widgets":"default","ocean_display_footer_bottom":"default","ocean_custom_footer_template":"","footnotes":""},"class_list":["post-2584","page","type-page","status-publish","hentry","entry"],"publishpress_future_action":{"enabled":false,"date":"2026-04-22 07:12:06","action":"change-status","newStatus":"draft","terms":[],"taxonomy":"","extraData":[]},"publishpress_future_workflow_manual_trigger":{"enabledWorkflows":[]},"_links":{"self":[{"href":"https:\/\/kleinbahn-deinste.de\/en\/wp-json\/wp\/v2\/pages\/2584","targetHints":{"allow":["GET"]}}],"collection":[{"href":"https:\/\/kleinbahn-deinste.de\/en\/wp-json\/wp\/v2\/pages"}],"about":[{"href":"https:\/\/kleinbahn-deinste.de\/en\/wp-json\/wp\/v2\/types\/page"}],"author":[{"embeddable":true,"href":"https:\/\/kleinbahn-deinste.de\/en\/wp-json\/wp\/v2\/users\/2"}],"replies":[{"embeddable":true,"href":"https:\/\/kleinbahn-deinste.de\/en\/wp-json\/wp\/v2\/comments?post=2584"}],"version-history":[{"count":7,"href":"https:\/\/kleinbahn-deinste.de\/en\/wp-json\/wp\/v2\/pages\/2584\/revisions"}],"predecessor-version":[{"id":4175,"href":"https:\/\/kleinbahn-deinste.de\/en\/wp-json\/wp\/v2\/pages\/2584\/revisions\/4175"}],"wp:attachment":[{"href":"https:\/\/kleinbahn-deinste.de\/en\/wp-json\/wp\/v2\/media?parent=2584"}],"curies":[{"name":"wp","href":"https:\/\/api.w.org\/{rel}","templated":true}]}}