{"id":2597,"date":"2024-07-15T12:28:00","date_gmt":"2024-07-15T12:28:00","guid":{"rendered":"https:\/\/kleinbahn-deinste.de\/stage-kleinbahn-\/?page_id=2597"},"modified":"2025-03-07T12:54:42","modified_gmt":"2025-03-07T11:54:42","slug":"wagen-24","status":"publish","type":"page","link":"https:\/\/kleinbahn-deinste.de\/en\/wagen-24\/","title":{"rendered":"Passenger Car 24"},"content":{"rendered":"<h2 class=\"wp-block-heading has-text-align-center has-black-color has-text-color has-background has-link-color eplus-wrapper wp-elements-60da94c9d1fb389d693f4c88bc0c83e5 eplus-styles-uid-f07884\" style=\"background-color:#009933\">Wagen-Nr.: 24<\/h2>\n\n<div class=\"wp-block-columns eplus-wrapper is-layout-flex wp-container-core-columns-is-layout-9d6595d7 wp-block-columns-is-layout-flex eplus-styles-uid-b6c8a0\">\n<div class=\"wp-block-column eplus-wrapper is-layout-flow wp-block-column-is-layout-flow\" style=\"flex-basis:50%\"><div class=\"wp-block-image is-style-editorskit-rounded\"><figure class=\"aligncenter size-full is-resized eplus-wrapper eplus-styles-uid-7feed8\"><a href=\"https:\/\/kleinbahn-deinste.de\/wp-content\/uploads\/2024\/08\/Wagen24.jpg\"><img loading=\"lazy\" decoding=\"async\" width=\"324\" height=\"182\" src=\"https:\/\/kleinbahn-deinste.de\/wp-content\/uploads\/2024\/08\/Wagen24.jpg\" alt=\"\" class=\"wp-image-3191\" style=\"object-fit:cover;width:406px;height:auto\" srcset=\"https:\/\/kleinbahn-deinste.de\/wp-content\/uploads\/2024\/08\/Wagen24.jpg 324w, https:\/\/kleinbahn-deinste.de\/wp-content\/uploads\/2024\/08\/Wagen24-300x169.jpg 300w, https:\/\/kleinbahn-deinste.de\/wp-content\/uploads\/2024\/08\/Wagen24-50x28.jpg 50w, https:\/\/kleinbahn-deinste.de\/wp-content\/uploads\/2024\/08\/Wagen24-18x10.jpg 18w\" sizes=\"auto, (max-width: 324px) 100vw, 324px\" \/><\/a><\/figure><\/div><\/div>\n\n\n\n<div class=\"wp-block-column eplus-wrapper is-layout-flow wp-block-column-is-layout-flow\" style=\"flex-basis:50%\"><div class=\"wp-block-image is-style-editorskit-rounded\"><figure class=\"aligncenter size-full is-resized eplus-wrapper eplus-styles-uid-7feed8\"><a href=\"https:\/\/kleinbahn-deinste.de\/wp-content\/uploads\/2024\/08\/Wagen24-02-1.jpg\"><img loading=\"lazy\" decoding=\"async\" width=\"300\" height=\"169\" src=\"https:\/\/kleinbahn-deinste.de\/wp-content\/uploads\/2024\/08\/Wagen24-02-1.jpg\" alt=\"\" class=\"wp-image-3194\" style=\"width:405px;height:auto\" srcset=\"https:\/\/kleinbahn-deinste.de\/wp-content\/uploads\/2024\/08\/Wagen24-02-1.jpg 300w, https:\/\/kleinbahn-deinste.de\/wp-content\/uploads\/2024\/08\/Wagen24-02-1-50x28.jpg 50w, https:\/\/kleinbahn-deinste.de\/wp-content\/uploads\/2024\/08\/Wagen24-02-1-18x10.jpg 18w\" sizes=\"auto, (max-width: 300px) 100vw, 300px\" \/><\/a><\/figure><\/div><\/div>\n<\/div>\n\n\n<hr class=\"wp-block-coblocks-dynamic-separator has-background has-black-color is-style-fullwidth\" style=\"height:50px\"\/>\n\n\n\n<p style=\"font-size:17px\" class=\"eplus-wrapper\">The passenger cars 23, 24 and 26 were built in 1919 by the Hannoversche Waggonfabrik AG, Hannover-Linden (HAWA) according to the construction guidelines of the army field railways of the First World War.<\/p>\n\n\n\n<p style=\"font-size:17px\" class=\"eplus-wrapper\">Some car bodies were discovered by the SKBG at the Glasmoor prison, where they were used as recreation rooms.<\/p>\n\n\n\n<p style=\"font-size:17px\" class=\"eplus-wrapper\">The first of the three car bodies came to Holm-Seppensen at the end of 1973, the others followed later. Suitable bogies were obtained from the Muskau forest railway (DR), which was closed in 1978.<\/p>\n\n\n\n<p style=\"font-size:17px\" class=\"eplus-wrapper\">In the past, wagons of this type were used for transporting personnel (22 persons) or as hospital wagons (8 stretchers). The front sides could be opened up completely to bring the wounded inside more easily. This is still possible today on carriages 23 and 24.<\/p>\n\n\n\n<p style=\"font-size:17px\" class=\"eplus-wrapper\">Passenger car 23 has been in service with the DFKM since August 1978, while the restoration of car 24 was completed in April 1980. In October 1989, the refurbishment of passenger car 26 started. The wagon 26 was previously canibalised as a spare part donor for the cars 23 and 24. After a complete overhaul and refurbishment, the car is back in operation in the museum since Easter 1990.<\/p>\n\n\n\n<p style=\"font-size:17px\" class=\"eplus-wrapper\">In 2014, the body of passenger car 23 was refurbished and the entire wooden superstructure was replaced.<\/p>","protected":false},"excerpt":{"rendered":"<p>Wagen-Nr.: 24 Die Personenwagen 23, 24 und 26 wurden 1919 nach den Baurichtlinien der Heeresfeldbahnen des Ersten Weltkrieges von der Hannoverschen Waggonfabrik AG, Hannover-Linden (HAWA) gebaut. Einige Wagenk\u00e4sten wurden von der SKBG bei der Justizvollzugsanstalt Glasmoor entdeckt, wo sie als Aufenthaltsr\u00e4ume dienten. Ende 1973 kam der erste der drei Wagenk\u00e4sten nach Holm-Seppensen, die anderen folgten [&hellip;]<\/p>\n","protected":false},"author":2,"featured_media":0,"parent":0,"menu_order":0,"comment_status":"closed","ping_status":"closed","template":"","meta":{"_editorskit_title_hidden":false,"_editorskit_reading_time":0,"_editorskit_is_block_options_detached":false,"_editorskit_block_options_position":"{}","_coblocks_attr":"","_coblocks_dimensions":"","_coblocks_responsive_height":"","_coblocks_accordion_ie_support":"","_eb_attr":"","editor_plus_copied_stylings":"{}","ocean_post_layout":"","ocean_both_sidebars_style":"","ocean_both_sidebars_content_width":0,"ocean_both_sidebars_sidebars_width":0,"ocean_sidebar":"","ocean_second_sidebar":"","ocean_disable_margins":"enable","ocean_add_body_class":"","ocean_shortcode_before_top_bar":"","ocean_shortcode_after_top_bar":"","ocean_shortcode_before_header":"","ocean_shortcode_after_header":"","ocean_has_shortcode":"","ocean_shortcode_after_title":"","ocean_shortcode_before_footer_widgets":"","ocean_shortcode_after_footer_widgets":"","ocean_shortcode_before_footer_bottom":"","ocean_shortcode_after_footer_bottom":"","ocean_display_top_bar":"default","ocean_display_header":"default","ocean_header_style":"","ocean_center_header_left_menu":"","ocean_custom_header_template":"","ocean_custom_logo":0,"ocean_custom_retina_logo":0,"ocean_custom_logo_max_width":0,"ocean_custom_logo_tablet_max_width":0,"ocean_custom_logo_mobile_max_width":0,"ocean_custom_logo_max_height":0,"ocean_custom_logo_tablet_max_height":0,"ocean_custom_logo_mobile_max_height":0,"ocean_header_custom_menu":"","ocean_menu_typo_font_family":"","ocean_menu_typo_font_subset":"","ocean_menu_typo_font_size":0,"ocean_menu_typo_font_size_tablet":0,"ocean_menu_typo_font_size_mobile":0,"ocean_menu_typo_font_size_unit":"px","ocean_menu_typo_font_weight":"","ocean_menu_typo_font_weight_tablet":"","ocean_menu_typo_font_weight_mobile":"","ocean_menu_typo_transform":"","ocean_menu_typo_transform_tablet":"","ocean_menu_typo_transform_mobile":"","ocean_menu_typo_line_height":0,"ocean_menu_typo_line_height_tablet":0,"ocean_menu_typo_line_height_mobile":0,"ocean_menu_typo_line_height_unit":"","ocean_menu_typo_spacing":0,"ocean_menu_typo_spacing_tablet":0,"ocean_menu_typo_spacing_mobile":0,"ocean_menu_typo_spacing_unit":"","ocean_menu_link_color":"","ocean_menu_link_color_hover":"","ocean_menu_link_color_active":"","ocean_menu_link_background":"","ocean_menu_link_hover_background":"","ocean_menu_link_active_background":"","ocean_menu_social_links_bg":"","ocean_menu_social_hover_links_bg":"","ocean_menu_social_links_color":"","ocean_menu_social_hover_links_color":"","ocean_disable_title":"default","ocean_disable_heading":"default","ocean_post_title":"","ocean_post_subheading":"","ocean_post_title_style":"","ocean_post_title_background_color":"","ocean_post_title_background":0,"ocean_post_title_bg_image_position":"","ocean_post_title_bg_image_attachment":"","ocean_post_title_bg_image_repeat":"","ocean_post_title_bg_image_size":"","ocean_post_title_height":0,"ocean_post_title_bg_overlay":0.5,"ocean_post_title_bg_overlay_color":"","ocean_disable_breadcrumbs":"default","ocean_breadcrumbs_color":"","ocean_breadcrumbs_separator_color":"","ocean_breadcrumbs_links_color":"","ocean_breadcrumbs_links_hover_color":"","ocean_display_footer_widgets":"default","ocean_display_footer_bottom":"default","ocean_custom_footer_template":"","footnotes":""},"class_list":["post-2597","page","type-page","status-publish","hentry","entry"],"publishpress_future_action":{"enabled":false,"date":"2026-04-22 06:57:12","action":"change-status","newStatus":"draft","terms":[],"taxonomy":"","extraData":[]},"publishpress_future_workflow_manual_trigger":{"enabledWorkflows":[]},"_links":{"self":[{"href":"https:\/\/kleinbahn-deinste.de\/en\/wp-json\/wp\/v2\/pages\/2597","targetHints":{"allow":["GET"]}}],"collection":[{"href":"https:\/\/kleinbahn-deinste.de\/en\/wp-json\/wp\/v2\/pages"}],"about":[{"href":"https:\/\/kleinbahn-deinste.de\/en\/wp-json\/wp\/v2\/types\/page"}],"author":[{"embeddable":true,"href":"https:\/\/kleinbahn-deinste.de\/en\/wp-json\/wp\/v2\/users\/2"}],"replies":[{"embeddable":true,"href":"https:\/\/kleinbahn-deinste.de\/en\/wp-json\/wp\/v2\/comments?post=2597"}],"version-history":[{"count":6,"href":"https:\/\/kleinbahn-deinste.de\/en\/wp-json\/wp\/v2\/pages\/2597\/revisions"}],"predecessor-version":[{"id":4181,"href":"https:\/\/kleinbahn-deinste.de\/en\/wp-json\/wp\/v2\/pages\/2597\/revisions\/4181"}],"wp:attachment":[{"href":"https:\/\/kleinbahn-deinste.de\/en\/wp-json\/wp\/v2\/media?parent=2597"}],"curies":[{"name":"wp","href":"https:\/\/api.w.org\/{rel}","templated":true}]}}