{"id":2614,"date":"2024-07-15T14:18:57","date_gmt":"2024-07-15T14:18:57","guid":{"rendered":"https:\/\/kleinbahn-deinste.de\/stage-kleinbahn-\/?page_id=2614"},"modified":"2024-11-01T16:52:46","modified_gmt":"2024-11-01T16:52:46","slug":"gueterwagen","status":"publish","type":"page","link":"https:\/\/kleinbahn-deinste.de\/en\/gueterwagen\/","title":{"rendered":"Freight Cars"},"content":{"rendered":"<h2 class=\"wp-block-heading has-text-align-center has-black-color has-text-color has-background has-link-color eplus-wrapper wp-elements-ef696e3b81a86c1acd0d2bc6413a0822 eplus-styles-uid-f07884\" style=\"background-color:#009933\">Freight cars<\/h2>\n\n<div class=\"wp-block-columns eplus-wrapper is-layout-flex wp-container-core-columns-is-layout-9d6595d7 wp-block-columns-is-layout-flex eplus-styles-uid-44ef1d\">\n<div class=\"wp-block-column is-vertically-aligned-center eplus-wrapper is-layout-flow wp-block-column-is-layout-flow\"><figure class=\"is-style-editorskit-rounded wp-block-image size-large eplus-wrapper eplus-styles-uid-92baf8\"><img loading=\"lazy\" decoding=\"async\" width=\"1024\" height=\"649\" src=\"https:\/\/kleinbahn-deinste.de\/wp-content\/uploads\/2024\/06\/lore-1-cropped-1024x649.jpg\" alt=\"\" class=\"wp-image-1956\" srcset=\"https:\/\/kleinbahn-deinste.de\/wp-content\/uploads\/2024\/06\/lore-1-cropped-1024x649.jpg 1024w, https:\/\/kleinbahn-deinste.de\/wp-content\/uploads\/2024\/06\/lore-1-cropped-300x190.jpg 300w, https:\/\/kleinbahn-deinste.de\/wp-content\/uploads\/2024\/06\/lore-1-cropped-768x487.jpg 768w, https:\/\/kleinbahn-deinste.de\/wp-content\/uploads\/2024\/06\/lore-1-cropped.jpg 1077w\" sizes=\"auto, (max-width: 1024px) 100vw, 1024px\" \/><\/figure><\/div>\n\n\n\n<div class=\"wp-block-column is-vertically-aligned-center eplus-wrapper is-layout-flow wp-block-column-is-layout-flow\">\n<p class=\"has-text-align-center eplus-wrapper\">Wagon no.:\u00a0<strong>100\u00a0und weitere<\/strong><br>Manufacturer :\u00a0<strong>\u2013<\/strong><br>Type of car :\u00a0<strong>Tipper car<\/strong><br>Year of construction:\u00a0<strong>\u2013<\/strong><br>Axles:\u00a0<strong>2<\/strong><br>Brakes:\u00a0<strong>1<\/strong><\/p>\n\n\n\n<div class=\"wp-block-essential-blocks-button root-eb-button-jopxg\"><div class=\"eb-parent-wrapper eb-parent-eb-button-jopxg\"><div class=\"eb-button-wrapper eb-button-alignment eb-button-jopxg\"><div class=\"eb-button\"><div class=\"eb-button-inner-wrapper\"><a class=\"eb-button-anchor\" href=\"https:\/\/kleinbahn-deinste.de\/en\/wagen-100\/\" rel=\"noopener\">Read more<\/a><\/div><\/div><\/div><\/div><\/div>\n<\/div>\n<\/div>\n\n\n<hr class=\"wp-block-coblocks-dynamic-separator has-background has-black-color is-style-fullwidth\" style=\"height:50px\"\/>\n\n\n<div class=\"wp-block-columns eplus-wrapper is-layout-flex wp-container-core-columns-is-layout-9d6595d7 wp-block-columns-is-layout-flex eplus-styles-uid-dec90f\">\n<div class=\"wp-block-column is-vertically-aligned-center eplus-wrapper is-layout-flow wp-block-column-is-layout-flow\"><figure class=\"is-style-editorskit-rounded wp-block-image size-large eplus-wrapper eplus-styles-uid-92baf8\"><img decoding=\"async\" src=\"https:\/\/kleinbahn-deinste.de\/stage-kleinbahn-\/wp-content\/uploads\/2024\/06\/Wagen-50-1024x576.jpg\" alt=\"\" class=\"wp-image-1961\"><\/figure><\/div>\n\n\n\n<div class=\"wp-block-column eplus-wrapper is-layout-flow wp-block-column-is-layout-flow\">\n<p class=\"has-text-align-center eplus-wrapper\">Wagon no.:\u00a0<strong>50<\/strong><br>Manufacturer :\u00a0<strong>Otto Kaiser KG<\/strong><br>Type of car :\u00a0<strong>Army field railway flat wagon<\/strong><br>Year of construction:\u00a0<strong>1943<\/strong><br>Axles:\u00a0<strong>2<\/strong><br>Brakes:\u00a0<strong>\u2013<\/strong><\/p>\n\n\n\n<div class=\"wp-block-essential-blocks-button root-eb-button-p9yo0\"><div class=\"eb-parent-wrapper eb-parent-eb-button-p9yo0\"><div class=\"eb-button-wrapper eb-button-alignment eb-button-p9yo0\"><div class=\"eb-button\"><div class=\"eb-button-inner-wrapper\"><a class=\"eb-button-anchor\" href=\"https:\/\/kleinbahn-deinste.de\/en\/wagen-50\/\" rel=\"noopener\">Read more<\/a><\/div><\/div><\/div><\/div><\/div>\n<\/div>\n<\/div>\n\n\n<hr class=\"wp-block-coblocks-dynamic-separator has-background has-black-color is-style-fullwidth\" style=\"height:50px\"\/>\n\n\n<div class=\"wp-block-columns eplus-wrapper is-layout-flex wp-container-core-columns-is-layout-9d6595d7 wp-block-columns-is-layout-flex eplus-styles-uid-cdb5dc\"><div class=\"wp-block-column is-vertically-aligned-center eplus-wrapper is-layout-flow wp-block-column-is-layout-flow eplus-styles-uid-cbf413\"><figure class=\"is-style-editorskit-rounded wp-block-image size-large eplus-wrapper eplus-styles-uid-92baf8\"><img decoding=\"async\" src=\"https:\/\/kleinbahn-deinste.de\/stage-kleinbahn-\/wp-content\/uploads\/2024\/06\/wagen-52-1024x576.jpg\" alt=\"\" class=\"wp-image-1962\"><\/figure><\/div>\n\n\n<div class=\"wp-block-column eplus-wrapper is-layout-flow wp-block-column-is-layout-flow\">\n<p class=\"has-text-align-center eplus-wrapper\">Wagon no.:\u00a0<strong>52<\/strong><br>Manufacturer :\u00a0<strong>\u2013<\/strong><br>Type of car :\u00a0<strong>Flat car<\/strong><br>Year of construction:\u00a0<strong>\u2013<\/strong><br>Axles:\u00a0<strong>2<\/strong><strong><\/strong><br>Brakes:\u00a0<strong>\u2013<\/strong><\/p>\n\n\n\n<div class=\"wp-block-essential-blocks-button root-eb-button-56irf\"><div class=\"eb-parent-wrapper eb-parent-eb-button-56irf\"><div class=\"eb-button-wrapper eb-button-alignment eb-button-56irf\"><div class=\"eb-button\"><div class=\"eb-button-inner-wrapper\"><a class=\"eb-button-anchor\" href=\"https:\/\/kleinbahn-deinste.de\/en\/wagen-52\/\" rel=\"noopener\">Read more<\/a><\/div><\/div><\/div><\/div><\/div>\n<\/div>\n<\/div>\n\n\n<hr class=\"wp-block-coblocks-dynamic-separator has-background has-black-color is-style-fullwidth\" style=\"height:50px\"\/>\n\n\n<div class=\"wp-block-columns eplus-wrapper is-layout-flex wp-container-core-columns-is-layout-9d6595d7 wp-block-columns-is-layout-flex eplus-styles-uid-32b3ad\">\n<div class=\"wp-block-column is-vertically-aligned-center eplus-wrapper is-layout-flow wp-block-column-is-layout-flow\"><figure class=\"is-style-editorskit-rounded wp-block-image size-large eplus-wrapper eplus-styles-uid-92baf8\"><img loading=\"lazy\" decoding=\"async\" width=\"1024\" height=\"576\" src=\"https:\/\/kleinbahn-deinste.de\/wp-content\/uploads\/2024\/07\/Wagen54-1024x576.jpg\" alt=\"\" class=\"wp-image-2617\" srcset=\"https:\/\/kleinbahn-deinste.de\/wp-content\/uploads\/2024\/07\/Wagen54-1024x576.jpg 1024w, https:\/\/kleinbahn-deinste.de\/wp-content\/uploads\/2024\/07\/Wagen54-300x169.jpg 300w, https:\/\/kleinbahn-deinste.de\/wp-content\/uploads\/2024\/07\/Wagen54-768x432.jpg 768w, https:\/\/kleinbahn-deinste.de\/wp-content\/uploads\/2024\/07\/Wagen54-800x450.jpg 800w, https:\/\/kleinbahn-deinste.de\/wp-content\/uploads\/2024\/07\/Wagen54.jpg 1080w\" sizes=\"auto, (max-width: 1024px) 100vw, 1024px\" \/><\/figure><\/div>\n\n\n\n<div class=\"wp-block-column is-vertically-aligned-center eplus-wrapper is-layout-flow wp-block-column-is-layout-flow\">\n<p class=\"has-text-align-center eplus-wrapper\">Wagon no.:\u00a0<strong>54<\/strong><br>Manufacturer :\u00a0<strong>\u2013<\/strong><br>Type of car :\u00a0<strong>Freight cars<\/strong><br>Year of construction:\u00a0<br>Axles:\u00a0<strong>2<\/strong><br>Brakes:\u00a0<strong>1<\/strong><\/p>\n\n\n\n<div class=\"wp-block-essential-blocks-button root-eb-button-t1rey\"><div class=\"eb-parent-wrapper eb-parent-eb-button-t1rey\"><div class=\"eb-button-wrapper eb-button-alignment eb-button-t1rey\"><div class=\"eb-button\"><div class=\"eb-button-inner-wrapper\"><a class=\"eb-button-anchor\" href=\"https:\/\/kleinbahn-deinste.de\/en\/wagen-54\/\" rel=\"noopener\">Read more<\/a><\/div><\/div><\/div><\/div><\/div>\n<\/div>\n<\/div>\n\n\n<hr class=\"wp-block-coblocks-dynamic-separator has-background has-black-color is-style-fullwidth\" style=\"height:50px\"\/>\n\n\n<div class=\"wp-block-columns eplus-wrapper is-layout-flex wp-container-core-columns-is-layout-9d6595d7 wp-block-columns-is-layout-flex eplus-styles-uid-ccc570\">\n<div class=\"wp-block-column is-vertically-aligned-center eplus-wrapper is-layout-flow wp-block-column-is-layout-flow\"><figure class=\"is-style-editorskit-rounded wp-block-image size-large eplus-wrapper eplus-styles-uid-92baf8\"><img loading=\"lazy\" decoding=\"async\" width=\"1024\" height=\"576\" src=\"https:\/\/kleinbahn-deinste.de\/wp-content\/uploads\/2024\/07\/Wagen45-1024x576.jpg\" alt=\"\" class=\"wp-image-2619\" srcset=\"https:\/\/kleinbahn-deinste.de\/wp-content\/uploads\/2024\/07\/Wagen45-1024x576.jpg 1024w, https:\/\/kleinbahn-deinste.de\/wp-content\/uploads\/2024\/07\/Wagen45-300x169.jpg 300w, https:\/\/kleinbahn-deinste.de\/wp-content\/uploads\/2024\/07\/Wagen45-768x432.jpg 768w, https:\/\/kleinbahn-deinste.de\/wp-content\/uploads\/2024\/07\/Wagen45-800x450.jpg 800w, https:\/\/kleinbahn-deinste.de\/wp-content\/uploads\/2024\/07\/Wagen45.jpg 1080w\" sizes=\"auto, (max-width: 1024px) 100vw, 1024px\" \/><\/figure><\/div>\n\n\n\n<div class=\"wp-block-column is-vertically-aligned-center eplus-wrapper is-layout-flow wp-block-column-is-layout-flow\">\n<p class=\"has-text-align-center eplus-wrapper\">Wagon no.:\u00a0<strong>45<\/strong><br>Manufacturer :\u00a0<strong>VEB F\u00f6rderwagenbau M\u00fchlhausen<\/strong><br>Type of car :\u00a0<strong>Tipper car<\/strong><br>Year of construction:\u00a0<strong>\u2013<\/strong><br>Axles:\u00a0<strong>2<\/strong><br>Brakes:\u00a0<strong>1<\/strong><br>Seats:\u00a0<strong>8<\/strong><br>Heating:\u00a0<strong>\u2013<\/strong><\/p>\n\n\n\n<div class=\"wp-block-essential-blocks-button root-eb-button-fn0oq\"><div class=\"eb-parent-wrapper eb-parent-eb-button-fn0oq\"><div class=\"eb-button-wrapper eb-button-alignment eb-button-fn0oq\"><div class=\"eb-button\"><div class=\"eb-button-inner-wrapper\"><a class=\"eb-button-anchor\" href=\"https:\/\/kleinbahn-deinste.de\/en\/wagen-45\/\" rel=\"noopener\">Read more<\/a><\/div><\/div><\/div><\/div><\/div>\n<\/div>\n<\/div>","protected":false},"excerpt":{"rendered":"<p>G\u00fcterwagen Wagen-Nr.:&nbsp;100&nbsp;und weitereHersteller:&nbsp;\u2013Wagenbauart:&nbsp;KipploreBaujahr:&nbsp;\u2013Achsen:&nbsp;2Bremsen:&nbsp;1 Wagen-Nr.:&nbsp;50Hersteller:&nbsp;Otto Kaiser KGWagenbauart:&nbsp;Heeresfeldbahn-FlachwagenBaujahr:&nbsp;1943Achsen:&nbsp;2Bremsen:&nbsp;\u2013 Wagen-Nr.:&nbsp;52Hersteller:&nbsp;\u2013Wagenbauart:&nbsp;FlachwagenBaujahr:&nbsp;\u2013Achsen:&nbsp;2Bremsen:&nbsp;\u2013 Wagen-Nr.:&nbsp;54Hersteller:&nbsp;\u2013Wagenbauart:&nbsp;G\u00fcterwagenBaujahr:&nbsp;Achsen:&nbsp;2Bremsen:&nbsp;1 Wagen-Nr.:&nbsp;45Hersteller:&nbsp;VEB F\u00f6rderwagenbau M\u00fchlhausenWagenbauart:&nbsp;KipploreBaujahr:&nbsp;\u2013Achsen:&nbsp;2Bremsen:&nbsp;1Sitzpl\u00e4tze:&nbsp;8Heizung:&nbsp;\u2013<\/p>","protected":false},"author":2,"featured_media":0,"parent":0,"menu_order":0,"comment_status":"closed","ping_status":"closed","template":"","meta":{"_editorskit_title_hidden":false,"_editorskit_reading_time":0,"_editorskit_is_block_options_detached":false,"_editorskit_block_options_position":"{}","_coblocks_attr":"","_coblocks_dimensions":"","_coblocks_responsive_height":"","_coblocks_accordion_ie_support":"","_eb_attr":"","editor_plus_copied_stylings":"{}","ocean_post_layout":"","ocean_both_sidebars_style":"","ocean_both_sidebars_content_width":0,"ocean_both_sidebars_sidebars_width":0,"ocean_sidebar":"","ocean_second_sidebar":"","ocean_disable_margins":"enable","ocean_add_body_class":"","ocean_shortcode_before_top_bar":"","ocean_shortcode_after_top_bar":"","ocean_shortcode_before_header":"","ocean_shortcode_after_header":"","ocean_has_shortcode":"","ocean_shortcode_after_title":"","ocean_shortcode_before_footer_widgets":"","ocean_shortcode_after_footer_widgets":"","ocean_shortcode_before_footer_bottom":"","ocean_shortcode_after_footer_bottom":"","ocean_display_top_bar":"default","ocean_display_header":"default","ocean_header_style":"","ocean_center_header_left_menu":"","ocean_custom_header_template":"","ocean_custom_logo":0,"ocean_custom_retina_logo":0,"ocean_custom_logo_max_width":0,"ocean_custom_logo_tablet_max_width":0,"ocean_custom_logo_mobile_max_width":0,"ocean_custom_logo_max_height":0,"ocean_custom_logo_tablet_max_height":0,"ocean_custom_logo_mobile_max_height":0,"ocean_header_custom_menu":"","ocean_menu_typo_font_family":"","ocean_menu_typo_font_subset":"","ocean_menu_typo_font_size":0,"ocean_menu_typo_font_size_tablet":0,"ocean_menu_typo_font_size_mobile":0,"ocean_menu_typo_font_size_unit":"px","ocean_menu_typo_font_weight":"","ocean_menu_typo_font_weight_tablet":"","ocean_menu_typo_font_weight_mobile":"","ocean_menu_typo_transform":"","ocean_menu_typo_transform_tablet":"","ocean_menu_typo_transform_mobile":"","ocean_menu_typo_line_height":0,"ocean_menu_typo_line_height_tablet":0,"ocean_menu_typo_line_height_mobile":0,"ocean_menu_typo_line_height_unit":"","ocean_menu_typo_spacing":0,"ocean_menu_typo_spacing_tablet":0,"ocean_menu_typo_spacing_mobile":0,"ocean_menu_typo_spacing_unit":"","ocean_menu_link_color":"","ocean_menu_link_color_hover":"","ocean_menu_link_color_active":"","ocean_menu_link_background":"","ocean_menu_link_hover_background":"","ocean_menu_link_active_background":"","ocean_menu_social_links_bg":"","ocean_menu_social_hover_links_bg":"","ocean_menu_social_links_color":"","ocean_menu_social_hover_links_color":"","ocean_disable_title":"default","ocean_disable_heading":"default","ocean_post_title":"","ocean_post_subheading":"","ocean_post_title_style":"","ocean_post_title_background_color":"","ocean_post_title_background":0,"ocean_post_title_bg_image_position":"","ocean_post_title_bg_image_attachment":"","ocean_post_title_bg_image_repeat":"","ocean_post_title_bg_image_size":"","ocean_post_title_height":0,"ocean_post_title_bg_overlay":0.5,"ocean_post_title_bg_overlay_color":"","ocean_disable_breadcrumbs":"default","ocean_breadcrumbs_color":"","ocean_breadcrumbs_separator_color":"","ocean_breadcrumbs_links_color":"","ocean_breadcrumbs_links_hover_color":"","ocean_display_footer_widgets":"default","ocean_display_footer_bottom":"default","ocean_custom_footer_template":"","footnotes":""},"class_list":["post-2614","page","type-page","status-publish","hentry","entry"],"publishpress_future_action":{"enabled":false,"date":"2026-04-22 07:11:20","action":"change-status","newStatus":"draft","terms":[],"taxonomy":"","extraData":[]},"publishpress_future_workflow_manual_trigger":{"enabledWorkflows":[]},"_links":{"self":[{"href":"https:\/\/kleinbahn-deinste.de\/en\/wp-json\/wp\/v2\/pages\/2614","targetHints":{"allow":["GET"]}}],"collection":[{"href":"https:\/\/kleinbahn-deinste.de\/en\/wp-json\/wp\/v2\/pages"}],"about":[{"href":"https:\/\/kleinbahn-deinste.de\/en\/wp-json\/wp\/v2\/types\/page"}],"author":[{"embeddable":true,"href":"https:\/\/kleinbahn-deinste.de\/en\/wp-json\/wp\/v2\/users\/2"}],"replies":[{"embeddable":true,"href":"https:\/\/kleinbahn-deinste.de\/en\/wp-json\/wp\/v2\/comments?post=2614"}],"version-history":[{"count":3,"href":"https:\/\/kleinbahn-deinste.de\/en\/wp-json\/wp\/v2\/pages\/2614\/revisions"}],"predecessor-version":[{"id":3666,"href":"https:\/\/kleinbahn-deinste.de\/en\/wp-json\/wp\/v2\/pages\/2614\/revisions\/3666"}],"wp:attachment":[{"href":"https:\/\/kleinbahn-deinste.de\/en\/wp-json\/wp\/v2\/media?parent=2614"}],"curies":[{"name":"wp","href":"https:\/\/api.w.org\/{rel}","templated":true}]}}