{"id":2623,"date":"2024-07-15T14:27:38","date_gmt":"2024-07-15T14:27:38","guid":{"rendered":"https:\/\/kleinbahn-deinste.de\/stage-kleinbahn-\/?page_id=2623"},"modified":"2025-03-07T13:00:04","modified_gmt":"2025-03-07T12:00:04","slug":"wagen-100","status":"publish","type":"page","link":"https:\/\/kleinbahn-deinste.de\/en\/wagen-100\/","title":{"rendered":"Freight Wagon 100"},"content":{"rendered":"<h2 class=\"wp-block-heading has-text-align-center has-black-color has-text-color has-background has-link-color eplus-wrapper wp-elements-326e5e02953e1e66c5016690d170987a eplus-styles-uid-f07884\" style=\"background-color:#009933\">Car no.: 100 and others<\/h2>\n\n<div class=\"wp-block-columns eplus-wrapper is-layout-flex wp-container-core-columns-is-layout-9d6595d7 wp-block-columns-is-layout-flex eplus-styles-uid-f543d2\">\n<div class=\"wp-block-column eplus-wrapper is-layout-flow wp-block-column-is-layout-flow\" style=\"flex-basis:45%\"><figure class=\"is-style-editorskit-rounded wp-block-image size-large eplus-wrapper eplus-styles-uid-92baf8\"><a href=\"https:\/\/kleinbahn-deinste.de\/wp-content\/uploads\/2024\/06\/lore-1-cropped.jpg\"><img loading=\"lazy\" decoding=\"async\" width=\"1024\" height=\"649\" src=\"https:\/\/kleinbahn-deinste.de\/wp-content\/uploads\/2024\/06\/lore-1-cropped-1024x649.jpg\" alt=\"\" class=\"wp-image-1956\" srcset=\"https:\/\/kleinbahn-deinste.de\/wp-content\/uploads\/2024\/06\/lore-1-cropped-1024x649.jpg 1024w, https:\/\/kleinbahn-deinste.de\/wp-content\/uploads\/2024\/06\/lore-1-cropped-300x190.jpg 300w, https:\/\/kleinbahn-deinste.de\/wp-content\/uploads\/2024\/06\/lore-1-cropped-768x487.jpg 768w, https:\/\/kleinbahn-deinste.de\/wp-content\/uploads\/2024\/06\/lore-1-cropped.jpg 1077w\" sizes=\"auto, (max-width: 1024px) 100vw, 1024px\" \/><\/a><\/figure><\/div>\n\n\n\n<div class=\"wp-block-column eplus-wrapper is-layout-flow wp-block-column-is-layout-flow\" style=\"flex-basis:50%\"><figure class=\"is-style-editorskit-rounded wp-block-image size-large eplus-wrapper eplus-styles-uid-92baf8\"><a href=\"https:\/\/kleinbahn-deinste.de\/wp-content\/uploads\/2024\/07\/Wagen100Loren.jpg\"><img loading=\"lazy\" decoding=\"async\" width=\"1024\" height=\"576\" src=\"https:\/\/kleinbahn-deinste.de\/wp-content\/uploads\/2024\/07\/Wagen100Loren-1024x576.jpg\" alt=\"\" class=\"wp-image-2624\" srcset=\"https:\/\/kleinbahn-deinste.de\/wp-content\/uploads\/2024\/07\/Wagen100Loren-1024x576.jpg 1024w, https:\/\/kleinbahn-deinste.de\/wp-content\/uploads\/2024\/07\/Wagen100Loren-300x169.jpg 300w, https:\/\/kleinbahn-deinste.de\/wp-content\/uploads\/2024\/07\/Wagen100Loren-768x432.jpg 768w, https:\/\/kleinbahn-deinste.de\/wp-content\/uploads\/2024\/07\/Wagen100Loren-800x450.jpg 800w, https:\/\/kleinbahn-deinste.de\/wp-content\/uploads\/2024\/07\/Wagen100Loren.jpg 1080w\" sizes=\"auto, (max-width: 1024px) 100vw, 1024px\" \/><\/a><\/figure><\/div>\n<\/div>\n\n\n<hr class=\"wp-block-coblocks-dynamic-separator has-background has-black-color is-style-fullwidth\" style=\"height:10px\"\/>\n\n\n\n<p style=\"font-size:17px\" class=\"eplus-wrapper\">Such tipper carts were used in dyke construction, on the rubble railway after the world wars, in open-cast and mining operations and in brickworks. Loading was very easy using excavators or dumping devices, and at the unloading point the unloader simply tipped the load to the left or right by swivelling the tipper to the side.<\/p>\n\n\n\n<p style=\"font-size:17px\" class=\"eplus-wrapper\">Some lorries were equipped with a brakeman's platform and handbrake crank, where the unloader could assist the train driver in braking to stop heavy lorry trains during transport.<\/p>\n\n\n\n<p style=\"font-size:17px\" class=\"eplus-wrapper\">Depending on their size, these light tipper cars could hold 0.75-1.5 m\u00b3 of material. The collection of tipper cars was continuously expanded over many years in Deinste, starting in Holm-Seppensen.<\/p>","protected":false},"excerpt":{"rendered":"<p>Wagen-Nr.: 100 und weitere Solche Kipploren wurden im Deichbau, bei der Tr\u00fcmmerbahn nach den Weltkriegen, im Tage- und Bergbau und in Ziegeleien verwendet. Das Beladen war denkbar einfach \u00fcber Bagger oder Sch\u00fcttvorrichtungen bewerkstelligt, und am Entladeort kippte der Entlader das Ladegut einfach durch Verschwenken der Kipplade nach links oder rechts seitlich ab. Manche Loren waren [&hellip;]<\/p>\n","protected":false},"author":2,"featured_media":0,"parent":0,"menu_order":1,"comment_status":"closed","ping_status":"closed","template":"","meta":{"_editorskit_title_hidden":false,"_editorskit_reading_time":0,"_editorskit_is_block_options_detached":false,"_editorskit_block_options_position":"{}","_coblocks_attr":"","_coblocks_dimensions":"","_coblocks_responsive_height":"","_coblocks_accordion_ie_support":"","_eb_attr":"","editor_plus_copied_stylings":"{}","ocean_post_layout":"","ocean_both_sidebars_style":"","ocean_both_sidebars_content_width":0,"ocean_both_sidebars_sidebars_width":0,"ocean_sidebar":"","ocean_second_sidebar":"","ocean_disable_margins":"enable","ocean_add_body_class":"","ocean_shortcode_before_top_bar":"","ocean_shortcode_after_top_bar":"","ocean_shortcode_before_header":"","ocean_shortcode_after_header":"","ocean_has_shortcode":"","ocean_shortcode_after_title":"","ocean_shortcode_before_footer_widgets":"","ocean_shortcode_after_footer_widgets":"","ocean_shortcode_before_footer_bottom":"","ocean_shortcode_after_footer_bottom":"","ocean_display_top_bar":"default","ocean_display_header":"default","ocean_header_style":"","ocean_center_header_left_menu":"","ocean_custom_header_template":"","ocean_custom_logo":0,"ocean_custom_retina_logo":0,"ocean_custom_logo_max_width":0,"ocean_custom_logo_tablet_max_width":0,"ocean_custom_logo_mobile_max_width":0,"ocean_custom_logo_max_height":0,"ocean_custom_logo_tablet_max_height":0,"ocean_custom_logo_mobile_max_height":0,"ocean_header_custom_menu":"","ocean_menu_typo_font_family":"","ocean_menu_typo_font_subset":"","ocean_menu_typo_font_size":0,"ocean_menu_typo_font_size_tablet":0,"ocean_menu_typo_font_size_mobile":0,"ocean_menu_typo_font_size_unit":"px","ocean_menu_typo_font_weight":"","ocean_menu_typo_font_weight_tablet":"","ocean_menu_typo_font_weight_mobile":"","ocean_menu_typo_transform":"","ocean_menu_typo_transform_tablet":"","ocean_menu_typo_transform_mobile":"","ocean_menu_typo_line_height":0,"ocean_menu_typo_line_height_tablet":0,"ocean_menu_typo_line_height_mobile":0,"ocean_menu_typo_line_height_unit":"","ocean_menu_typo_spacing":0,"ocean_menu_typo_spacing_tablet":0,"ocean_menu_typo_spacing_mobile":0,"ocean_menu_typo_spacing_unit":"","ocean_menu_link_color":"","ocean_menu_link_color_hover":"","ocean_menu_link_color_active":"","ocean_menu_link_background":"","ocean_menu_link_hover_background":"","ocean_menu_link_active_background":"","ocean_menu_social_links_bg":"","ocean_menu_social_hover_links_bg":"","ocean_menu_social_links_color":"","ocean_menu_social_hover_links_color":"","ocean_disable_title":"default","ocean_disable_heading":"default","ocean_post_title":"","ocean_post_subheading":"","ocean_post_title_style":"","ocean_post_title_background_color":"","ocean_post_title_background":0,"ocean_post_title_bg_image_position":"","ocean_post_title_bg_image_attachment":"","ocean_post_title_bg_image_repeat":"","ocean_post_title_bg_image_size":"","ocean_post_title_height":0,"ocean_post_title_bg_overlay":0.5,"ocean_post_title_bg_overlay_color":"","ocean_disable_breadcrumbs":"default","ocean_breadcrumbs_color":"","ocean_breadcrumbs_separator_color":"","ocean_breadcrumbs_links_color":"","ocean_breadcrumbs_links_hover_color":"","ocean_display_footer_widgets":"default","ocean_display_footer_bottom":"default","ocean_custom_footer_template":"","footnotes":""},"class_list":["post-2623","page","type-page","status-publish","hentry","entry"],"publishpress_future_action":{"enabled":false,"date":"2026-04-22 06:58:13","action":"change-status","newStatus":"draft","terms":[],"taxonomy":"","extraData":[]},"publishpress_future_workflow_manual_trigger":{"enabledWorkflows":[]},"_links":{"self":[{"href":"https:\/\/kleinbahn-deinste.de\/en\/wp-json\/wp\/v2\/pages\/2623","targetHints":{"allow":["GET"]}}],"collection":[{"href":"https:\/\/kleinbahn-deinste.de\/en\/wp-json\/wp\/v2\/pages"}],"about":[{"href":"https:\/\/kleinbahn-deinste.de\/en\/wp-json\/wp\/v2\/types\/page"}],"author":[{"embeddable":true,"href":"https:\/\/kleinbahn-deinste.de\/en\/wp-json\/wp\/v2\/users\/2"}],"replies":[{"embeddable":true,"href":"https:\/\/kleinbahn-deinste.de\/en\/wp-json\/wp\/v2\/comments?post=2623"}],"version-history":[{"count":6,"href":"https:\/\/kleinbahn-deinste.de\/en\/wp-json\/wp\/v2\/pages\/2623\/revisions"}],"predecessor-version":[{"id":4186,"href":"https:\/\/kleinbahn-deinste.de\/en\/wp-json\/wp\/v2\/pages\/2623\/revisions\/4186"}],"wp:attachment":[{"href":"https:\/\/kleinbahn-deinste.de\/en\/wp-json\/wp\/v2\/media?parent=2623"}],"curies":[{"name":"wp","href":"https:\/\/api.w.org\/{rel}","templated":true}]}}