{"id":3264,"date":"2024-08-13T14:13:44","date_gmt":"2024-08-13T14:13:44","guid":{"rendered":"https:\/\/kleinbahn-deinste.de\/?page_id=3264"},"modified":"2025-11-20T15:19:00","modified_gmt":"2025-11-20T14:19:00","slug":"impressum-2","status":"publish","type":"page","link":"https:\/\/kleinbahn-deinste.de\/en\/impressum-2\/","title":{"rendered":"Imprint"},"content":{"rendered":"<h1 class=\"wp-block-heading has-text-align-center has-black-color has-text-color has-background has-link-color eplus-wrapper wp-elements-54e13dc8500af69f01eb25cd51ee233f eplus-styles-uid-f07884\" style=\"background-color:#009933\">Imprint<\/h1>\n\n\n<p class=\"has-black-color has-text-color has-link-color has-medium-font-size eplus-wrapper wp-elements-9bb33b1b65a2ef689c40a23dcb3b08cf\"><strong>Deutsches Feld- und Kleinbahnmuseum e.V.<\/strong><br>Bahnhofstra\u00dfe 3<br>21717 Deinste<br><strong>Vereinsregister zu Tostedt:&nbsp;<\/strong>VR100181<\/p>\n\n\n<div class=\"wp-block-columns eplus-wrapper is-layout-flex wp-container-core-columns-is-layout-9d6595d7 wp-block-columns-is-layout-flex eplus-styles-uid-0c5dff\">\n<div class=\"wp-block-column eplus-wrapper is-layout-flow wp-block-column-is-layout-flow\">\n<p class=\"has-black-color has-text-color has-link-color eplus-wrapper wp-elements-06d0d6a845bb7f5751c3d3a243728d44\" style=\"font-size:17px\"><strong>Vertreten durch :<\/strong><br>Jan Reher<br>Ralph-Ludiwg Gehrke<\/p>\n<\/div>\n\n\n\n<div class=\"wp-block-column eplus-wrapper is-layout-flow wp-block-column-is-layout-flow\">\n<p class=\"has-black-color has-text-color has-link-color eplus-wrapper wp-elements-76cb8c2994b65128df33316aa157ba61\" style=\"font-size:17px\"><strong>Kontaktinformation<\/strong><br>+49 (0) 171 3607104<br>+49 (0) 160 93544848<\/p>\n<\/div>\n\n\n\n<div class=\"wp-block-column eplus-wrapper is-layout-flow wp-block-column-is-layout-flow\">\n<p class=\"has-black-color has-text-color has-link-color eplus-wrapper wp-elements-9d6b258afc06237e76a9d36b79b57934\" style=\"font-size:17px\"><br>wochentags ab 18:00 Uhr<br>wochentags ab 18:00 Uhr<\/p>\n<\/div>\n<\/div>\n\n<p class=\"has-black-color has-text-color has-link-color eplus-wrapper wp-elements-e8a3237e2bdb9f1068b24d38cb1b4ce1 eplus-styles-uid-5411d5\" style=\"font-size:17px\">Das <strong>DFKM<\/strong> ist ein <strong>gemeinn\u00fctziger Verein<\/strong> und dazu berechtigt, f\u00fcr eingehende Vereinspenden eine Spendenbescheinigung auszustellen, die sich steuermindernd f\u00fcr den Spender auswirkt. Dabei gen\u00fcgt bei <strong>Spenden bis \u20ac 300,&#8211; dem Finanzamt die Kopie Ihres Kontoauszuges<\/strong>, dar\u00fcber ist eine Bescheinigung von uns notwendig.<\/p>\n\n<p class=\"has-black-color has-text-color has-link-color eplus-wrapper wp-elements-201b5787e77915e4d8e05c2689d15422 eplus-styles-uid-271b90\" style=\"font-size:17px\">Das <strong>DFKM <\/strong>finanziert sich durch Spenden und Eintrittsgelder, und alle Mitglieder sind ehrenamtlich am Erhalt der Museumsanlage besch\u00e4ftigt. Mit Ihrer Spende tragen Sie dazu bei, den Fortbestand f\u00fcr die Zukunft zu sichern, und den Betrieb aufrecht zu erhalten. Spenden k\u00f6nnen Sie an:<\/p>\n\n<p class=\"has-black-color has-text-color has-link-color eplus-wrapper wp-elements-e56701a536f680b19051d9bad0175f87 eplus-styles-uid-dcb183\" style=\"font-size:17px\"><strong>Kreissparkasse Stade<br>IBAN: DE62241511160000898791<br>BIC: NOLADE21STK<\/strong><\/p>\n\n<p class=\"has-black-color has-text-color has-link-color eplus-wrapper wp-elements-5d334e297d607ff6289581a3de877232 eplus-styles-uid-271b90\" style=\"font-size:17px\"><strong>Alle ver\u00f6ffentlichten Medien sind urheberrechtlich gesch\u00fctzt. Eine Kopie ist nur mit Einverst\u00e4ndnis des Betreibers gestattet.<\/strong><\/p>\n\n\n<h2 class=\"wp-block-heading has-black-color has-text-color has-link-color has-medium-font-size eplus-wrapper wp-elements-80419ca7367e923ca22bc5348d22cd89\"><strong>Haftungshinweis:<\/strong><\/h2>\n\n\n\n<p class=\"has-black-color has-text-color has-link-color eplus-wrapper wp-elements-e3484f942f9ebe0f395b00cb32ad7530\" style=\"font-size:17px\"><strong>Trotz sorgf\u00e4ltiger inhaltlicher Kontrolle \u00fcbernehmen wir keine Haftung f\u00fcr die Inhalte externer Links. F\u00fcr den Inhalt der verlinkten Seiten sind ausschlie\u00dflich deren Betreiber verantwortlich.<\/strong><\/p>","protected":false},"excerpt":{"rendered":"<p>Impressum Deutsches Feld- und Kleinbahnmuseum e.V.Bahnhofstra\u00dfe 321717 DeinsteVereinsregister zu Tostedt:&nbsp;VR100181 Vertreten durch :Jan ReherRalph-Ludiwg Gehrke Kontaktinformation+49 (0) 171 3607104+49 (0) 160 93544848 wochentags ab 18:00 Uhrwochentags ab 18:00 Uhr Das DFKM ist ein gemeinn\u00fctziger Verein und dazu berechtigt, f\u00fcr eingehende Vereinspenden eine Spendenbescheinigung auszustellen, die sich steuermindernd f\u00fcr den Spender auswirkt. Dabei gen\u00fcgt bei Spenden [&hellip;]<\/p>\n","protected":false},"author":2,"featured_media":0,"parent":0,"menu_order":0,"comment_status":"closed","ping_status":"closed","template":"","meta":{"_editorskit_title_hidden":false,"_editorskit_reading_time":0,"_editorskit_is_block_options_detached":false,"_editorskit_block_options_position":"{}","_coblocks_attr":"","_coblocks_dimensions":"","_coblocks_responsive_height":"","_coblocks_accordion_ie_support":"","_eb_attr":"","editor_plus_copied_stylings":"{}","ocean_post_layout":"","ocean_both_sidebars_style":"","ocean_both_sidebars_content_width":0,"ocean_both_sidebars_sidebars_width":0,"ocean_sidebar":"","ocean_second_sidebar":"","ocean_disable_margins":"enable","ocean_add_body_class":"","ocean_shortcode_before_top_bar":"","ocean_shortcode_after_top_bar":"","ocean_shortcode_before_header":"","ocean_shortcode_after_header":"","ocean_has_shortcode":"","ocean_shortcode_after_title":"","ocean_shortcode_before_footer_widgets":"","ocean_shortcode_after_footer_widgets":"","ocean_shortcode_before_footer_bottom":"","ocean_shortcode_after_footer_bottom":"","ocean_display_top_bar":"default","ocean_display_header":"default","ocean_header_style":"","ocean_center_header_left_menu":"","ocean_custom_header_template":"","ocean_custom_logo":0,"ocean_custom_retina_logo":0,"ocean_custom_logo_max_width":0,"ocean_custom_logo_tablet_max_width":0,"ocean_custom_logo_mobile_max_width":0,"ocean_custom_logo_max_height":0,"ocean_custom_logo_tablet_max_height":0,"ocean_custom_logo_mobile_max_height":0,"ocean_header_custom_menu":"","ocean_menu_typo_font_family":"","ocean_menu_typo_font_subset":"","ocean_menu_typo_font_size":0,"ocean_menu_typo_font_size_tablet":0,"ocean_menu_typo_font_size_mobile":0,"ocean_menu_typo_font_size_unit":"px","ocean_menu_typo_font_weight":"","ocean_menu_typo_font_weight_tablet":"","ocean_menu_typo_font_weight_mobile":"","ocean_menu_typo_transform":"","ocean_menu_typo_transform_tablet":"","ocean_menu_typo_transform_mobile":"","ocean_menu_typo_line_height":0,"ocean_menu_typo_line_height_tablet":0,"ocean_menu_typo_line_height_mobile":0,"ocean_menu_typo_line_height_unit":"","ocean_menu_typo_spacing":0,"ocean_menu_typo_spacing_tablet":0,"ocean_menu_typo_spacing_mobile":0,"ocean_menu_typo_spacing_unit":"","ocean_menu_link_color":"","ocean_menu_link_color_hover":"","ocean_menu_link_color_active":"","ocean_menu_link_background":"","ocean_menu_link_hover_background":"","ocean_menu_link_active_background":"","ocean_menu_social_links_bg":"","ocean_menu_social_hover_links_bg":"","ocean_menu_social_links_color":"","ocean_menu_social_hover_links_color":"","ocean_disable_title":"default","ocean_disable_heading":"default","ocean_post_title":"","ocean_post_subheading":"","ocean_post_title_style":"","ocean_post_title_background_color":"","ocean_post_title_background":0,"ocean_post_title_bg_image_position":"","ocean_post_title_bg_image_attachment":"","ocean_post_title_bg_image_repeat":"","ocean_post_title_bg_image_size":"","ocean_post_title_height":0,"ocean_post_title_bg_overlay":0.5,"ocean_post_title_bg_overlay_color":"","ocean_disable_breadcrumbs":"default","ocean_breadcrumbs_color":"","ocean_breadcrumbs_separator_color":"","ocean_breadcrumbs_links_color":"","ocean_breadcrumbs_links_hover_color":"","ocean_display_footer_widgets":"default","ocean_display_footer_bottom":"default","ocean_custom_footer_template":"","footnotes":""},"class_list":["post-3264","page","type-page","status-publish","hentry","entry"],"publishpress_future_action":{"enabled":false,"date":"2026-04-22 10:14:40","action":"change-status","newStatus":"draft","terms":[],"taxonomy":"","extraData":[]},"publishpress_future_workflow_manual_trigger":{"enabledWorkflows":[]},"_links":{"self":[{"href":"https:\/\/kleinbahn-deinste.de\/en\/wp-json\/wp\/v2\/pages\/3264","targetHints":{"allow":["GET"]}}],"collection":[{"href":"https:\/\/kleinbahn-deinste.de\/en\/wp-json\/wp\/v2\/pages"}],"about":[{"href":"https:\/\/kleinbahn-deinste.de\/en\/wp-json\/wp\/v2\/types\/page"}],"author":[{"embeddable":true,"href":"https:\/\/kleinbahn-deinste.de\/en\/wp-json\/wp\/v2\/users\/2"}],"replies":[{"embeddable":true,"href":"https:\/\/kleinbahn-deinste.de\/en\/wp-json\/wp\/v2\/comments?post=3264"}],"version-history":[{"count":45,"href":"https:\/\/kleinbahn-deinste.de\/en\/wp-json\/wp\/v2\/pages\/3264\/revisions"}],"predecessor-version":[{"id":4870,"href":"https:\/\/kleinbahn-deinste.de\/en\/wp-json\/wp\/v2\/pages\/3264\/revisions\/4870"}],"wp:attachment":[{"href":"https:\/\/kleinbahn-deinste.de\/en\/wp-json\/wp\/v2\/media?parent=3264"}],"curies":[{"name":"wp","href":"https:\/\/api.w.org\/{rel}","templated":true}]}}