{"id":3277,"date":"2024-08-13T14:32:04","date_gmt":"2024-08-13T14:32:04","guid":{"rendered":"https:\/\/kleinbahn-deinste.de\/?page_id=3277"},"modified":"2025-11-17T12:33:39","modified_gmt":"2025-11-17T11:33:39","slug":"datenschutz","status":"publish","type":"page","link":"https:\/\/kleinbahn-deinste.de\/en\/datenschutz\/","title":{"rendered":"Privacy Policy"},"content":{"rendered":"<h1 class=\"wp-block-heading has-text-align-center has-black-color has-text-color has-background has-link-color eplus-wrapper wp-elements-7d15ed005b2f77db318d28dc3e29c56b eplus-styles-uid-f07884\" style=\"background-color:#009933\">Privacy Policy<\/h1>\n\n\n<h2 class=\"wp-block-heading has-black-color has-text-color has-link-color eplus-wrapper wp-elements-413b40aa85ff9f999ef0f73c9cdb64d9\"><strong>Datenschutzhinweise gem\u00e4\u00df Art. 13 DSGVO<\/strong><\/h2>\n\n\n\n<p class=\"has-black-color has-text-color has-link-color eplus-wrapper wp-elements-0e43c3ec9ac26f7d21c02a4944d6ebb8\"><strong>Verantwortliche Stelle<\/strong><\/p>\n\n\n\n<p class=\"has-black-color has-text-color has-link-color eplus-wrapper wp-elements-2addb0b202e28c3aad0f98a10a8a43b3\">Deutsches Feld- und Kleinbahnmuseum e. V.<br>Bahnhofstr. 3<br><strong>21717 Deinste<\/strong><br>0171 3607104<br><a href=\"mailto:info@kleinbahn-deinste.de\">info@kleinbahn-deinste.de<\/a><\/p>\n\n\n\n<p class=\"has-black-color has-text-color has-link-color eplus-wrapper wp-elements-ddbf7d9f440a3db583a1ef9afed99035\">Bei Fragen zum Datenschutz stehen wir Ihnen unter der oben angegebenen postalischen Anschrift zur Verf\u00fcgung.<\/p>\n\n\n\n<h2 class=\"wp-block-heading eplus-wrapper\"><strong> Erhebung und Speicherung personenbezogener Daten<\/strong><\/h2>\n\n\n\n<p class=\"eplus-wrapper\">Beim Aufrufen unserer Webseite werden durch den auf Ihrem Endger\u00e4t zum Einsatz kommenden Browser automatisch Informationen an den Server unserer Webseite gesendet. Diese Information wird tempor\u00e4r in einem Logfile bei unser Service Provider IONOS gespeichert. Die folgenden Information wird bis zur automatischen L\u00f6schung erfasst:<\/p>\n\n\n<ul class=\"wp-block-list eplus-wrapper eplus-styles-uid-4973be\">\n<li class=\"eplus-wrapper\">IP Adresse des abfragenden Rechners<\/li>\n\n\n\n<li class=\"eplus-wrapper\">Datum, Uhrzeit<\/li>\n\n\n\n<li class=\"eplus-wrapper\">Name und URL der aufgerufenen Dateien<\/li>\n\n\n\n<li class=\"eplus-wrapper\">Webseite von der aus der Zugriff erfolgt<\/li>\n\n\n\n<li class=\"eplus-wrapper\">Browser, Betriebssystem des Rechners<\/li>\n<\/ul>\n\n\n<p class=\"eplus-wrapper\">Die genannten Daten werden durch unseren Service Provider zu folgenden Zwecken verarbeitet:<\/p>\n\n\n<ul class=\"wp-block-list eplus-wrapper eplus-styles-uid-18de3a\">\n<li class=\"eplus-wrapper\">Gew\u00e4hrleistung einer reibungslosen Verbindung zur Webseite<\/li>\n\n\n\n<li class=\"eplus-wrapper\">Auswertung der Systemsicherheit und -stabilit\u00e4t<\/li>\n\n\n\n<li class=\"eplus-wrapper\">weitere administrative Zwecke<\/li>\n<\/ul>\n\n\n<p class=\"eplus-wrapper\">Die Rechtsgrundlage f\u00fcr die Datenverarbeitung ist Art. 6 Abs. 1 lit. F DSGVO. Unser berechtigtes Interesse folgt aus oben aufgelisteten Zwecken zur Datenerhebung. In keinem Fall verwenden wir die erhobenen Daten zum Zweck R\u00fcckschl\u00fcsse auf Ihre Person zu ziehen.<\/p>\n\n\n\n<p class=\"eplus-wrapper\">Die Logfiles bleiben nur f\u00fcr einige Tage bis Wochen gespeichert und werden anschlie\u00dfend automatisch gel\u00f6scht.<\/p>\n\n\n\n<p class=\"eplus-wrapper\">F\u00fcr das Hosting unserer Webseite verwenden wir WordPress.<\/p>\n\n\n\n<h2 class=\"wp-block-heading eplus-wrapper\"> <strong>Weitergabe von Daten<\/strong><\/h2>\n\n\n\n<p class=\"eplus-wrapper\">Eine \u00dcbermittlung Ihrer pers\u00f6nlichen Daten an Dritte zu anderen als den im folgenden aufgef\u00fchrten Zweck findet nicht statt.<\/p>\n\n\n\n<p class=\"eplus-wrapper\">Wir geben Ihre Daten nur an Dritte weiter wenn:<\/p>\n\n\n<ul class=\"wp-block-list eplus-wrapper eplus-styles-uid-45f0bd\">\n<li class=\"eplus-wrapper\">Sie Ihre nach Art. 6 Abs. 1 S. 1 lit. a DSGVO ausdr\u00fcckliche Einwilligung dazu erteilt haben.<\/li>\n\n\n\n<li class=\"eplus-wrapper\">F\u00fcr den Fall, dass f\u00fcr die Weitergabe nach Art. 6 Abs. 1 S. 1 lit. C DSGVO eine gesetztliche Verpflichtung besteht.<\/li>\n\n\n\n<li class=\"eplus-wrapper\">Wenn es gesetzlich zul\u00e4ssig und nach Art. 6 Abs. 1 S. 1 lit. b DSGVO d\u00fcr die Abwicklung von etwaigen Vertragsverh\u00e4ltnissen mit Ihnen bzw. f\u00fcr Ihre etwaige Mitgliedschaft erforderlich ist.<\/li>\n<\/ul>\n\n\n<h2 class=\"wp-block-heading eplus-wrapper\"> <strong>Cookie und Management externe Dienste<\/strong><\/h2>\n\n\n\n<p class=\"eplus-wrapper\">Zur Verwaltung der eingesetzten Cookies und \u00e4hnlichen Technologien (Tracking-Pixel, Web-Beacons etc.) und diesbez\u00fcglicher Einwilligungen setzen wir das Consent Tool \u201eReal Cookie Banner\u201c ein. Details zur Funktionsweise von \u201eReal Cookie Banner\u201c finden Sie unter <a href=\"https:\/\/devowl.io\/de\/rcb\/datenverarbeitung\/\" target=\"_blank\" rel=\"noreferrer noopener\">https:\/\/devowl.io\/de\/rcb\/datenverarbeitung\/<\/a>.<\/p>\n\n\n\n<p class=\"eplus-wrapper\">Rechtsgrundlagen f\u00fcr die Verarbeitung von personenbezogenen Daten in diesem Zusammenhang sind Art. 6 Abs. 1 lit. c DS-GVO und Art. 6 Abs. 1 lit. f DS-GVO. Unser berechtigtes Interesse ist die Verwaltung der eingesetzten Cookies und \u00e4hnlichen Technologien und der diesbez\u00fcglichen Einwilligungen.<\/p>\n\n\n\n<p class=\"eplus-wrapper\"><strong>Die Bereitstellung der personenbezogenen Daten bedarf Ihrer Einwilligung. Sie sind nicht verpflichtet die personenbezogenen Daten bereitzustellen. Wenn Sie die personenbezogenen Daten nicht bereitstellen, k\u00f6nnen wir Ihre Einwilligungen nicht verwalten.<\/strong><\/p>\n\n\n\n<h2 class=\"wp-block-heading eplus-wrapper\"><a><\/a> <strong>Datenverarbeitung im Rahmen unserer Vereinsarbeit<\/strong><\/h2>\n\n\n\n<h3 class=\"wp-block-heading eplus-wrapper\"> <strong>Mitgliederverwaltung<\/strong><\/h3>\n\n\n\n<p class=\"eplus-wrapper\">Mitgliedsdaten (Name, Vorname, Geburtsdatum, Wohnort, Telefonnr., Bankverbindung, Mailverbindung) werden von den jeweiligen Funktionstr\u00e4ger:innen unseres Vereins nur f\u00fcr die ihnen zugeordnete Aufgabenerf\u00fcllung verarbeitet. Im Einzelnen bedeutet dies:<\/p>\n\n\n<ul class=\"wp-block-list eplus-wrapper eplus-styles-uid-38d163\">\n<li class=\"eplus-wrapper\">Wenn der\u00a0Vorstand\u00a0Mitgliedsdaten ben\u00f6tigt, um seine Aufgaben zu erledigen, darf er auf alle hierf\u00fcr erforderlichen Mitgliedsdaten zugreifen. Dazu geh\u00f6rt insbesondere Abbuchung des Mitgliedbeitrages, Unterrichtung, Information und Kontakt \u00fcber E-Mail, sowie Telefonkontakt.<\/li>\n\n\n\n<li class=\"eplus-wrapper\">Der\/die Kassenwart:in verarbeitet die Mitgliedsdaten, die f\u00fcr den Einzug der Mitgliedsbeitr\u00e4ge, der\/die\u00a0Kassenpr\u00fcfer:in\u00a0verarbeitet die Mitgliedsdaten, die f\u00fcr die Kassenpr\u00fcfung relevant sind. Dies sind Vorname, Nachname, postalische Anschrift und Bankverbindung mit Zahlungsdaten, sowie ggf. Zugriff auf die Lastschriftverfahrensgenehmigung inklusive Unterschrift, sofern das Mitglied dem Verein ein Lastschriftmandat erteilt hat.<\/li>\n\n\n\n<li class=\"eplus-wrapper\">Die\u00a0Vereinsgesch\u00e4ftsstelle\u00a0verarbeitet die Mitgliedsdaten zur Mitgliedsverwaltung und -betreuung.<\/li>\n<\/ul>\n\n\n<p class=\"eplus-wrapper\">Zweck f\u00fcr die Verarbeitung der Mitgliedsdaten ist die Verfolgung des Vereinszwecks und die -verwaltung. Rechtsgrundlage ist die Vereinsmitgliedschaft (Artikel 6 Absatz 1 b) DSGVO).<\/p>\n\n\n\n<p class=\"eplus-wrapper\">Die aktuellen Mitgliedsdaten werden f\u00fcr die Dauer der Mitgliedschaft und dar\u00fcber hinaus f\u00fcr Finanzamt Berufsgenossenschaft gespeichert.<\/p>\n\n\n\n<h3 class=\"wp-block-heading eplus-wrapper\"> <strong>Fotos bei Veranstaltungen<\/strong><\/h3>\n\n\n\n<p class=\"eplus-wrapper\">Fotos und Filme \u00fcber unser Vereinsgeschehen werden zum Zweck der Au\u00dfendarstellung auf unserer Webseite ver\u00f6ffentlicht.<br>F\u00fcr die Ver\u00f6ffentlichung folgender Fotos und Filme von Erwachsenen auf unserer Webseite ist die Rechtsgrundlage das nachfolgend beschriebene berechtigte Interesse unseres Vereins nach Artikel 6 Absatz 1 Satz 1 f) DSGVO:<\/p>\n\n\n<ul class=\"wp-block-list eplus-wrapper eplus-styles-uid-af39f8\">\n<li class=\"eplus-wrapper\">Fotos und Filme aufgrund unseres berechtigten Interesses, \u00fcber das Vereinsgeschehen (hier: vorf\u00fchren beim Verfahren und pr\u00e4sentieren von historischem Feldbahnmaterial, sowie Reparatur und Restauration) zu informieren,<\/li>\n\n\n\n<li class=\"eplus-wrapper\">Fotos und Filme mit Bezug zur Instandhaltung der Vereinsanlage aufgrund unseres berechtigten Interesses, \u00fcber das Geschehen zu berichten,<\/li>\n\n\n\n<li class=\"eplus-wrapper\">Fotos und Filme vom Publikum, das an der Veranstaltung teilgenommen hat oder Fotos, auf denen die Personen nur als Beiwerk erscheinen, aufgrund unseres berechtigten Interesses, \u00fcber die Veranstaltung und deren Erfolg zu berichten.<\/li>\n<\/ul>\n\n\n<p class=\"eplus-wrapper\">Sie haben die M\u00f6glichkeit, der Verwendung eines solchen Fotos und Filmes, auf dem Sie zu sehen sind, gem\u00e4\u00df Artikel 21 Absatz 1 DSGVO zu widersprechen. Der Verein wird pr\u00fcfen, ob es zwingende schutzw\u00fcrdige Gr\u00fcnde f\u00fcr die Verarbeitung gibt, die Ihre Interessen, Rechte und Freiheiten \u00fcberwiegen. Wenn nicht, wird das entsprechende Foto und Film gel\u00f6scht.<\/p>\n\n\n\n<p class=\"eplus-wrapper\">Fotos von minderj\u00e4hrigen Vereinsmitgliedern oder Kindern aus dem Publikum ver\u00f6ffentlichen wir nur, wenn die Erziehungsberechtigten nach Artikel 6 Absatz 1 Satz 1 a) DSGVO eingewilligt haben. Diese Einwilligung kann jederzeit f\u00fcr die Zukunft widerrufen werden.<\/p>\n\n\n\n<h3 class=\"wp-block-heading eplus-wrapper\"> <strong>Abonnement unseres Newsletter<\/strong><\/h3>\n\n\n\n<p class=\"eplus-wrapper\">Wenn Sie unseren&nbsp;Newsletter&nbsp;abonniert haben, verwenden wir Ihre E-Mail-Adresse, um Ihnen regelm\u00e4\u00dfig den Newsletter zuzusenden und Sie mit Wissenswertem \u00fcber den Verein zu versorgen. Die Rechtsgrundlage f\u00fcr den Newsletter-Versand ist Ihre Einwilligung (Artikel 6 Absatz 1 Satz 1 a) DSGVO). Die Einwilligung k\u00f6nnen Sie jederzeit widerrufen, um den Newsletter nicht weiter zu bekommen. Dazu k\u00f6nnen Sie uns anschreiben per Mail an info@kleinbahn-deinste.de oder per Post.<br>Die E-Mail- Adresse, die Sie f\u00fcr den Versand des Newsletters angegeben haben, wird<br>gel\u00f6scht, sobald Sie Ihre Einwilligung in den Newsletter widerrufen, es sei denn, dass diese E-Mail-Adresse auch f\u00fcr andere Kommunikation als zum Newletter-Versand zwischen dem Verein und Ihnen verwendet wird.<\/p>\n\n\n\n<h2 class=\"wp-block-heading eplus-wrapper\"><strong>Betroffenenrechte<\/strong><\/h2>\n\n\n\n<p class=\"eplus-wrapper\">Wenn wir personenbezogene Daten von Ihnen verarbeiten, haben Sie folgende Betroffenenrechte:<\/p>\n\n\n<ul class=\"wp-block-list eplus-wrapper eplus-styles-uid-049dc6\">\n<li class=\"eplus-wrapper\">ein Recht auf Auskunft \u00fcber die verarbeiteten Daten und auf Kopie,<\/li>\n\n\n\n<li class=\"eplus-wrapper\">ein Berichtigungsrecht, wenn wir falsche Daten \u00fcber Sie verarbeiten,<\/li>\n\n\n\n<li class=\"eplus-wrapper\">ein Recht auf L\u00f6schung, es sei denn, dass noch Ausnahmen greifen, warum wir die Daten noch speichern, also zum Beispiel Aufbewahrungspflichten oder Verj\u00e4hrungsfristen<\/li>\n\n\n\n<li class=\"eplus-wrapper\">ein Recht auf Einschr\u00e4nkung der Verarbeitung,<\/li>\n\n\n\n<li class=\"eplus-wrapper\">ein jederzeitiges Recht, Einwilligungen in die Datenverarbeitung zu widerrufen,<\/li>\n\n\n\n<li class=\"eplus-wrapper\">ein Widerspruchsrecht gegen eine Verarbeitung im \u00f6ffentlichen oder bei berechtigtem Interesse,<\/li>\n\n\n\n<li class=\"eplus-wrapper\">ein Recht auf Daten\u00fcbertragbarkeit,<\/li>\n\n\n\n<li class=\"eplus-wrapper\">ein Beschwerderecht bei einer Datenschutz-Aufsichtsbeh\u00f6rde, wenn Sie finden, dass wir Ihre Daten nicht ordnungsgem\u00e4\u00df verarbeiten. F\u00fcr unseren Verein ist die Landesbeauftragte f\u00fcr den Datenschutz Niedersachsen zust\u00e4ndig. Wenn Sie sich in einem anderen Bundesland oder nicht in Deutschland aufhalten, k\u00f6nnen Sie sich aber auch an die dortige Datenschutzbeh\u00f6rde wenden.<\/li>\n<\/ul>","protected":false},"excerpt":{"rendered":"<p>Datenschutz Datenschutzhinweise gem\u00e4\u00df Art. 13 DSGVO Verantwortliche Stelle Deutsches Feld- und Kleinbahnmuseum e. V.Bahnhofstr. 321717 Deinste0171 3607104info@kleinbahn-deinste.de Bei Fragen zum Datenschutz stehen wir Ihnen unter der oben angegebenen postalischen Anschrift zur Verf\u00fcgung. Erhebung und Speicherung personenbezogener Daten Beim Aufrufen unserer Webseite werden durch den auf Ihrem Endger\u00e4t zum Einsatz kommenden Browser automatisch Informationen an den [&hellip;]<\/p>\n","protected":false},"author":2,"featured_media":0,"parent":0,"menu_order":0,"comment_status":"closed","ping_status":"closed","template":"","meta":{"_editorskit_title_hidden":false,"_editorskit_reading_time":0,"_editorskit_is_block_options_detached":false,"_editorskit_block_options_position":"{}","_coblocks_attr":"","_coblocks_dimensions":"","_coblocks_responsive_height":"","_coblocks_accordion_ie_support":"","_eb_attr":"","editor_plus_copied_stylings":"{}","ocean_post_layout":"","ocean_both_sidebars_style":"","ocean_both_sidebars_content_width":0,"ocean_both_sidebars_sidebars_width":0,"ocean_sidebar":"","ocean_second_sidebar":"","ocean_disable_margins":"enable","ocean_add_body_class":"","ocean_shortcode_before_top_bar":"","ocean_shortcode_after_top_bar":"","ocean_shortcode_before_header":"","ocean_shortcode_after_header":"","ocean_has_shortcode":"","ocean_shortcode_after_title":"","ocean_shortcode_before_footer_widgets":"","ocean_shortcode_after_footer_widgets":"","ocean_shortcode_before_footer_bottom":"","ocean_shortcode_after_footer_bottom":"","ocean_display_top_bar":"default","ocean_display_header":"default","ocean_header_style":"","ocean_center_header_left_menu":"","ocean_custom_header_template":"","ocean_custom_logo":0,"ocean_custom_retina_logo":0,"ocean_custom_logo_max_width":0,"ocean_custom_logo_tablet_max_width":0,"ocean_custom_logo_mobile_max_width":0,"ocean_custom_logo_max_height":0,"ocean_custom_logo_tablet_max_height":0,"ocean_custom_logo_mobile_max_height":0,"ocean_header_custom_menu":"","ocean_menu_typo_font_family":"","ocean_menu_typo_font_subset":"","ocean_menu_typo_font_size":0,"ocean_menu_typo_font_size_tablet":0,"ocean_menu_typo_font_size_mobile":0,"ocean_menu_typo_font_size_unit":"px","ocean_menu_typo_font_weight":"","ocean_menu_typo_font_weight_tablet":"","ocean_menu_typo_font_weight_mobile":"","ocean_menu_typo_transform":"","ocean_menu_typo_transform_tablet":"","ocean_menu_typo_transform_mobile":"","ocean_menu_typo_line_height":0,"ocean_menu_typo_line_height_tablet":0,"ocean_menu_typo_line_height_mobile":0,"ocean_menu_typo_line_height_unit":"","ocean_menu_typo_spacing":0,"ocean_menu_typo_spacing_tablet":0,"ocean_menu_typo_spacing_mobile":0,"ocean_menu_typo_spacing_unit":"","ocean_menu_link_color":"","ocean_menu_link_color_hover":"","ocean_menu_link_color_active":"","ocean_menu_link_background":"","ocean_menu_link_hover_background":"","ocean_menu_link_active_background":"","ocean_menu_social_links_bg":"","ocean_menu_social_hover_links_bg":"","ocean_menu_social_links_color":"","ocean_menu_social_hover_links_color":"","ocean_disable_title":"default","ocean_disable_heading":"default","ocean_post_title":"","ocean_post_subheading":"","ocean_post_title_style":"","ocean_post_title_background_color":"","ocean_post_title_background":0,"ocean_post_title_bg_image_position":"","ocean_post_title_bg_image_attachment":"","ocean_post_title_bg_image_repeat":"","ocean_post_title_bg_image_size":"","ocean_post_title_height":0,"ocean_post_title_bg_overlay":0.5,"ocean_post_title_bg_overlay_color":"","ocean_disable_breadcrumbs":"default","ocean_breadcrumbs_color":"","ocean_breadcrumbs_separator_color":"","ocean_breadcrumbs_links_color":"","ocean_breadcrumbs_links_hover_color":"","ocean_display_footer_widgets":"default","ocean_display_footer_bottom":"default","ocean_custom_footer_template":"","footnotes":""},"class_list":["post-3277","page","type-page","status-publish","hentry","entry"],"publishpress_future_action":{"enabled":false,"date":"2026-04-22 08:25:03","action":"change-status","newStatus":"draft","terms":[],"taxonomy":"","extraData":[]},"publishpress_future_workflow_manual_trigger":{"enabledWorkflows":[]},"_links":{"self":[{"href":"https:\/\/kleinbahn-deinste.de\/en\/wp-json\/wp\/v2\/pages\/3277","targetHints":{"allow":["GET"]}}],"collection":[{"href":"https:\/\/kleinbahn-deinste.de\/en\/wp-json\/wp\/v2\/pages"}],"about":[{"href":"https:\/\/kleinbahn-deinste.de\/en\/wp-json\/wp\/v2\/types\/page"}],"author":[{"embeddable":true,"href":"https:\/\/kleinbahn-deinste.de\/en\/wp-json\/wp\/v2\/users\/2"}],"replies":[{"embeddable":true,"href":"https:\/\/kleinbahn-deinste.de\/en\/wp-json\/wp\/v2\/comments?post=3277"}],"version-history":[{"count":6,"href":"https:\/\/kleinbahn-deinste.de\/en\/wp-json\/wp\/v2\/pages\/3277\/revisions"}],"predecessor-version":[{"id":4853,"href":"https:\/\/kleinbahn-deinste.de\/en\/wp-json\/wp\/v2\/pages\/3277\/revisions\/4853"}],"wp:attachment":[{"href":"https:\/\/kleinbahn-deinste.de\/en\/wp-json\/wp\/v2\/media?parent=3277"}],"curies":[{"name":"wp","href":"https:\/\/api.w.org\/{rel}","templated":true}]}}