{"id":4349,"date":"2025-07-14T18:14:30","date_gmt":"2025-07-14T16:14:30","guid":{"rendered":"https:\/\/kleinbahn-deinste.de\/?page_id=4349"},"modified":"2025-07-16T15:44:28","modified_gmt":"2025-07-16T13:44:28","slug":"besucherordnung","status":"publish","type":"page","link":"https:\/\/kleinbahn-deinste.de\/en\/besucherordnung\/","title":{"rendered":"Visitor rules"},"content":{"rendered":"<h1 class=\"wp-block-heading has-text-align-center has-background eplus-wrapper eplus-styles-uid-f07884\" style=\"background-color:#009900\">Visitor rules<\/h1>\n\n\n<figure class=\"wp-block-image size-full eplus-wrapper\"><img loading=\"lazy\" decoding=\"async\" width=\"937\" height=\"300\" src=\"https:\/\/kleinbahn-deinste.de\/wp-content\/uploads\/2024\/11\/Logooldstyle.jpg\" alt=\"\" class=\"wp-image-3795\" srcset=\"https:\/\/kleinbahn-deinste.de\/wp-content\/uploads\/2024\/11\/Logooldstyle.jpg 937w, https:\/\/kleinbahn-deinste.de\/wp-content\/uploads\/2024\/11\/Logooldstyle-300x96.jpg 300w, https:\/\/kleinbahn-deinste.de\/wp-content\/uploads\/2024\/11\/Logooldstyle-768x246.jpg 768w, https:\/\/kleinbahn-deinste.de\/wp-content\/uploads\/2024\/11\/Logooldstyle-50x16.jpg 50w, https:\/\/kleinbahn-deinste.de\/wp-content\/uploads\/2024\/11\/Logooldstyle-18x6.jpg 18w\" sizes=\"auto, (max-width: 937px) 100vw, 937px\" \/><\/figure>\n\n\n\n<p class=\"has-black-color has-text-color has-link-color eplus-wrapper wp-elements-fbee67a906fc0d806432bb1249e50e64\" style=\"font-size:17px\">The Deutsche Feld- und Kleinbahnmuseum e.V. (DFKM) is a private non-profit organisation. It operates a museum that collects and preserves vehicles of the field railway gauge (600 mm) and - where operational - shows them to visitors and invites them to take a ride. The collection of other exhibits is partly displayed in the L\u00fctjenkamp field barn.<\/p>\n\n\n\n<p class=\"is-style-default has-text-align-center has-vivid-red-color has-text-color has-link-color has-medium-font-size eplus-wrapper wp-elements-09f08c81138c82e806070cabdfee53fc\"><strong>Please observe the following visitor regulations: <\/strong><strong>!<\/strong><\/p>\n\n\n<ol class=\"wp-block-list eplus-wrapper eplus-styles-uid-0a6978\">\n<li class=\"has-black-color has-text-color has-link-color eplus-wrapper wp-elements-7d105dc23f90d3be1243e27b08701528\" style=\"font-size:17px\">The instructions of our staff must be followed. In the event of non-compliance, the DFKM will not be liable and may revoke your access to the premises of the museum.<\/li>\n\n\n\n<li class=\"has-black-color has-text-color has-link-color eplus-wrapper wp-elements-e5ae1e8760c38baca2a4757862daf124 translation-block\" style=\"font-size:17px\">Only enter the site and cross the tracks at the designated<\/strong> points. Entering fenced-off areas, walking in the track areas and on the rail heads (<strong> risk of slipping, risk of injury<\/strong>) is not permitted. <strong> Only authorised personnel<\/strong> shall operate the equipment (railway swithces, couplings, brakes, etc.) ! Visitors are liable for any damage and expenses caused by them.<\/li>\n\n\n\n<li class=\"has-black-color has-text-color has-link-color eplus-wrapper wp-elements-b8b7b9409fc3d2bf45fdf1950d0e704f\" style=\"font-size:17px\">Children are only permitted to enter our museum and vehicles when accompanied by adults who are liable within the scope of their supervisory duties.<\/li>\n\n\n\n<li class=\"has-black-color has-text-color has-link-color eplus-wrapper wp-elements-69f407593d70b8cdcac88b48a28c7f84\" style=\"font-size:17px\">An admission ticket must be purchased when entering the museum premises (issued in the form of a historical ticket). Admission tickets can entitle the holder to one or more rides during the demonstration of our museum vehicles, as season tickets with different durations, and can also be issued as group tickets. Further details can be found in the current price list at the ticket office.<\/li>\n\n\n\n<li class=\"has-black-color has-text-color has-link-color eplus-wrapper wp-elements-1b6ac2654ff4641beb5497d468178d9b\" style=\"font-size:17px\">Photography for private purposes is permitted on our premises. The personal rights of other visitors must be respected.<\/li>\n<\/ol>\n\n\n<p class=\"has-black-color has-text-color has-link-color eplus-wrapper wp-elements-3a3f57b902abd16ba3ccabbf885bc6ad\" style=\"font-size:17px\">Prior authorisation must be obtained from the DFKM for commercial photography and filming.<\/p>\n\n\n\n<p class=\"has-black-color has-text-color has-link-color eplus-wrapper wp-elements-e6a5684976f0dd70a4b20ec38fac956b\" style=\"font-size:17px\">We are not liable for any soiling\/staining or damage to visitors' clothing that may occur in the course of normal museum operations.<\/p>\n\n\n\n<p class=\"has-black-color has-text-color has-link-color eplus-wrapper wp-elements-fbca4f78197e041290a4ea97cc0975cd\" style=\"font-size:17px\">The parking of motor vehicles on the DFKM premises is only permitted in the designated areas on Bahnhofstrasse and the adjacent loading road.<\/p>\n\n\n\n<p class=\"has-black-color has-text-color has-link-color eplus-wrapper wp-elements-cc117d3fdaf32dccac294bf54f398eb1\" style=\"font-size:17px\">Deinste, 10 July 2025<\/p>\n\n\n\n<p class=\"has-black-color has-text-color has-link-color eplus-wrapper wp-elements-09dcf112bf625edd02e3e66622aec550\" style=\"font-size:18px\"><strong>Management of DFKM<\/strong><\/p>\n\n\n\n<p class=\"eplus-wrapper\"><\/p>","protected":false},"excerpt":{"rendered":"<p>Besucherordnung Das Deutsche Feld- und Kleinbahnmuseum e.V. (DFKM) ist ein privatrechtlicher, gemeinn\u00fctziger Verein. Er betreibt ein Museum, das Fahrzeuge der Feldbahnspurweite (600 mm) sammelt und erhalten will und sie \u2013 soweit betriebsf\u00e4hig \u2013 Besuchern vorf\u00fchrt und zur Mitfahrt einl\u00e4dt. Die Sammlung weiterer Exponate ist teilweise in der Feldscheune L\u00fctjenkamp ausgestellt. Bitte beachten Sie unbedingt die [&hellip;]<\/p>\n","protected":false},"author":2,"featured_media":0,"parent":0,"menu_order":0,"comment_status":"closed","ping_status":"closed","template":"","meta":{"_editorskit_title_hidden":true,"_editorskit_reading_time":0,"_editorskit_is_block_options_detached":false,"_editorskit_block_options_position":"{}","_coblocks_attr":"","_coblocks_dimensions":"","_coblocks_responsive_height":"","_coblocks_accordion_ie_support":"","_eb_attr":"","editor_plus_copied_stylings":"{}","ocean_post_layout":"","ocean_both_sidebars_style":"","ocean_both_sidebars_content_width":0,"ocean_both_sidebars_sidebars_width":0,"ocean_sidebar":"","ocean_second_sidebar":"","ocean_disable_margins":"enable","ocean_add_body_class":"","ocean_shortcode_before_top_bar":"","ocean_shortcode_after_top_bar":"","ocean_shortcode_before_header":"","ocean_shortcode_after_header":"","ocean_has_shortcode":"","ocean_shortcode_after_title":"","ocean_shortcode_before_footer_widgets":"","ocean_shortcode_after_footer_widgets":"","ocean_shortcode_before_footer_bottom":"","ocean_shortcode_after_footer_bottom":"","ocean_display_top_bar":"default","ocean_display_header":"default","ocean_header_style":"","ocean_center_header_left_menu":"","ocean_custom_header_template":"","ocean_custom_logo":0,"ocean_custom_retina_logo":0,"ocean_custom_logo_max_width":0,"ocean_custom_logo_tablet_max_width":0,"ocean_custom_logo_mobile_max_width":0,"ocean_custom_logo_max_height":0,"ocean_custom_logo_tablet_max_height":0,"ocean_custom_logo_mobile_max_height":0,"ocean_header_custom_menu":"","ocean_menu_typo_font_family":"","ocean_menu_typo_font_subset":"","ocean_menu_typo_font_size":0,"ocean_menu_typo_font_size_tablet":0,"ocean_menu_typo_font_size_mobile":0,"ocean_menu_typo_font_size_unit":"px","ocean_menu_typo_font_weight":"","ocean_menu_typo_font_weight_tablet":"","ocean_menu_typo_font_weight_mobile":"","ocean_menu_typo_transform":"","ocean_menu_typo_transform_tablet":"","ocean_menu_typo_transform_mobile":"","ocean_menu_typo_line_height":0,"ocean_menu_typo_line_height_tablet":0,"ocean_menu_typo_line_height_mobile":0,"ocean_menu_typo_line_height_unit":"","ocean_menu_typo_spacing":0,"ocean_menu_typo_spacing_tablet":0,"ocean_menu_typo_spacing_mobile":0,"ocean_menu_typo_spacing_unit":"","ocean_menu_link_color":"","ocean_menu_link_color_hover":"","ocean_menu_link_color_active":"","ocean_menu_link_background":"","ocean_menu_link_hover_background":"","ocean_menu_link_active_background":"","ocean_menu_social_links_bg":"","ocean_menu_social_hover_links_bg":"","ocean_menu_social_links_color":"","ocean_menu_social_hover_links_color":"","ocean_disable_title":"default","ocean_disable_heading":"default","ocean_post_title":"","ocean_post_subheading":"","ocean_post_title_style":"","ocean_post_title_background_color":"","ocean_post_title_background":0,"ocean_post_title_bg_image_position":"","ocean_post_title_bg_image_attachment":"","ocean_post_title_bg_image_repeat":"","ocean_post_title_bg_image_size":"","ocean_post_title_height":0,"ocean_post_title_bg_overlay":0.5,"ocean_post_title_bg_overlay_color":"","ocean_disable_breadcrumbs":"default","ocean_breadcrumbs_color":"","ocean_breadcrumbs_separator_color":"","ocean_breadcrumbs_links_color":"","ocean_breadcrumbs_links_hover_color":"","ocean_display_footer_widgets":"default","ocean_display_footer_bottom":"default","ocean_custom_footer_template":"","footnotes":""},"class_list":["post-4349","page","type-page","status-publish","hentry","entry"],"publishpress_future_action":{"enabled":false,"date":"2026-04-22 10:20:47","action":"change-status","newStatus":"draft","terms":[],"taxonomy":"","extraData":[]},"publishpress_future_workflow_manual_trigger":{"enabledWorkflows":[]},"_links":{"self":[{"href":"https:\/\/kleinbahn-deinste.de\/en\/wp-json\/wp\/v2\/pages\/4349","targetHints":{"allow":["GET"]}}],"collection":[{"href":"https:\/\/kleinbahn-deinste.de\/en\/wp-json\/wp\/v2\/pages"}],"about":[{"href":"https:\/\/kleinbahn-deinste.de\/en\/wp-json\/wp\/v2\/types\/page"}],"author":[{"embeddable":true,"href":"https:\/\/kleinbahn-deinste.de\/en\/wp-json\/wp\/v2\/users\/2"}],"replies":[{"embeddable":true,"href":"https:\/\/kleinbahn-deinste.de\/en\/wp-json\/wp\/v2\/comments?post=4349"}],"version-history":[{"count":12,"href":"https:\/\/kleinbahn-deinste.de\/en\/wp-json\/wp\/v2\/pages\/4349\/revisions"}],"predecessor-version":[{"id":4366,"href":"https:\/\/kleinbahn-deinste.de\/en\/wp-json\/wp\/v2\/pages\/4349\/revisions\/4366"}],"wp:attachment":[{"href":"https:\/\/kleinbahn-deinste.de\/en\/wp-json\/wp\/v2\/media?parent=4349"}],"curies":[{"name":"wp","href":"https:\/\/api.w.org\/{rel}","templated":true}]}}